{"id":417,"date":"2024-02-16T08:14:19","date_gmt":"2024-02-16T07:14:19","guid":{"rendered":"https:\/\/eager-benz.45-82-188-209.plesk.page\/product\/flitser-prisma-voor-ys-d3-50127\/"},"modified":"2024-04-18T11:52:53","modified_gmt":"2024-04-18T09:52:53","slug":"flitser-prisma-voor-ys-d3","status":"publish","type":"product","link":"https:\/\/seaandsea.eu\/fi\/tuote\/salamaprisma-ys-d3lle\/","title":{"rendered":"Salamaprisma YS-D3:lle"},"content":{"rendered":"","protected":false},"excerpt":{"rendered":"<p><strong>Salamaprisma YS-D3:een<br \/>\nTuotenro 50127<\/strong><\/p>\n<p>Ohjaa YS-D3:a t\u00e4m\u00e4n optisen ohjaimen avulla. Vedenalaisen salaman prisma on sijoitettu optisen kaapelin liit\u00e4nt\u00e4\u00e4n vedenalaisen salaman etupuolelle\/pohjalle. T\u00e4m\u00e4 lis\u00e4varuste sopii k\u00e4ytett\u00e4v\u00e4ksi, kun salamalaitetta k\u00e4ytet\u00e4\u00e4n veden alla kiinte\u00e4ss\u00e4 asennossa, kaukana kamerasta. N\u00e4in voidaan k\u00e4ytt\u00e4\u00e4 alkuper\u00e4isi\u00e4 valotuksia ja useita salamalaitteita samanaikaisesti. Ulkoinen salama, jota ohjataan suoraan kamerasta, on edelleen tarpeen, kun sit\u00e4 k\u00e4ytet\u00e4\u00e4n. Salamaprisma on kohdistettava tarkasti, jotta salama voidaan laukaista ulkoista valonl\u00e4hdett\u00e4 k\u00e4ytt\u00e4en. Harjoittelua tarvitaan.<\/p>","protected":false},"featured_media":418,"comment_status":"closed","ping_status":"closed","template":"","meta":{"_acf_changed":false},"product_cat":[44,184],"product_tag":[246,143,146,254,38,147,148],"class_list":{"0":"post-417","1":"product","2":"type-product","3":"status-publish","4":"has-post-thumbnail","6":"product_cat-accessoires","7":"product_cat-flitser-accessoires","8":"product_tag-duiken","9":"product_tag-flitser","10":"product_tag-fotografie","11":"product_tag-prisma","12":"product_tag-sea-sea","13":"product_tag-sea-and-sea","14":"product_tag-sea-en-sea","16":"first","17":"instock","18":"product-type-simple"},"acf":[],"_links":{"self":[{"href":"https:\/\/seaandsea.eu\/fi\/wp-json\/wp\/v2\/product\/417","targetHints":{"allow":["GET"]}}],"collection":[{"href":"https:\/\/seaandsea.eu\/fi\/wp-json\/wp\/v2\/product"}],"about":[{"href":"https:\/\/seaandsea.eu\/fi\/wp-json\/wp\/v2\/types\/product"}],"replies":[{"embeddable":true,"href":"https:\/\/seaandsea.eu\/fi\/wp-json\/wp\/v2\/comments?post=417"}],"wp:featuredmedia":[{"embeddable":true,"href":"https:\/\/seaandsea.eu\/fi\/wp-json\/wp\/v2\/media\/418"}],"wp:attachment":[{"href":"https:\/\/seaandsea.eu\/fi\/wp-json\/wp\/v2\/media?parent=417"}],"wp:term":[{"taxonomy":"product_cat","embeddable":true,"href":"https:\/\/seaandsea.eu\/fi\/wp-json\/wp\/v2\/product_cat?post=417"},{"taxonomy":"product_tag","embeddable":true,"href":"https:\/\/seaandsea.eu\/fi\/wp-json\/wp\/v2\/product_tag?post=417"}],"curies":[{"name":"wp","href":"https:\/\/api.w.org\/{rel}","templated":true}]}}