{"id":421,"date":"2024-02-16T08:14:19","date_gmt":"2024-02-16T07:14:19","guid":{"rendered":"https:\/\/eager-benz.45-82-188-209.plesk.page\/product\/flitser-beschermhoes-voor-ys-d3\/"},"modified":"2024-04-17T10:52:06","modified_gmt":"2024-04-17T08:52:06","slug":"flitser-beschermhoes-voor-ys-d3","status":"publish","type":"product","link":"https:\/\/seaandsea.eu\/fi\/tuote\/salaman-suojus-ys-d3een\/","title":{"rendered":"Salaman suojus YS-D3:een"},"content":{"rendered":"","protected":false},"excerpt":{"rendered":"<p><strong>Salaman suojus YS-D3:een<br \/>\nTuotenro.<br \/>\n<\/strong><\/p>\n<p>Suojaa kallisarvoinen salamalaitteesi veden alla naarmuilta ja rajoitetusti kolhuilta t\u00e4m\u00e4n neopreenisen salamasuojuksen avulla. N\u00e4in salamasi s\u00e4ilyy pidemp\u00e4\u00e4n ja est\u00e4t salamasi mahdolliset pysyv\u00e4t vauriot. Neopreenisuojuksella on hieman positiivinen vaikutus kelluvuuteen. Neopreenisuojus ei peit\u00e4 salamalaitteen etu- ja takapuolta, joten voit jatkaa salamalaitteen k\u00e4ytt\u00f6\u00e4 ja k\u00e4ytt\u00e4mist\u00e4 kaikissa olosuhteissa.<\/p>","protected":false},"featured_media":422,"comment_status":"closed","ping_status":"closed","template":"","meta":{"_acf_changed":false},"product_cat":[44,184],"product_tag":[],"class_list":{"0":"post-421","1":"product","2":"type-product","3":"status-publish","4":"has-post-thumbnail","6":"product_cat-accessoires","7":"product_cat-flitser-accessoires","9":"first","10":"instock","11":"product-type-simple"},"acf":[],"_links":{"self":[{"href":"https:\/\/seaandsea.eu\/fi\/wp-json\/wp\/v2\/product\/421","targetHints":{"allow":["GET"]}}],"collection":[{"href":"https:\/\/seaandsea.eu\/fi\/wp-json\/wp\/v2\/product"}],"about":[{"href":"https:\/\/seaandsea.eu\/fi\/wp-json\/wp\/v2\/types\/product"}],"replies":[{"embeddable":true,"href":"https:\/\/seaandsea.eu\/fi\/wp-json\/wp\/v2\/comments?post=421"}],"wp:featuredmedia":[{"embeddable":true,"href":"https:\/\/seaandsea.eu\/fi\/wp-json\/wp\/v2\/media\/422"}],"wp:attachment":[{"href":"https:\/\/seaandsea.eu\/fi\/wp-json\/wp\/v2\/media?parent=421"}],"wp:term":[{"taxonomy":"product_cat","embeddable":true,"href":"https:\/\/seaandsea.eu\/fi\/wp-json\/wp\/v2\/product_cat?post=421"},{"taxonomy":"product_tag","embeddable":true,"href":"https:\/\/seaandsea.eu\/fi\/wp-json\/wp\/v2\/product_tag?post=421"}],"curies":[{"name":"wp","href":"https:\/\/api.w.org\/{rel}","templated":true}]}}