{"id":133,"date":"2024-02-16T08:13:37","date_gmt":"2024-02-16T07:13:37","guid":{"rendered":"https:\/\/eager-benz.45-82-188-209.plesk.page\/product\/optical-dome-port-ii-230-30137\/"},"modified":"2024-04-18T13:25:09","modified_gmt":"2024-04-18T11:25:09","slug":"optical-dome-port-ii-230","status":"publish","type":"product","link":"https:\/\/seaandsea.eu\/fr\/produit\/optical-dome-port-ii-230\/","title":{"rendered":"D\u00f4me optique Port II 230"},"content":{"rendered":"","protected":false},"excerpt":{"rendered":"<p>D\u00f4me optique Port II 230<br \/>\nNum\u00e9ro de produit 30137<\/p>\n<p>Exemple de syst\u00e8me<\/p>\n<p>Diam\u00e8tre 230 mm. Port optique polyvalent, compatible avec divers objectifs fisheye et grand angle. Fournit la meilleure qualit\u00e9 d'image, y compris la qualit\u00e9 d'image p\u00e9riph\u00e9rique. Convient pour les images \u00e0 moiti\u00e9 sous l'eau et \u00e0 moiti\u00e9 au-dessus. La qualit\u00e9 de l'image p\u00e9riph\u00e9rique sera encore meilleure si elle est utilis\u00e9e avec un objectif de correction interne.<\/p>\n<p><strong>Caract\u00e9ristiques<\/strong><br \/>\n\u30fb Utilisation de verre de cristal BK7 de haute qualit\u00e9.<br \/>\n\u30fb Deux rev\u00eatements antireflets diff\u00e9rents sont utilis\u00e9s pour optimiser la qualit\u00e9 de l'image, l'un pour l'ext\u00e9rieur et l'autre pour l'int\u00e9rieur des d\u00f4mes optiques. Un rev\u00eatement multicouche est utilis\u00e9 \u00e0 l'ext\u00e9rieur du d\u00f4me et l'int\u00e9rieur des d\u00f4mes est recouvert de silice pour supprimer efficacement le rayonnement excessif et les images fant\u00f4mes. En cons\u00e9quence, l'indice de r\u00e9fraction de chaque port est r\u00e9duit \u00e0 moins de 0,01% et les d\u00f4mes produisent des images extr\u00eamement contrast\u00e9es.<\/p>\n<p>Diff\u00e9rence de qualit\u00e9 d'image entre le Fisheye Dome Port 240 et le Dome Port l 165 optique en contre-jour. Mat\u00e9riel utilis\u00e9 : Canon 5D Mark lll et EF 16-35mm F2.8L ll. Profondeur : 5 m<\/p>\n<p><strong>Sp\u00e9cifications<\/strong><br \/>\nDimensions (DIAxD) : 250 x 120 mm \/ 9.8 x 4.7 pouces<br \/>\nPoids : Environ 2100 g \/ 74.1 oz<br \/>\nProfondeur nominale : 100m \/ 330ft<br \/>\nConstruction : alliage d'aluminium r\u00e9sistant \u00e0 la corrosion (anodis\u00e9), verre de cristal BK7 (d\u00f4me) et r\u00e9sine POM (capuchon).<br \/>\nAccessoires : Manuel d'instruction, robinet-vanne \u00e0 d\u00f4me optique, bo\u00eetier du robinet-vanne<\/p>","protected":false},"featured_media":134,"comment_status":"closed","ping_status":"closed","template":"","meta":{"_acf_changed":false},"product_cat":[29,28],"product_tag":[42,43,34,35,36,37,38],"class_list":{"0":"post-133","1":"product","2":"type-product","3":"status-publish","4":"has-post-thumbnail","6":"product_cat-domeports","7":"product_cat-porten","8":"product_tag-42","9":"product_tag-43","10":"product_tag-dome","11":"product_tag-ii","12":"product_tag-optical","13":"product_tag-port","14":"product_tag-sea-sea","16":"first","17":"instock","18":"product-type-simple"},"acf":[],"_links":{"self":[{"href":"https:\/\/seaandsea.eu\/fr\/wp-json\/wp\/v2\/product\/133","targetHints":{"allow":["GET"]}}],"collection":[{"href":"https:\/\/seaandsea.eu\/fr\/wp-json\/wp\/v2\/product"}],"about":[{"href":"https:\/\/seaandsea.eu\/fr\/wp-json\/wp\/v2\/types\/product"}],"replies":[{"embeddable":true,"href":"https:\/\/seaandsea.eu\/fr\/wp-json\/wp\/v2\/comments?post=133"}],"wp:featuredmedia":[{"embeddable":true,"href":"https:\/\/seaandsea.eu\/fr\/wp-json\/wp\/v2\/media\/134"}],"wp:attachment":[{"href":"https:\/\/seaandsea.eu\/fr\/wp-json\/wp\/v2\/media?parent=133"}],"wp:term":[{"taxonomy":"product_cat","embeddable":true,"href":"https:\/\/seaandsea.eu\/fr\/wp-json\/wp\/v2\/product_cat?post=133"},{"taxonomy":"product_tag","embeddable":true,"href":"https:\/\/seaandsea.eu\/fr\/wp-json\/wp\/v2\/product_tag?post=133"}],"curies":[{"name":"wp","href":"https:\/\/api.w.org\/{rel}","templated":true}]}}