{"id":135,"date":"2024-02-16T08:13:37","date_gmt":"2024-02-16T07:13:37","guid":{"rendered":"https:\/\/eager-benz.45-82-188-209.plesk.page\/product\/zoom-focus-gear\/"},"modified":"2024-04-19T16:19:47","modified_gmt":"2024-04-19T14:19:47","slug":"zoom-focus-gear","status":"publish","type":"product","link":"https:\/\/seaandsea.eu\/fr\/produit\/zoom-focus-gear\/","title":{"rendered":"Mat\u00e9riel de zoom et de mise au point"},"content":{"rendered":"","protected":false},"excerpt":{"rendered":"<p>Mat\u00e9riel de zoom et de mise au point<\/p>\n<p>Sea &amp; Sea dispose d'une vaste collection de ports pour une grande vari\u00e9t\u00e9 d'objectifs.<br \/>\nUn dispositif de zoom a \u00e9t\u00e9 d\u00e9velopp\u00e9 pour chaque objectif (zoom). Un dispositif de mise au point manuelle est \u00e9galement disponible pour plusieurs objectifs.<br \/>\nPuisqu'il n'y a pas de choix et que tous les kits de zoom se ressemblent \u00e0 l'\u0153il, nous avons repr\u00e9sent\u00e9 ici tous ces produits comme un seul et m\u00eame produit.<br \/>\nEn outre, l'affichage d'un grand nombre de jeux d'engrenages identiques sur le site Web le rendrait tr\u00e8s encombr\u00e9.<\/p>\n<p>Voici un aper\u00e7u des jeux d'engrenages les plus courants :<br \/>\n(Si le bon objectif ne figure pas dans la liste, veuillez vous renseigner sur sa disponibilit\u00e9. Il se peut que cet objectif (nouveau) soit disponible mais qu'il ne figure pas dans cette liste).<\/p>\n<p>31107 AF-S DX ZOOM NIKKOR ED 12-24mm F4g (1F) ZOOM GEAR<br \/>\n31109 CANON EF 17-40mm F4L USM ZOOM GEAR<br \/>\n31114 CANON 16-35mm F2.8L USM ZOOM GEAR<br \/>\n31119 CANON EFS 18-55mm ZOOM GEAR**<br \/>\n31121 JEU DE ZOOM POUR AF-S DX NIKKOR 18-70mm<br \/>\n31125 CANON EF-S 10-22MM F3.5-4.5 USM Z.GEAR<br \/>\n31126 CANON EF-S 60MM F2.8 MACRO USM F. GEAR<br \/>\n31133 DISPOSITIF DE MISE AU POINT POUR L'OBJECTIF 105MM VR<br \/>\n31135 JEU DE MISE AU POINT POUR NIKON AF-S MICRO NIKKOR 60mm F2.8G ED<br \/>\n31137 PELLETTE DE MISE AU POINT POUR TOKINA AT-X M35PRO DX35mm F2.8<br \/>\n31142 PELLETTE DE ZOOM POUR SIGMA 10-20mm F4-5.6 EX DC\/HSM<br \/>\n31144 JEU DE ZOOM POUR SIGMA AF 18-50mm F2.8 EX DC MACRO\/HSM (NIKON)<br \/>\n31149 JEU DE MISE AU POINT POUR CANON EF 14mm F2.8 II USM<br \/>\n31151 JEU DE ZOOM POUR SIGMA AF 18-50mm F2.8 EX DC MACRO\/HSM (CANON)<br \/>\n31152 JEU DE MISE AU POINT POUR SIGMA 10mm F2.8 EX DC FISHEYE HSM (CANON)<br \/>\n31153 BAGUE DE MISE AU POINT POUR AF-S NIKKOR 85mm F3.5G ED VR<br \/>\n31154 JEU DE ZOOM POUR CANON EF 8-15mm F4L FISHEYE USM<br \/>\n31155 Focus Gear pour Canon EF 100mm F2.8L Macro IS USM<br \/>\n31156 Entretoise pour SIGMA MACRO 70mm F2.8 EX DG (\u00e0 utiliser avec l'engrenage #31155)<br \/>\n31157 JEU DE ZOOM POUR L'OBJECTIF NIKKOR 16-35mm F4G VR<br \/>\n31158 JEU DE ZOOM POUR CANON EF-S 18-55mm F3.5-5.6 IS STM<br \/>\n31159 BAGUE DE COMMUTATION MACRO POUR CANON EF 24-70mm F4L IS USM<br \/>\n31160 JEU DE ZOOM POUR NIKON AF-S Nikkor 18-35mm F3.5-4.5G ED<br \/>\n31161 pignon de mise au point pour CANON EF 8-15mm F4L FISHEYE USM<br \/>\n31162 JEU DE ZOOM POUR CANON EF 24mm F4L IS USM<br \/>\n31163 JEU DE MISE AU POINT POUR CANON EF 24mm F1.4 II USM<br \/>\n31164 JEU DE MISE AU POINT POUR CANON EF 28\/24mm F2.8 IS USM<br \/>\n31165 FC GAMME DE MISE AU POINT POUR CANON EF 16-35mm F2.8 II USM<br \/>\n31166 pignon de mise au point pour CANON EF 24-70mm F4L IS USM<br \/>\n31167 FC GAMME DE MISE AU POINT POUR NIKON AF-S 18-35mm F3.5-4.5G ED<br \/>\n31168 FC GAMME DE MISE AU POINT POUR NIKON AF-S 16-35mm F\/4G ED VR<br \/>\n31169 JEU DE ZOOM POUR SIGMA 17-70mm F2.8-4DC MACRO OS HSM\/DC MACRO HSM (N\/C)<br \/>\n31170 FC GAMME DE MISE AU POINT POUR CANON EF 17-40mm F4L USM<br \/>\n31171 ZOOM POUR SONY SELP 1650<br \/>\n31172 ZOOM POUR SONY SEL1018<br \/>\n31173 DISPOSITIF DE MISE AU POINT POUR SONY SEL30M35<br \/>\n31174 JEU DE ZOOM POUR CANON EF16-35mm F4L IS USM<br \/>\n31175 FC ENGRENAGES DE MISE AU POINT POUR CANON EF16-35mm F4L IS USM<br \/>\n31176 JEU DE ZOOM POUR CANON EF-S10-18mm F4.5-5.6 IS STM<br \/>\n31177 ZOOM GEAR FOR SEL1635Z<br \/>\n31178 FC FOCUS GEAR FOR SONY SEL90M28G<br \/>\n31179 JEU DE MISE AU POINT POUR CANON ER-100mm F2.8 MACRO USM + YRLRPLUD HF 1.4X DGX<br \/>\n31180 JEU DE MISE AU POINT POUR CANON ER-100mm F2.8L MACRO IS USM + TELEPLUS HD 1.4X DGX<br \/>\n31181 JEU DE ZOOM POUR OLYMPUS 12-50mm F3.5-3.6 EZ<br \/>\n31182 JEU DE ZOOM POUR OLYMPUS 12-40mm F2.8 PRO<br \/>\n31183 pignon de mise au point pour OLYMPUS 60mm F2.8 MACRO<br \/>\n31184 DISPOSITIF DE MISE AU POINT POUR PANASONIC H-ES045<br \/>\n31185 ZOOM POUR SONY SEL2870<br \/>\n31186 JEU DE ZOOM POUR OLYMPUS 14-42mm F3.5-5.6 EZ<br \/>\n31187 JEU DE ZOOM POUR OLYMPUS 7-14mm F2.8 PRO<br \/>\n31188 ZOOM GEAR FOR NIKON AF-S DX NIKOR 16-18MM<br \/>\n31189 ZOOM GEAR FOR CANON EF16-35MM F2.8L III USM<br \/>\n31190 DISPOSITIF DE MISE AU POINT POUR CANON EF16-35MM F2.8L III USM<br \/>\n31191 ZOOM GEAR FOR NIKON AF-S FISHEYE 8-15MM F3.5-4.5<br \/>\n31193 Dispositif de mise au point pour Canon EF-S35mm F2.81S FG pour STM<br \/>\n31194 Dispositif de mise au point pour Sony SEL50m 2.8<br \/>\n31195 Focus Gear pour Nikon AF-S 14-24 MM F2.8G ED<br \/>\n31196 Pignon de mise au point + entretoise pour Sony SEL 90 2.8 G<br \/>\n31197 ZOOM GEAR FOR SONY SEL1635 Z<br \/>\n31198 ZOOM GEAR FOR SONY SEL1224 G<br \/>\n31199 ZOOM GEAR FOR SONY SEL1635M<br \/>\n56350 ZOOM GEAR FOR AF NIKKOR 18-35MM ED F3.5-4.5D<br \/>\n56410 DISPOSITIF DE MISE AU POINT POUR NIKKOR FISHEYE 16MM<\/p>\n<p>&nbsp;<\/p>","protected":false},"featured_media":136,"comment_status":"closed","ping_status":"closed","template":"","meta":{"_acf_changed":false},"product_cat":[44,45,46,47,48],"product_tag":[49,50,51,52,53,54,55,56,38,57,58,59,60,61,62],"class_list":{"0":"post-135","1":"product","2":"type-product","3":"status-publish","4":"has-post-thumbnail","6":"product_cat-accessoires","7":"product_cat-behuizing-accessoiresaccessoires","8":"product_cat-lenses-and-accessoriesaccessoires","9":"product_cat-overigporten","10":"product_cat-port-accessoires","11":"product_tag-canon","12":"product_tag-focus","13":"product_tag-gear","14":"product_tag-lens","15":"product_tag-macro","16":"product_tag-nikon","17":"product_tag-objectief","18":"product_tag-olympus","19":"product_tag-sea-sea","20":"product_tag-set","21":"product_tag-sony","22":"product_tag-tandwiel","23":"product_tag-wide","24":"product_tag-zoo","25":"product_tag-zoom","27":"first","28":"instock","29":"product-type-simple"},"acf":[],"_links":{"self":[{"href":"https:\/\/seaandsea.eu\/fr\/wp-json\/wp\/v2\/product\/135","targetHints":{"allow":["GET"]}}],"collection":[{"href":"https:\/\/seaandsea.eu\/fr\/wp-json\/wp\/v2\/product"}],"about":[{"href":"https:\/\/seaandsea.eu\/fr\/wp-json\/wp\/v2\/types\/product"}],"replies":[{"embeddable":true,"href":"https:\/\/seaandsea.eu\/fr\/wp-json\/wp\/v2\/comments?post=135"}],"wp:featuredmedia":[{"embeddable":true,"href":"https:\/\/seaandsea.eu\/fr\/wp-json\/wp\/v2\/media\/136"}],"wp:attachment":[{"href":"https:\/\/seaandsea.eu\/fr\/wp-json\/wp\/v2\/media?parent=135"}],"wp:term":[{"taxonomy":"product_cat","embeddable":true,"href":"https:\/\/seaandsea.eu\/fr\/wp-json\/wp\/v2\/product_cat?post=135"},{"taxonomy":"product_tag","embeddable":true,"href":"https:\/\/seaandsea.eu\/fr\/wp-json\/wp\/v2\/product_tag?post=135"}],"curies":[{"name":"wp","href":"https:\/\/api.w.org\/{rel}","templated":true}]}}