{"id":1429,"date":"2024-09-11T12:35:07","date_gmt":"2024-09-11T10:35:07","guid":{"rendered":"https:\/\/seaandsea.eu\/?post_type=product&#038;p=1429"},"modified":"2024-09-11T12:35:07","modified_gmt":"2024-09-11T10:35:07","slug":"photo-video-light-kit-lx-1200sw-flood-spot-wit","status":"publish","type":"product","link":"https:\/\/seaandsea.eu\/fr\/produit\/kit-declairage-photo-video-lx-1200sw-flood-spot-white\/","title":{"rendered":"Kit d'\u00e9clairage photo\/vid\u00e9o LX-1200SW Flood &amp; Spot - blanc"},"content":{"rendered":"","protected":false},"excerpt":{"rendered":"<p>Kit d'\u00e9clairage photo\/vid\u00e9o LX-1200SW Flood &amp; Spot - Blanc<br \/>\nNum\u00e9ro de produit 09135<\/p>\n<p>Voici \u00e0 quel point l'\u00e9clairage photo\/vid\u00e9o sous-marin peut \u00eatre beau et avanc\u00e9 ! Il s'agit de la nouvelle lampe LX de Sea &amp; Sea. Cette lampe de haute qualit\u00e9 de <strong>JAPANS Courtage<\/strong> devrait vraiment \u00eatre pris en consid\u00e9ration. Il y a fort \u00e0 parier que vous serez impressionn\u00e9 par la qualit\u00e9, le design et la convivialit\u00e9. Nous oserions presque dire qu'il n'y a pas de meilleur syst\u00e8me sur le march\u00e9.<\/p>\n<p>Voici une br\u00e8ve liste de caract\u00e9ristiques : (voir ci-dessous).<\/p>\n<ol>\n<li><em>Fonction double : Spot et Flood commutables dans une seule lampe.\u00a0<\/em><\/li>\n<li><em>LED COB pour la plus belle r\u00e9partition uniforme de la lumi\u00e8re.<\/em><\/li>\n<li><em>Ombres r\u00e9guli\u00e8res au lieu d'ombres multiples gr\u00e2ce au COB<\/em><\/li>\n<li><em>Puissance lumineuse r\u00e9glable en 100 ou en 4 \u00e9tapes, avec m\u00e9moire pour les deux lampes.<\/em><\/li>\n<li><em>Capteur de d\u00e9tection de flash, qui \u00e9teint bri\u00e8vement la lampe en cas de flash.<\/em><\/li>\n<li><em>T\u00eates de lampe interchangeables pour modifier la puissance de sortie.<\/em><\/li>\n<li><em>Batterie rechargeable interchangeable qui peut \u00eatre charg\u00e9e dans la lampe ou s\u00e9par\u00e9ment sans lampe. Pratique en combinaison avec une deuxi\u00e8me batterie.\u00a0<\/em><\/li>\n<li><em>Ecran clair et lisible avec affichage complet des fonctions. Fonctionnement simple.<\/em><\/li>\n<li><em>Comprend 5 options de montage.\u00a0<\/em><\/li>\n<\/ol>\n<p>&nbsp;<\/p>\n<p><strong>#1 - Deux lumi\u00e8res en une : Flood et Spot !<\/strong><\/p>\n<p>La lampe peut \u00eatre commut\u00e9e entre l'\u00e9clairage grand angle et l'\u00e9clairage ponctuel \u00e0 l'aide de boutons de commande. L'angle de rayonnement est de 100\u00b0 pour l'\u00e9clairage large et de 30\u00b0 pour l'\u00e9clairage ponctuel. C'est pratique car cela permet de passer facilement de l'\u00e9clairage large \u00e0 l'\u00e9clairage ponctuel et de l'\u00e9clairage ponctuel \u00e0 l'\u00e9clairage large en maintenant enfonc\u00e9 le bouton marche\/arr\u00eat\/r\u00e9glage de la lumi\u00e8re. Il est possible d'utiliser l'\u00e9clairage ponctuel pour regarder autour de soi pendant la plong\u00e9e, puis de passer \u00e0 l'\u00e9clairage large d\u00e8s que l'on veut commencer \u00e0 prendre des photos. Le Spot a l'avantage de consommer beaucoup moins d'\u00e9nergie que le Flood. Vous avez donc plus de temps sous l'eau pour chercher votre sujet id\u00e9al avant d'allumer le grand faisceau large.<\/p>\n<p><strong>#2 - Lumi\u00e8re COB avec la plus belle \"r\u00e9partition centrale de la lumi\u00e8re\" possible.<\/strong><\/p>\n<p>La source lumineuse est une COB (LED), dont la r\u00e9putation n'est plus \u00e0 faire en mati\u00e8re de r\u00e9partition uniforme de la lumi\u00e8re. La conception originale adapte le COB \u00e0 la forme d'un beignet. La source de lumi\u00e8re large est plac\u00e9e sur le beignet et les LED de lumi\u00e8re ponctuelle sont plac\u00e9es au centre de la surface d'\u00e9mission (le trou du beignet). Qu'il s'agisse d'un \u00e9clairage large ou d'un \u00e9clairage ponctuel, l'axe optique se trouve au centre de la surface d'\u00e9mission et garantit un \u00e9clairage optimal \u00e0 tout moment.<\/p>\n<p><strong>Nouveau type de \"COB\".<\/strong><br \/>\nCOB\" est un type de LED. Il s'agit de l'abr\u00e9viation de \"Chip on board\" (puce sur carte) et, comme son nom l'indique, plusieurs puces LED sont plac\u00e9es directement sur la carte. Le fait que plusieurs puces LED soient dispos\u00e9es de mani\u00e8re concentr\u00e9e permet d'obtenir une luminance \u00e9lev\u00e9e. Une grande surface peut \u00e9galement \u00eatre \u00e9clair\u00e9e de mani\u00e8re uniforme, car la lumi\u00e8re est \u00e9mise \u00e0 travers une surface. SEA&amp;SEA est la premi\u00e8re entreprise japonaise \u00e0 utiliser des \"COB\" en forme de beignet. M\u00eame avec une grande quantit\u00e9 de lumi\u00e8re, les ombres sont moins susceptibles d'appara\u00eetre au centre, ce qui permet d'obtenir une lumi\u00e8re homog\u00e8ne.<\/p>\n<p><strong>#3 - Evite clairement les ombres multiples gr\u00e2ce \u00e0 la LED COB.<\/strong><\/p>\n<p>Le COB \u00e9limine les ombres multiples dans les \u00e9clairages grand angle et les \u00e9clairages ponctuels. Les ombres naturelles font ressortir le sujet de mani\u00e8re claire et nette, ce qui en fait une lumi\u00e8re id\u00e9ale pour la photographie et l'\u00e9clairage vid\u00e9o.<\/p>\n<p><strong>Ombres multiples <\/strong><br \/>\nOmbres propres \u00e0 l'\u00e9clairage LED. Lorsqu'un objet est \u00e9clair\u00e9 par un \u00e9clairage LED compos\u00e9 de nombreuses sections lumineuses, des ombres multiples non naturelles sont produites, diff\u00e9rentes de celles produites par la lumi\u00e8re du soleil. Les ombres multiples peuvent masquer le contour d'un objet et r\u00e9duire sa visibilit\u00e9. La source lumineuse unique COB ne produit pas d'ombres multiples.<\/p>\n<p><strong># 4 - Quatre ou 100 pas <\/strong><strong>r\u00e9glage de la lumi\u00e8re, avec m\u00e9moire d'allumage et d'extinction pour les deux sources lumineuses.<\/strong><\/p>\n<p><strong>R\u00e9glage de la lumi\u00e8re en 4 \u00e9tapes (par \u00e9tapes de 25%) <\/strong><br \/>\nPour un r\u00e9glage de la lumi\u00e8re en 4 \u00e9tapes, appuyez sur le bouton marche\/arr\u00eat\/r\u00e9glage de la lumi\u00e8re lorsque la lumi\u00e8re est allum\u00e9e. La lumi\u00e8re circule entre 25%, 50%, 75% et 100% par pression pour ajuster l'intensit\u00e9 lumineuse en fonction de la situation. L'intensit\u00e9 lumineuse est clairement visible gr\u00e2ce \u00e0 l'affichage de %.<\/p>\n<p><strong>R\u00e9glage de la lumi\u00e8re en 100 \u00e9tapes (par \u00e9tapes de 1%) <\/strong><br \/>\nLe r\u00e9glage de la lumi\u00e8re en 100 \u00e9tapes de 0 \u00e0 100% s'effectue \u00e0 l'aide des boutons de r\u00e9glage de l'intensit\u00e9 lumineuse situ\u00e9s sur les c\u00f4t\u00e9s gauche et droit. Un r\u00e9glage subtil est possible par incr\u00e9ments de 1%. L'affichage num\u00e9rique du r\u00e9glage fin de % est clairement lisible sur l'\u00e9cran.<\/p>\n<p><strong>Fonction m\u00e9moire <\/strong><br \/>\nLes lampes LX sont \u00e9quip\u00e9es d'une \"fonction m\u00e9moire\" qui permet \u00e0 la lampe de conserver le r\u00e9glage dans lequel elle a \u00e9t\u00e9 \u00e9teinte. D\u00e8s que la lampe est rallum\u00e9e, elle se trouve dans le m\u00eame r\u00e9glage. La lampe s'allume \u00e0 nouveau avec la m\u00eame intensit\u00e9 lumineuse que lorsque la lampe a \u00e9t\u00e9 \u00e9teinte. Il est particuli\u00e8rement utile lors de l'enregistrement de vid\u00e9os, car il s'allume avec la m\u00eame intensit\u00e9 lumineuse que lorsque la lampe \u00e9tait \u00e9teinte.<\/p>\n<p><strong>#5 - Capteur de d\u00e9tection de flash int\u00e9gr\u00e9 (activable et d\u00e9sactivable) pour utilisation avec un flash externe.\u00a0<\/strong><\/p>\n<p>Les \u00e9clairages Sea &amp; Sea LX sont \u00e9quip\u00e9s d'un \"capteur de d\u00e9tection de flash\" qui d\u00e9tecte la lumi\u00e8re du flash externe et qui, \u00e0 ce moment-l\u00e0, \u00e9teint automatiquement la lumi\u00e8re bri\u00e8vement, puis la rallume une seconde plus tard. Comme la lumi\u00e8re s'\u00e9teint en r\u00e9ponse \u00e0 l'\u00e9mission de la lumi\u00e8re du flash, la lumi\u00e8re vid\u00e9o n'affecte pas la prise de vue lorsque la lumi\u00e8re spot est utilis\u00e9e comme lumi\u00e8re de mise au point, par exemple. La lumi\u00e8re large peut \u00eatre utilis\u00e9e pour rechercher des sujets ou observer l'environnement et prendre des photos sans se soucier d'une exposition in\u00e9gale ou d'une alt\u00e9ration des couleurs.<\/p>\n<p><strong>#6 - Changement de puissance en rempla\u00e7ant la t\u00eate de la lampe !<\/strong><\/p>\n<p>Les s\u00e9ries de lampes LX ont toutes le m\u00eame bo\u00eetier. Les t\u00eates de lampe sont compatibles. La t\u00eate de lampe LX2400SW FS peut \u00eatre utilis\u00e9e comme bo\u00eetier de 2400 lm et la t\u00eate de lampe LX-4000SW FS peut \u00eatre utilis\u00e9e comme bo\u00eetier de 4000 lm lorsqu'elle est r\u00e9gl\u00e9e sur la LX-1200SW FS.<\/p>\n<p><em>*Un ajustement du r\u00e9glage est n\u00e9cessaire apr\u00e8s le remplacement de la t\u00eate de la lampe.<\/em><em><br \/>\nReportez-vous au manuel de l'utilisateur pour plus d'informations.<\/em><\/p>\n<p><strong>#7 - Deux options de chargement de la batterie.\u00a0<\/strong><\/p>\n<p>Le bo\u00eetier compact abrite une batterie Li-ion de grande capacit\u00e9 (3400 mAh). Elle peut \u00eatre recharg\u00e9e de deux mani\u00e8res.<\/p>\n<p><strong>1) Chargement par la lampe ext\u00e9rieure<\/strong><\/p>\n<p>La batterie peut \u00eatre charg\u00e9e directement en connectant la fiche de charge sp\u00e9ciale fournie \u00e0 l'arri\u00e8re au connecteur de la t\u00e9l\u00e9commande (p\u00f4le magn\u00e9tique) \u00e0 l'arri\u00e8re du bo\u00eetier, la batterie restant connect\u00e9e au bo\u00eetier. Comme il n'est pas n\u00e9cessaire de retirer la batterie du bo\u00eetier, il n'y a pas de risque de fuite due \u00e0 une mauvaise fermeture de la lampe.<\/p>\n<p><strong>2. Chargement par batterie, sans lampe<\/strong><\/p>\n<p>La batterie peut \u00eatre retir\u00e9e du bo\u00eetier et charg\u00e9e directement avec le chargeur. Cela vous permet de travailler avec 2 batteries ou plus. Lorsque la lampe est en cours d'utilisation, la batterie de rechange peut \u00eatre charg\u00e9e en m\u00eame temps.<br \/>\n*Il est \u00e9galement agr\u00e9able de savoir que la batterie peut \u00eatre retir\u00e9e lorsqu'elle est emport\u00e9e comme bagage \u00e0 main dans l'avion.<\/p>\n<p><strong>#8 - Panneau d'affichage facile \u00e0 lire et fonctionnement pratique.<\/strong><\/p>\n<p>Diverses fonctions sont affich\u00e9es sur un \u00e9cran LCD couleur tr\u00e8s visible. L'intensit\u00e9 lumineuse et la dur\u00e9e d'\u00e9clairage restante, qui sont les plus importantes sous l'eau, sont largement affich\u00e9es sur le m\u00eame \u00e9cran facile \u00e0 lire. L'intensit\u00e9 lumineuse peut \u00eatre r\u00e9gl\u00e9e \u00e0 l'aide des boutons de commande tout en regardant l'\u00e9cran. Lorsque la batterie restante est faible, l'intensit\u00e9 lumineuse est automatiquement r\u00e9duite \u00e0 20% et l'indicateur de batterie clignote. L'\u00e9cran affiche \"10min\" et commence le compte \u00e0 rebours.<\/p>\n<p><strong>Fonctions et vues suppl\u00e9mentaires\u00a0<\/strong><\/p>\n<p>La lampe est \u00e9quip\u00e9e de dispositifs permettant de pr\u00e9venir les probl\u00e8mes potentiels et de fournir une assistance en cas d'urgence improbable.<\/p>\n<p>Mode de s\u00e9curit\u00e9 : lorsque la batterie est faible, l'intensit\u00e9 lumineuse est automatiquement r\u00e9duite \u00e0 20% et l'indicateur de batterie clignote. L'\u00e9cran affiche \"10min\" et commence le compte \u00e0 rebours.<\/p>\n<p>Mode de protection contre les temp\u00e9ratures \u00e9lev\u00e9es : si la t\u00eate de la lampe atteint une temp\u00e9rature de 55 \u00b0C ou plus pendant l'utilisation, elle passe automatiquement en mode de protection et r\u00e9duit l'intensit\u00e9 lumineuse \u00e0 20% du maximum.<\/p>\n<p>Mode signal clignotant : il clignote rapidement en maintenant enfonc\u00e9s simultan\u00e9ment le bouton de r\u00e9glage de l'intensit\u00e9 lumineuse (+) et le bouton de r\u00e9glage marche\/arr\u00eat\/lumi\u00e8re pendant environ 2 secondes. Utile pour signaler \u00e0 votre bin\u00f4me ou lors de plong\u00e9es nocturnes.<\/p>\n<p>Mode SOS : Il clignote comme un signal d'urgence pour le sauvetage en mode SOS en appuyant et en maintenant simultan\u00e9ment le bouton de r\u00e9glage de l'intensit\u00e9 lumineuse (-) et le bouton marche\/arr\u00eat\/r\u00e9glage de la lumi\u00e8re pendant environ 2 secondes.<\/p>\n<p><strong>#9 - Large gamme d'adaptateurs de montage<\/strong><\/p>\n<p>Plusieurs adaptateurs sont inclus dans l'emballage. Par exemple, la poign\u00e9e Gun pour utiliser la lampe comme lampe \u00e0 main. Et aussi 4 supports, YS-mount, Ball mount, GoPro mount, et un Loc-line mount qui peut \u00eatre utilis\u00e9 pour monter la lampe de la mani\u00e8re souhait\u00e9e sur le bras ou le bo\u00eetier.<\/p>\n<p>Chaque accessoire doit \u00eatre solidement fix\u00e9 \u00e0 l'aide des vis de fixation de la base une fois ins\u00e9r\u00e9 dans le support de base de la lampe.<\/p>","protected":false},"featured_media":1430,"comment_status":"open","ping_status":"closed","template":"","meta":{"_acf_changed":false},"product_cat":[274],"product_tag":[276,246,279,278,277,275,168,38,147,148,39],"class_list":{"0":"post-1429","1":"product","2":"type-product","3":"status-publish","4":"has-post-thumbnail","6":"product_cat-lampen","7":"product_tag-276","8":"product_tag-duiken","9":"product_tag-lamp","10":"product_tag-lampen","11":"product_tag-lights","12":"product_tag-lx-lights","13":"product_tag-onderwater","14":"product_tag-sea-sea","15":"product_tag-sea-and-sea","16":"product_tag-sea-en-sea","17":"product_tag-seasea","19":"first","20":"instock","21":"shipping-taxable","22":"product-type-simple"},"acf":[],"_links":{"self":[{"href":"https:\/\/seaandsea.eu\/fr\/wp-json\/wp\/v2\/product\/1429","targetHints":{"allow":["GET"]}}],"collection":[{"href":"https:\/\/seaandsea.eu\/fr\/wp-json\/wp\/v2\/product"}],"about":[{"href":"https:\/\/seaandsea.eu\/fr\/wp-json\/wp\/v2\/types\/product"}],"replies":[{"embeddable":true,"href":"https:\/\/seaandsea.eu\/fr\/wp-json\/wp\/v2\/comments?post=1429"}],"wp:featuredmedia":[{"embeddable":true,"href":"https:\/\/seaandsea.eu\/fr\/wp-json\/wp\/v2\/media\/1430"}],"wp:attachment":[{"href":"https:\/\/seaandsea.eu\/fr\/wp-json\/wp\/v2\/media?parent=1429"}],"wp:term":[{"taxonomy":"product_cat","embeddable":true,"href":"https:\/\/seaandsea.eu\/fr\/wp-json\/wp\/v2\/product_cat?post=1429"},{"taxonomy":"product_tag","embeddable":true,"href":"https:\/\/seaandsea.eu\/fr\/wp-json\/wp\/v2\/product_tag?post=1429"}],"curies":[{"name":"wp","href":"https:\/\/api.w.org\/{rel}","templated":true}]}}