{"id":149,"date":"2024-02-16T08:13:37","date_gmt":"2024-02-16T07:13:37","guid":{"rendered":"https:\/\/eager-benz.45-82-188-209.plesk.page\/product\/rdx-standaard-port-30107\/"},"modified":"2024-04-18T13:25:41","modified_gmt":"2024-04-18T11:25:41","slug":"rdx-standaard-port","status":"publish","type":"product","link":"https:\/\/seaandsea.eu\/fr\/produit\/port-standard-rdx\/","title":{"rendered":"Port standard RDX"},"content":{"rendered":"","protected":false},"excerpt":{"rendered":"<p>Port standard RDX<br \/>\nNum\u00e9ro de produit 30107<\/p>\n<p><span><strong>Sp\u00e9cifications<\/strong><br \/>\nDimensions (DIAxD) : 140x90mm \/ 5.6\u00d73.6inch<br \/>\nPoids : Environ 500 g \/ 17.5 oz<br \/>\nProfondeur nominale : 100m \/ 330ft<br \/>\nConstruction : alliage d'aluminium r\u00e9sistant \u00e0 la corrosion (rev\u00eatement en alumite) + acrylique<br \/>\nDistance entre le support et la surface int\u00e9rieure du verre : 80,2 mm \/ 3,2 pouces<\/span><\/p>","protected":false},"featured_media":150,"comment_status":"closed","ping_status":"closed","template":"","meta":{"_acf_changed":false},"product_cat":[28,72],"product_tag":[37,76,38,77,78],"class_list":{"0":"post-149","1":"product","2":"type-product","3":"status-publish","4":"has-post-thumbnail","6":"product_cat-porten","7":"product_cat-standard-ports","8":"product_tag-port","9":"product_tag-rdx","10":"product_tag-sea-sea","11":"product_tag-standaard","12":"product_tag-standard","14":"first","15":"instock","16":"product-type-simple"},"acf":[],"_links":{"self":[{"href":"https:\/\/seaandsea.eu\/fr\/wp-json\/wp\/v2\/product\/149","targetHints":{"allow":["GET"]}}],"collection":[{"href":"https:\/\/seaandsea.eu\/fr\/wp-json\/wp\/v2\/product"}],"about":[{"href":"https:\/\/seaandsea.eu\/fr\/wp-json\/wp\/v2\/types\/product"}],"replies":[{"embeddable":true,"href":"https:\/\/seaandsea.eu\/fr\/wp-json\/wp\/v2\/comments?post=149"}],"wp:featuredmedia":[{"embeddable":true,"href":"https:\/\/seaandsea.eu\/fr\/wp-json\/wp\/v2\/media\/150"}],"wp:attachment":[{"href":"https:\/\/seaandsea.eu\/fr\/wp-json\/wp\/v2\/media?parent=149"}],"wp:term":[{"taxonomy":"product_cat","embeddable":true,"href":"https:\/\/seaandsea.eu\/fr\/wp-json\/wp\/v2\/product_cat?post=149"},{"taxonomy":"product_tag","embeddable":true,"href":"https:\/\/seaandsea.eu\/fr\/wp-json\/wp\/v2\/product_tag?post=149"}],"curies":[{"name":"wp","href":"https:\/\/api.w.org\/{rel}","templated":true}]}}