{"id":1510,"date":"2025-03-31T17:15:35","date_gmt":"2025-03-31T15:15:35","guid":{"rendered":"https:\/\/seaandsea.eu\/?post_type=product&#038;p=1510"},"modified":"2025-03-31T17:16:56","modified_gmt":"2025-03-31T15:16:56","slug":"lx-snoot-for-lx-lights","status":"publish","type":"product","link":"https:\/\/seaandsea.eu\/fr\/produit\/snoot-lx-pour-feux-lx\/","title":{"rendered":"LX Snoot pour LX-Lights"},"content":{"rendered":"<p>Kit Snoot exclusif aux lampes LX. Lorsqu'il est install\u00e9, il bloque la lumi\u00e8re qui frappe l'environnement et assure un \u00e9clairage pr\u00e9cis du sujet. Les d\u00e9tails et les couleurs ressortent, ce qui permet de prendre des photos plus color\u00e9es. Il permet de cr\u00e9er un effet tridimensionnel, une utilisation exp\u00e9rimentale de la lumi\u00e8re et des ombres et une expression artistique unique qui supprime le noir et fait ressortir le sujet.<br \/>\n*Les lampes LX doivent \u00eatre utilis\u00e9es en \"mode projecteur\".<\/p>\n<p>Un jeu d'anneaux de base et 3 types d'adaptateurs. Il existe trois types d'adaptateurs : 20 mm, 10 mm et 5 mm. Les adaptateurs peuvent \u00eatre remplac\u00e9s pour les adapter \u00e0 la gamme d'irradiation. Les combinaisons 20 mm + 10 mm et 20 mm + 5 mm peuvent \u00e9galement \u00eatre utilis\u00e9es, ce qui permet d'irradier \u00e0 une certaine distance du sujet (avec une certaine r\u00e9duction de la lumi\u00e8re).<\/p>","protected":false},"excerpt":{"rendered":"<p>Kit Snoot exclusif aux lampes LX. Lorsqu'il est install\u00e9, il bloque la lumi\u00e8re qui frappe l'environnement et fournit un \u00e9clairage pr\u00e9cis de la [...]<\/p>","protected":false},"featured_media":1511,"comment_status":"open","ping_status":"closed","template":"","meta":{"_acf_changed":false},"product_cat":[282],"product_tag":[251,246,277,275,168,38,147,148,39],"class_list":{"0":"post-1510","1":"product","2":"type-product","3":"status-publish","4":"has-post-thumbnail","6":"product_cat-accessoires-lampen","7":"product_tag-accessoires","8":"product_tag-duiken","9":"product_tag-lights","10":"product_tag-lx-lights","11":"product_tag-onderwater","12":"product_tag-sea-sea","13":"product_tag-sea-and-sea","14":"product_tag-sea-en-sea","15":"product_tag-seasea","17":"first","18":"instock","19":"featured","20":"shipping-taxable","21":"product-type-simple"},"acf":[],"_links":{"self":[{"href":"https:\/\/seaandsea.eu\/fr\/wp-json\/wp\/v2\/product\/1510","targetHints":{"allow":["GET"]}}],"collection":[{"href":"https:\/\/seaandsea.eu\/fr\/wp-json\/wp\/v2\/product"}],"about":[{"href":"https:\/\/seaandsea.eu\/fr\/wp-json\/wp\/v2\/types\/product"}],"replies":[{"embeddable":true,"href":"https:\/\/seaandsea.eu\/fr\/wp-json\/wp\/v2\/comments?post=1510"}],"wp:featuredmedia":[{"embeddable":true,"href":"https:\/\/seaandsea.eu\/fr\/wp-json\/wp\/v2\/media\/1511"}],"wp:attachment":[{"href":"https:\/\/seaandsea.eu\/fr\/wp-json\/wp\/v2\/media?parent=1510"}],"wp:term":[{"taxonomy":"product_cat","embeddable":true,"href":"https:\/\/seaandsea.eu\/fr\/wp-json\/wp\/v2\/product_cat?post=1510"},{"taxonomy":"product_tag","embeddable":true,"href":"https:\/\/seaandsea.eu\/fr\/wp-json\/wp\/v2\/product_tag?post=1510"}],"curies":[{"name":"wp","href":"https:\/\/api.w.org\/{rel}","templated":true}]}}