{"id":1515,"date":"2025-03-31T17:21:29","date_gmt":"2025-03-31T15:21:29","guid":{"rendered":"https:\/\/seaandsea.eu\/?post_type=product&#038;p=1515"},"modified":"2025-03-31T17:21:29","modified_gmt":"2025-03-31T15:21:29","slug":"lx-red-filter-for-lx-lights","status":"publish","type":"product","link":"https:\/\/seaandsea.eu\/fr\/produit\/filtre-rouge-lx-pour-lampes-lx\/","title":{"rendered":"Filtre rouge pour lampes LX"},"content":{"rendered":"<p>Filtre rouge de diam\u00e8tre M52 \u00e0 fixer sur la t\u00eate du LX Light. Ce filtre est efficace pour l'observation d'animaux sensibles \u00e0 la lumi\u00e8re. Lors de la photographie d'animaux timides ou de sc\u00e8nes \u00e9cologiques, la lumi\u00e8re rouge qui ne surcharge pas le sujet peut \u00eatre utilis\u00e9e comme lumi\u00e8re de mise au point, et la fonction de capteur de flash de la lampe peut \u00eatre utilis\u00e9e pour emp\u00eacher la couverture de la couleur rouge dans l'image.<\/p>","protected":false},"excerpt":{"rendered":"<p>Filtre rouge de diam\u00e8tre M52 \u00e0 fixer sur la t\u00eate du LX Light. Ce filtre est efficace pour l'observation d'animaux sensibles \u00e0 la lumi\u00e8re. [...]<\/p>","protected":false},"featured_media":1518,"comment_status":"open","ping_status":"closed","template":"","meta":{"_acf_changed":false},"product_cat":[282,274],"product_tag":[275,38,147,148,39],"class_list":{"0":"post-1515","1":"product","2":"type-product","3":"status-publish","4":"has-post-thumbnail","6":"product_cat-accessoires-lampen","7":"product_cat-lampen","8":"product_tag-lx-lights","9":"product_tag-sea-sea","10":"product_tag-sea-and-sea","11":"product_tag-sea-en-sea","12":"product_tag-seasea","14":"first","15":"instock","16":"shipping-taxable","17":"product-type-simple"},"acf":[],"_links":{"self":[{"href":"https:\/\/seaandsea.eu\/fr\/wp-json\/wp\/v2\/product\/1515","targetHints":{"allow":["GET"]}}],"collection":[{"href":"https:\/\/seaandsea.eu\/fr\/wp-json\/wp\/v2\/product"}],"about":[{"href":"https:\/\/seaandsea.eu\/fr\/wp-json\/wp\/v2\/types\/product"}],"replies":[{"embeddable":true,"href":"https:\/\/seaandsea.eu\/fr\/wp-json\/wp\/v2\/comments?post=1515"}],"wp:featuredmedia":[{"embeddable":true,"href":"https:\/\/seaandsea.eu\/fr\/wp-json\/wp\/v2\/media\/1518"}],"wp:attachment":[{"href":"https:\/\/seaandsea.eu\/fr\/wp-json\/wp\/v2\/media?parent=1515"}],"wp:term":[{"taxonomy":"product_cat","embeddable":true,"href":"https:\/\/seaandsea.eu\/fr\/wp-json\/wp\/v2\/product_cat?post=1515"},{"taxonomy":"product_tag","embeddable":true,"href":"https:\/\/seaandsea.eu\/fr\/wp-json\/wp\/v2\/product_tag?post=1515"}],"curies":[{"name":"wp","href":"https:\/\/api.w.org\/{rel}","templated":true}]}}