{"id":179,"date":"2024-02-16T08:13:43","date_gmt":"2024-02-16T07:13:43","guid":{"rendered":"https:\/\/eager-benz.45-82-188-209.plesk.page\/product\/compact-macro-port-52-56241\/"},"modified":"2024-04-18T13:18:23","modified_gmt":"2024-04-18T11:18:23","slug":"compact-macro-port-52","status":"publish","type":"product","link":"https:\/\/seaandsea.eu\/fr\/produit\/compact-macro-port-52\/","title":{"rendered":"Port macro compact 52"},"content":{"rendered":"","protected":false},"excerpt":{"rendered":"<p>Port macro compact 52<br \/>\nNum\u00e9ro de produit 56241<\/p>\n<p><span><strong>Sp\u00e9cifications<\/strong><br \/>\nDimensions (DIAxD) : 102,5 x 68 mm \/ 4,1 x 2,7 pouces<br \/>\nPoids : Environ 259 g \/ 9.1 oz<br \/>\nProfondeur nominale : 100m \/ 330ft<br \/>\nConstruction : alliage d'aluminium r\u00e9sistant \u00e0 la corrosion (rev\u00eatement en alumite) + verre tremp\u00e9<br \/>\nDistance : entre le support et la surface int\u00e9rieure du verre : 38,5 mm \/ 1,5 pouce<\/span><\/p>","protected":false},"featured_media":180,"comment_status":"closed","ping_status":"closed","template":"","meta":{"_acf_changed":false},"product_cat":[91,28],"product_tag":[102,66,52,53,37,38],"class_list":{"0":"post-179","1":"product","2":"type-product","3":"status-publish","4":"has-post-thumbnail","6":"product_cat-macro-ports","7":"product_cat-porten","8":"product_tag-102","9":"product_tag-compact","10":"product_tag-lens","11":"product_tag-macro","12":"product_tag-port","13":"product_tag-sea-sea","15":"first","16":"instock","17":"product-type-simple"},"acf":[],"_links":{"self":[{"href":"https:\/\/seaandsea.eu\/fr\/wp-json\/wp\/v2\/product\/179","targetHints":{"allow":["GET"]}}],"collection":[{"href":"https:\/\/seaandsea.eu\/fr\/wp-json\/wp\/v2\/product"}],"about":[{"href":"https:\/\/seaandsea.eu\/fr\/wp-json\/wp\/v2\/types\/product"}],"replies":[{"embeddable":true,"href":"https:\/\/seaandsea.eu\/fr\/wp-json\/wp\/v2\/comments?post=179"}],"wp:featuredmedia":[{"embeddable":true,"href":"https:\/\/seaandsea.eu\/fr\/wp-json\/wp\/v2\/media\/180"}],"wp:attachment":[{"href":"https:\/\/seaandsea.eu\/fr\/wp-json\/wp\/v2\/media?parent=179"}],"wp:term":[{"taxonomy":"product_cat","embeddable":true,"href":"https:\/\/seaandsea.eu\/fr\/wp-json\/wp\/v2\/product_cat?post=179"},{"taxonomy":"product_tag","embeddable":true,"href":"https:\/\/seaandsea.eu\/fr\/wp-json\/wp\/v2\/product_tag?post=179"}],"curies":[{"name":"wp","href":"https:\/\/api.w.org\/{rel}","templated":true}]}}