{"id":183,"date":"2024-02-16T08:13:43","date_gmt":"2024-02-16T07:13:43","guid":{"rendered":"https:\/\/eager-benz.45-82-188-209.plesk.page\/product\/extention-ring-20l-30123\/"},"modified":"2024-04-18T13:18:41","modified_gmt":"2024-04-18T11:18:41","slug":"extention-ring-20l","status":"publish","type":"product","link":"https:\/\/seaandsea.eu\/fr\/produit\/anneau-dextension-20l\/","title":{"rendered":"Anneau d'extension 20L"},"content":{"rendered":"","protected":false},"excerpt":{"rendered":"<p>Anneau d'extension 20L<br \/>\nNum\u00e9ro de produit 30123<\/p>\n<p><span><strong>Sp\u00e9cifications<\/strong><br \/>\nDimensions (DIAxD) : 129 x 35,5 mm \/ 5.1 x 1.4 pouces<br \/>\nPoids : Environ 154 g \/ 5.4 oz<br \/>\nProfondeur nominale : 100m \/ 330ft<br \/>\nConstruction : alliage d'aluminium r\u00e9sistant \u00e0 la corrosion (rev\u00eatement en alumite)<br \/>\nDistance : entre le support et la face avant : 20 mm (avec verrouillage du port)<\/span><\/p>","protected":false},"featured_media":184,"comment_status":"closed","ping_status":"closed","template":"","meta":{"_acf_changed":false},"product_cat":[103,28],"product_tag":[107,108,109,106,38],"class_list":{"0":"post-183","1":"product","2":"type-product","3":"status-publish","4":"has-post-thumbnail","6":"product_cat-extention-rings","7":"product_cat-porten","8":"product_tag-20l","9":"product_tag-108","10":"product_tag-extention","11":"product_tag-ring","12":"product_tag-sea-sea","14":"first","15":"instock","16":"product-type-simple"},"acf":[],"_links":{"self":[{"href":"https:\/\/seaandsea.eu\/fr\/wp-json\/wp\/v2\/product\/183","targetHints":{"allow":["GET"]}}],"collection":[{"href":"https:\/\/seaandsea.eu\/fr\/wp-json\/wp\/v2\/product"}],"about":[{"href":"https:\/\/seaandsea.eu\/fr\/wp-json\/wp\/v2\/types\/product"}],"replies":[{"embeddable":true,"href":"https:\/\/seaandsea.eu\/fr\/wp-json\/wp\/v2\/comments?post=183"}],"wp:featuredmedia":[{"embeddable":true,"href":"https:\/\/seaandsea.eu\/fr\/wp-json\/wp\/v2\/media\/184"}],"wp:attachment":[{"href":"https:\/\/seaandsea.eu\/fr\/wp-json\/wp\/v2\/media?parent=183"}],"wp:term":[{"taxonomy":"product_cat","embeddable":true,"href":"https:\/\/seaandsea.eu\/fr\/wp-json\/wp\/v2\/product_cat?post=183"},{"taxonomy":"product_tag","embeddable":true,"href":"https:\/\/seaandsea.eu\/fr\/wp-json\/wp\/v2\/product_tag?post=183"}],"curies":[{"name":"wp","href":"https:\/\/api.w.org\/{rel}","templated":true}]}}