{"id":221,"date":"2024-02-16T08:13:48","date_gmt":"2024-02-16T07:13:48","guid":{"rendered":"https:\/\/eager-benz.45-82-188-209.plesk.page\/product\/port-case-66103\/"},"modified":"2024-04-19T15:50:06","modified_gmt":"2024-04-19T13:50:06","slug":"port-case-66103","status":"publish","type":"product","link":"https:\/\/seaandsea.eu\/fr\/produit\/mallette-portuaire-66103\/","title":{"rendered":"Cas du port"},"content":{"rendered":"","protected":false},"excerpt":{"rendered":"<p>Cas du port<br \/>\nNum\u00e9ro de produit 66103<\/p>\n<p><span>Sac souple pour ranger l'ensemble appareil photo compact et bo\u00eetier, ainsi qu'un flash, un bras et d'autres accessoires. Comprend une mousse de protection en poly\u00e9thyl\u00e8ne pour l'absorption des chocs.<\/span><\/p>","protected":false},"featured_media":222,"comment_status":"closed","ping_status":"closed","template":"","meta":{"_acf_changed":false},"product_cat":[119,28],"product_tag":[139,140,37,38,141],"class_list":{"0":"post-221","1":"product","2":"type-product","3":"status-publish","4":"has-post-thumbnail","6":"product_cat-port-accessoires-porten","7":"product_cat-porten","8":"product_tag-bag","9":"product_tag-case","10":"product_tag-port","11":"product_tag-sea-sea","12":"product_tag-tas","14":"first","15":"instock","16":"product-type-simple"},"acf":[],"_links":{"self":[{"href":"https:\/\/seaandsea.eu\/fr\/wp-json\/wp\/v2\/product\/221","targetHints":{"allow":["GET"]}}],"collection":[{"href":"https:\/\/seaandsea.eu\/fr\/wp-json\/wp\/v2\/product"}],"about":[{"href":"https:\/\/seaandsea.eu\/fr\/wp-json\/wp\/v2\/types\/product"}],"replies":[{"embeddable":true,"href":"https:\/\/seaandsea.eu\/fr\/wp-json\/wp\/v2\/comments?post=221"}],"wp:featuredmedia":[{"embeddable":true,"href":"https:\/\/seaandsea.eu\/fr\/wp-json\/wp\/v2\/media\/222"}],"wp:attachment":[{"href":"https:\/\/seaandsea.eu\/fr\/wp-json\/wp\/v2\/media?parent=221"}],"wp:term":[{"taxonomy":"product_cat","embeddable":true,"href":"https:\/\/seaandsea.eu\/fr\/wp-json\/wp\/v2\/product_cat?post=221"},{"taxonomy":"product_tag","embeddable":true,"href":"https:\/\/seaandsea.eu\/fr\/wp-json\/wp\/v2\/product_tag?post=221"}],"curies":[{"name":"wp","href":"https:\/\/api.w.org\/{rel}","templated":true}]}}