{"id":225,"date":"2024-02-16T08:13:48","date_gmt":"2024-02-16T07:13:48","guid":{"rendered":"https:\/\/eager-benz.45-82-188-209.plesk.page\/product\/ys-01-flitser-03112\/"},"modified":"2024-04-18T11:46:25","modified_gmt":"2024-04-18T09:46:25","slug":"ys-01-flitser","status":"publish","type":"product","link":"https:\/\/seaandsea.eu\/fr\/produit\/ys-01-flash\/","title":{"rendered":"YS-01 Flash"},"content":{"rendered":"","protected":false},"excerpt":{"rendered":"<p>YS-01<br \/>\nNum\u00e9ro de produit 03112<\/p>\n<p>&lt; niet meer leverbaar, vervangen door Nr. 03124 YS-01 Solis &gt;<\/p>\n<p>Flash compact DS-TTL et manuel abordable avec lumi\u00e8re cible.<\/p>\n<p>Caract\u00e9ristiques :<br \/>\nDes fonctions multiples r\u00e9unies dans un design compact<br \/>\nLe YS-01 est un nouveau stroboscope asservi compact qui peut \u00eatre utilis\u00e9 pour toutes les applications, du grand angle \u00e0 la macrophotographie.<br \/>\nVous pouvez basculer entre le mode DS-TTL (Digital Slave TTL) et un mode de contr\u00f4le manuel \u00e0 dix niveaux, ce qui permet d'ajuster pr\u00e9cis\u00e9ment le niveau de lumi\u00e8re aux intentions du photographe. Vous pouvez \u00e9galement mettre en place un syst\u00e8me d'\u00e9clairage utilisant deux flashes en mode DS-TTL. L'alimentation est assur\u00e9e par quatre piles AA pour un flash puissant et durable. Vous pouvez prendre des photos toute la journ\u00e9e sans avoir \u00e0 recharger les piles. Le temps de recyclage est d'environ deux secondes avec des piles nickel-m\u00e9tal hydrure (2700 mAh) pour une prise de vue en continu sans stress. Le YS-01 est \u00e9quip\u00e9 d'une lampe cible LED blanche tr\u00e8s lumineuse (1W) qui indique l'axe optique du flash fix\u00e9 \u00e0 l'avant, efficace pour la plong\u00e9e de nuit.<br \/>\nVous pouvez exercer pleinement votre cr\u00e9ativit\u00e9 avec le YS-01, qui peut \u00eatre utilis\u00e9 comme flash principal ou secondaire dans une large gamme d'applications, des appareils photo num\u00e9riques compacts aux appareils photo num\u00e9riques SLR.<\/p>\n<p>Sp\u00e9cifications :<br \/>\n[Num\u00e9ro de guide (ISO 100 \/ m) (pays)] 20<br \/>\n[Angle de rayonnement] 100 \u00b0 x 100 \u00b0 (avec diffuseur 110 \u00b0 x 110 \u00b0)<br \/>\n[Piles] 4xAA A : 6V Ni-MH : 4.8V<br \/>\n[Nombre d'\u00e9clairs] A : 230 Ni-MH : 330<br \/>\n[Temps de recyclage (plein)] A : 2,5 sec. Ni-MH : 1,9 sec.<br \/>\n[Temp\u00e9rature de couleur] 5600K<br \/>\n[Temp\u00e9rature de couleur avec diffuseur] 5250K<br \/>\n[Profondeur nominale] 75m \/ 250ft<br \/>\n[Dimensions (LxHxP)] 68x108x129mm \/ 2.7\u00d74.3\u00d75.2inch<br \/>\n[Poids] : 450 g \/ 15.8 oz (sans les piles) * Fixe un boulon de montage au stroboscope.<br \/>\n[Poids sous l'eau] : environ +10 g (avec piles)<br \/>\n[Autres]<br \/>\n- Contr\u00f4le de l'exposition : DS-TTL, Cadran de contr\u00f4le du niveau de lumi\u00e8re (GN) : 1 \/ 1,4 \/ 2 \/ 2,8 \/ 4 \/ 5,6 \/ 8\/11\/16\/20 (10 \u00e9tapes)<br \/>\n- Contr\u00f4le du pr\u00e9-flash : \u00e9quip\u00e9 d'un mode d'annulation du pr\u00e9-flash<br \/>\n- Fonction DS-TTL<br \/>\n- Fonction esclave<br \/>\n- Fonction d'arr\u00eat automatique<br \/>\n- Cordon de synchronisation : c\u00e2ble en fibre de verre<br \/>\n- Soupape de s\u00e9curit\u00e9 en cas de surpression<br \/>\n- Lampe cible LED<\/p>\n<p>&nbsp;<\/p>","protected":false},"featured_media":226,"comment_status":"closed","ping_status":"closed","template":"","meta":{"_acf_changed":false},"product_cat":[142],"product_tag":[38],"class_list":{"0":"post-225","1":"product","2":"type-product","3":"status-publish","4":"has-post-thumbnail","6":"product_cat-flitsers","7":"product_tag-sea-sea","9":"first","10":"outofstock","11":"product-type-simple"},"acf":[],"_links":{"self":[{"href":"https:\/\/seaandsea.eu\/fr\/wp-json\/wp\/v2\/product\/225","targetHints":{"allow":["GET"]}}],"collection":[{"href":"https:\/\/seaandsea.eu\/fr\/wp-json\/wp\/v2\/product"}],"about":[{"href":"https:\/\/seaandsea.eu\/fr\/wp-json\/wp\/v2\/types\/product"}],"replies":[{"embeddable":true,"href":"https:\/\/seaandsea.eu\/fr\/wp-json\/wp\/v2\/comments?post=225"}],"wp:featuredmedia":[{"embeddable":true,"href":"https:\/\/seaandsea.eu\/fr\/wp-json\/wp\/v2\/media\/226"}],"wp:attachment":[{"href":"https:\/\/seaandsea.eu\/fr\/wp-json\/wp\/v2\/media?parent=225"}],"wp:term":[{"taxonomy":"product_cat","embeddable":true,"href":"https:\/\/seaandsea.eu\/fr\/wp-json\/wp\/v2\/product_cat?post=225"},{"taxonomy":"product_tag","embeddable":true,"href":"https:\/\/seaandsea.eu\/fr\/wp-json\/wp\/v2\/product_tag?post=225"}],"curies":[{"name":"wp","href":"https:\/\/api.w.org\/{rel}","templated":true}]}}