{"id":257,"date":"2024-02-16T08:13:56","date_gmt":"2024-02-16T07:13:56","guid":{"rendered":"https:\/\/eager-benz.45-82-188-209.plesk.page\/product\/system-charts-for-canon-rdx\/"},"modified":"2024-02-16T08:13:58","modified_gmt":"2024-02-16T07:13:58","slug":"system-charts-for-canon-rdx","status":"publish","type":"product","link":"https:\/\/seaandsea.eu\/fr\/produit\/diagrammes-de-systeme-pour-le-canon-rdx\/","title":{"rendered":"Graphiques du syst\u00e8me pour Canon RDX"},"content":{"rendered":"","protected":false},"excerpt":{"rendered":"<p><span class=\"tlid-translation translation\" lang=\"nl\"><span class=\"\" title=\"\">Sch\u00e9ma du syst\u00e8me pour le bo\u00eetier Canon RDX.<\/span><\/span><\/p>\n<p>&nbsp;<\/p>\n<p><em><strong>Cliquez ici<\/strong><\/em>: <a href=\"http:\/\/www.seaandsea.jp\/products\/system_chart\/rdx_canon.html\">http:\/\/www.seaandsea.jp\/products\/system_chart\/rdx_canon.html<\/a><\/p>\n<p>&nbsp;<\/p>\n<p>&nbsp;<\/p>","protected":false},"featured_media":258,"comment_status":"closed","ping_status":"open","template":"","meta":{"_acf_changed":false},"product_cat":[150],"product_tag":[38],"class_list":{"0":"post-257","1":"product","2":"type-product","3":"status-publish","4":"has-post-thumbnail","6":"product_cat-behuizingen","7":"product_tag-sea-sea","9":"first","10":"instock","11":"product-type-simple"},"acf":[],"_links":{"self":[{"href":"https:\/\/seaandsea.eu\/fr\/wp-json\/wp\/v2\/product\/257","targetHints":{"allow":["GET"]}}],"collection":[{"href":"https:\/\/seaandsea.eu\/fr\/wp-json\/wp\/v2\/product"}],"about":[{"href":"https:\/\/seaandsea.eu\/fr\/wp-json\/wp\/v2\/types\/product"}],"replies":[{"embeddable":true,"href":"https:\/\/seaandsea.eu\/fr\/wp-json\/wp\/v2\/comments?post=257"}],"wp:featuredmedia":[{"embeddable":true,"href":"https:\/\/seaandsea.eu\/fr\/wp-json\/wp\/v2\/media\/258"}],"wp:attachment":[{"href":"https:\/\/seaandsea.eu\/fr\/wp-json\/wp\/v2\/media?parent=257"}],"wp:term":[{"taxonomy":"product_cat","embeddable":true,"href":"https:\/\/seaandsea.eu\/fr\/wp-json\/wp\/v2\/product_cat?post=257"},{"taxonomy":"product_tag","embeddable":true,"href":"https:\/\/seaandsea.eu\/fr\/wp-json\/wp\/v2\/product_tag?post=257"}],"curies":[{"name":"wp","href":"https:\/\/api.w.org\/{rel}","templated":true}]}}