{"id":295,"date":"2024-02-16T08:14:02","date_gmt":"2024-02-16T07:14:02","guid":{"rendered":"https:\/\/eager-benz.45-82-188-209.plesk.page\/product\/sa8-extra-grip-22122\/"},"modified":"2024-04-19T16:22:53","modified_gmt":"2024-04-19T14:22:53","slug":"sa8-extra-grip-22122","status":"publish","type":"product","link":"https:\/\/seaandsea.eu\/fr\/produit\/sa8-extra-grip-22122\/","title":{"rendered":"SA8 Extra Grip"},"content":{"rendered":"","protected":false},"excerpt":{"rendered":"<p>SA8 Extra Grip<br \/>\narticle : 22122<\/p>\n<p>Syst\u00e8me de bras Sea &amp; Sea Le Sea Arm 8 offre de nombreuses possibilit\u00e9s. Il est modulaire et peut donc \u00eatre adapt\u00e9 \u00e0 n'importe quel syst\u00e8me de cam\u00e9ra.<br \/>\nLe SA8 est fabriqu\u00e9 \u00e0 partir de mat\u00e9riaux de la plus haute qualit\u00e9, ce qui le rend robuste et durable.<\/p>\n<p>Examinez \u00e9galement les autres \u00e9l\u00e9ments afin d'optimiser le montage et l'utilisation de votre exposition sur votre appareil photo.<\/p>","protected":false},"featured_media":296,"comment_status":"closed","ping_status":"closed","template":"","meta":{"_acf_changed":false},"product_cat":[171,172],"product_tag":[38],"class_list":{"0":"post-295","1":"product","2":"type-product","3":"status-publish","4":"has-post-thumbnail","6":"product_cat-arm-systemen","7":"product_cat-sea-arm","8":"product_tag-sea-sea","10":"first","11":"instock","12":"product-type-simple"},"acf":[],"_links":{"self":[{"href":"https:\/\/seaandsea.eu\/fr\/wp-json\/wp\/v2\/product\/295","targetHints":{"allow":["GET"]}}],"collection":[{"href":"https:\/\/seaandsea.eu\/fr\/wp-json\/wp\/v2\/product"}],"about":[{"href":"https:\/\/seaandsea.eu\/fr\/wp-json\/wp\/v2\/types\/product"}],"replies":[{"embeddable":true,"href":"https:\/\/seaandsea.eu\/fr\/wp-json\/wp\/v2\/comments?post=295"}],"wp:featuredmedia":[{"embeddable":true,"href":"https:\/\/seaandsea.eu\/fr\/wp-json\/wp\/v2\/media\/296"}],"wp:attachment":[{"href":"https:\/\/seaandsea.eu\/fr\/wp-json\/wp\/v2\/media?parent=295"}],"wp:term":[{"taxonomy":"product_cat","embeddable":true,"href":"https:\/\/seaandsea.eu\/fr\/wp-json\/wp\/v2\/product_cat?post=295"},{"taxonomy":"product_tag","embeddable":true,"href":"https:\/\/seaandsea.eu\/fr\/wp-json\/wp\/v2\/product_tag?post=295"}],"curies":[{"name":"wp","href":"https:\/\/api.w.org\/{rel}","templated":true}]}}