{"id":317,"date":"2024-02-16T08:14:02","date_gmt":"2024-02-16T07:14:02","guid":{"rendered":"https:\/\/eager-benz.45-82-188-209.plesk.page\/product\/fiber-optical-cable-l-50133\/"},"modified":"2024-04-18T12:14:46","modified_gmt":"2024-04-18T10:14:46","slug":"fiber-optical-cable-l","status":"publish","type":"product","link":"https:\/\/seaandsea.eu\/fr\/produit\/fibre-optical-cable-l\/","title":{"rendered":"C\u00e2ble \u00e0 fibre optique L"},"content":{"rendered":"","protected":false},"excerpt":{"rendered":"<p>C\u00e2ble \u00e0 fibres optiques II Connecteurs L\/2<br \/>\nNum\u00e9ro de produit 50133<\/p>\n<p>Le c\u00e2ble \u00e0 fibres optiques de la meilleure qualit\u00e9 se compose de 613 fibres (c\u0153urs). M\u00eame si le c\u00e2ble est pli\u00e9, l'att\u00e9nuation de la lumi\u00e8re est minime. Le signal lumineux est donc envoy\u00e9 \u00e0 un stroboscope sans perte. Par rapport aux c\u00e2bles \u00e0 une seule fibre, le c\u00e2ble \u00e0 fibres optiques II est plus r\u00e9sistant \u00e0 la d\u00e9formation, \u00e0 la flexion et aux chocs physiques.<\/p>\n<p><strong>Sp\u00e9cifications<\/strong><br \/>\n<span title=\"\">Construction : R\u00e9sine m\u00e9thacrylique<\/span><br \/>\n<span title=\"\">Diam\u00e8tre des fibres : 1,5 mm \/ 0,059 pouce<\/span><br \/>\n<span title=\"\">Diam\u00e8tre du c\u00e2ble : 2,7 mm \/ 0,105 pouce<\/span><br \/>\n<span title=\"\">Longueur : 725 mm \/ 28.5 pouces<\/span><\/p>","protected":false},"featured_media":318,"comment_status":"closed","ping_status":"closed","template":"","meta":{"_acf_changed":false},"product_cat":[44,184],"product_tag":[38],"class_list":{"0":"post-317","1":"product","2":"type-product","3":"status-publish","4":"has-post-thumbnail","6":"product_cat-accessoires","7":"product_cat-flitser-accessoires","8":"product_tag-sea-sea","10":"first","11":"instock","12":"product-type-simple"},"acf":[],"_links":{"self":[{"href":"https:\/\/seaandsea.eu\/fr\/wp-json\/wp\/v2\/product\/317","targetHints":{"allow":["GET"]}}],"collection":[{"href":"https:\/\/seaandsea.eu\/fr\/wp-json\/wp\/v2\/product"}],"about":[{"href":"https:\/\/seaandsea.eu\/fr\/wp-json\/wp\/v2\/types\/product"}],"replies":[{"embeddable":true,"href":"https:\/\/seaandsea.eu\/fr\/wp-json\/wp\/v2\/comments?post=317"}],"wp:featuredmedia":[{"embeddable":true,"href":"https:\/\/seaandsea.eu\/fr\/wp-json\/wp\/v2\/media\/318"}],"wp:attachment":[{"href":"https:\/\/seaandsea.eu\/fr\/wp-json\/wp\/v2\/media?parent=317"}],"wp:term":[{"taxonomy":"product_cat","embeddable":true,"href":"https:\/\/seaandsea.eu\/fr\/wp-json\/wp\/v2\/product_cat?post=317"},{"taxonomy":"product_tag","embeddable":true,"href":"https:\/\/seaandsea.eu\/fr\/wp-json\/wp\/v2\/product_tag?post=317"}],"curies":[{"name":"wp","href":"https:\/\/api.w.org\/{rel}","templated":true}]}}