{"id":319,"date":"2024-02-16T08:14:02","date_gmt":"2024-02-16T07:14:02","guid":{"rendered":"https:\/\/eager-benz.45-82-188-209.plesk.page\/product\/5-pin-sync-cord-n-17100\/"},"modified":"2024-04-18T12:14:56","modified_gmt":"2024-04-18T10:14:56","slug":"5-pin-sync-cord-n","status":"publish","type":"product","link":"https:\/\/seaandsea.eu\/fr\/produit\/5-pin-sync-cord-n\/","title":{"rendered":"Cordon de synchronisation \u00e0 5 broches\/N"},"content":{"rendered":"","protected":false},"excerpt":{"rendered":"<p>Cordon de synchronisation \u00e0 5 broches\/N<br \/>\nNum\u00e9ro de produit 17100<\/p>\n<p>Le c\u00e2ble de synchronisation \u00e0 5 broches\/N est n\u00e9cessaire pour contr\u00f4ler \u00e9lectroniquement votre flash \u00e0 partir de l'appareil photo avec bo\u00eetier. D'un c\u00f4t\u00e9 du c\u00e2ble se trouve un connecteur pour le flash Sea &amp; Sea YS-D1 \/ D2 et de l'autre c\u00f4t\u00e9 le connecteur universel Nikon \u00e0 5 broches. Cette connexion N \u00e0 5 broches convient plus ou moins \u00e0 la plupart des marques de bo\u00eetiers sous-marins.<\/p>\n<p>Inclut 2 capuchons de protection pour garder les c\u00e2bles propres et secs pendant le transport.<br \/>\nLes fiches sont maintenues \u00e9tanches dans la prise par un joint torique. Comme le flash, ce joint doit \u00eatre maintenu propre et bien entretenu.<\/p>","protected":false},"featured_media":320,"comment_status":"closed","ping_status":"closed","template":"","meta":{"_acf_changed":false},"product_cat":[44,184],"product_tag":[38],"class_list":{"0":"post-319","1":"product","2":"type-product","3":"status-publish","4":"has-post-thumbnail","6":"product_cat-accessoires","7":"product_cat-flitser-accessoires","8":"product_tag-sea-sea","10":"first","11":"instock","12":"product-type-simple"},"acf":[],"_links":{"self":[{"href":"https:\/\/seaandsea.eu\/fr\/wp-json\/wp\/v2\/product\/319","targetHints":{"allow":["GET"]}}],"collection":[{"href":"https:\/\/seaandsea.eu\/fr\/wp-json\/wp\/v2\/product"}],"about":[{"href":"https:\/\/seaandsea.eu\/fr\/wp-json\/wp\/v2\/types\/product"}],"replies":[{"embeddable":true,"href":"https:\/\/seaandsea.eu\/fr\/wp-json\/wp\/v2\/comments?post=319"}],"wp:featuredmedia":[{"embeddable":true,"href":"https:\/\/seaandsea.eu\/fr\/wp-json\/wp\/v2\/media\/320"}],"wp:attachment":[{"href":"https:\/\/seaandsea.eu\/fr\/wp-json\/wp\/v2\/media?parent=319"}],"wp:term":[{"taxonomy":"product_cat","embeddable":true,"href":"https:\/\/seaandsea.eu\/fr\/wp-json\/wp\/v2\/product_cat?post=319"},{"taxonomy":"product_tag","embeddable":true,"href":"https:\/\/seaandsea.eu\/fr\/wp-json\/wp\/v2\/product_tag?post=319"}],"curies":[{"name":"wp","href":"https:\/\/api.w.org\/{rel}","templated":true}]}}