{"id":331,"date":"2024-02-16T08:14:08","date_gmt":"2024-02-16T07:14:08","guid":{"rendered":"https:\/\/eager-benz.45-82-188-209.plesk.page\/product\/handvat-met-drijfvermogen-46124-46131-46132\/"},"modified":"2024-04-19T15:00:28","modified_gmt":"2024-04-19T13:00:28","slug":"handvat-met-drijfvermogen","status":"publish","type":"product","link":"https:\/\/seaandsea.eu\/fr\/produit\/poignee-de-flottabilite\/","title":{"rendered":"Poign\u00e9e de flottabilit\u00e9"},"content":{"rendered":"","protected":false},"excerpt":{"rendered":"<p>Poign\u00e9e de flottabilit\u00e9<br \/>\nNum\u00e9ro de produit 46124<\/p>\n<p>Noir : 46124<\/p>\n<p>Radeau polyvalent qui peut \u00eatre utilis\u00e9 comme bras de flotteur et comme poign\u00e9e.<\/p>\n<p>&nbsp;<\/p>\n<p>Sur terre, la poign\u00e9e vous permet de transporter votre enceinte en toute s\u00e9curit\u00e9 gr\u00e2ce \u00e0 sa conception ergonomique et \u00e0 son mat\u00e9riau non \u00e9lastique. Sous l'eau, la poign\u00e9e fonctionne comme un flotteur et, parce qu'elle flotte, elle n'interf\u00e8re pas avec le fonctionnement de l'enceinte.<\/p>\n<p>Le kit de montage optionnel de la base \u00e0 bille fixe SA8 peut \u00eatre utilis\u00e9 pour fixer deux bases \u00e0 bille fixe SA8 \u00e0 la poign\u00e9e du bras flottant. Cela vous permet d'utiliser la poign\u00e9e comme bras de flash ou de l'adapter \u00e0 vos propres id\u00e9es.<\/p>\n<p><strong>Sp\u00e9cifications<br \/>\n<\/strong>Construction : poly\u00e9thyl\u00e8ne<br \/>\nProfondeur nominale : 50 m \/ 165 ft.<br \/>\nTemp\u00e9rature de service : 1-40 degr\u00e9s Celsius \/ 32-104 degr\u00e9s Fahrenheit<br \/>\nDimensions (LxHxP) : 256 x 76 x 62 mm \/ 10.1 x 3.0 x 2.4 pouces<br \/>\nPoids \u00e0 terre : 210 g \/ 7.4 oz.<br \/>\nFlottabilit\u00e9 sous l'eau : environ 280 g \/ 9.9 oz.<br \/>\n* Le poids sur terre et la flottabilit\u00e9 sous l'eau de chaque poign\u00e9e peuvent varier l\u00e9g\u00e8rement.<\/p>","protected":false},"featured_media":1278,"comment_status":"closed","ping_status":"closed","template":"","meta":{"_acf_changed":false},"product_cat":[44,188],"product_tag":[38],"class_list":{"0":"post-331","1":"product","2":"type-product","3":"status-publish","4":"has-post-thumbnail","6":"product_cat-accessoires","7":"product_cat-behuizing-accessoires","8":"product_tag-sea-sea","10":"first","11":"instock","12":"product-type-simple"},"acf":[],"_links":{"self":[{"href":"https:\/\/seaandsea.eu\/fr\/wp-json\/wp\/v2\/product\/331","targetHints":{"allow":["GET"]}}],"collection":[{"href":"https:\/\/seaandsea.eu\/fr\/wp-json\/wp\/v2\/product"}],"about":[{"href":"https:\/\/seaandsea.eu\/fr\/wp-json\/wp\/v2\/types\/product"}],"replies":[{"embeddable":true,"href":"https:\/\/seaandsea.eu\/fr\/wp-json\/wp\/v2\/comments?post=331"}],"wp:featuredmedia":[{"embeddable":true,"href":"https:\/\/seaandsea.eu\/fr\/wp-json\/wp\/v2\/media\/1278"}],"wp:attachment":[{"href":"https:\/\/seaandsea.eu\/fr\/wp-json\/wp\/v2\/media?parent=331"}],"wp:term":[{"taxonomy":"product_cat","embeddable":true,"href":"https:\/\/seaandsea.eu\/fr\/wp-json\/wp\/v2\/product_cat?post=331"},{"taxonomy":"product_tag","embeddable":true,"href":"https:\/\/seaandsea.eu\/fr\/wp-json\/wp\/v2\/product_tag?post=331"}],"curies":[{"name":"wp","href":"https:\/\/api.w.org\/{rel}","templated":true}]}}