{"id":333,"date":"2024-02-16T08:14:08","date_gmt":"2024-02-16T07:14:08","guid":{"rendered":"https:\/\/eager-benz.45-82-188-209.plesk.page\/product\/carry-clip-hardware-kit-46130\/"},"modified":"2024-04-18T12:14:10","modified_gmt":"2024-04-18T10:14:10","slug":"carry-clip-hardware-kit","status":"publish","type":"product","link":"https:\/\/seaandsea.eu\/fr\/produit\/kit-de-materiel-pour-pince-de-transport\/","title":{"rendered":"Clip de transport Kit de quincaillerie"},"content":{"rendered":"","protected":false},"excerpt":{"rendered":"<p>Kit de quincaillerie pour le clip de transport<br \/>\nNum\u00e9ro de produit 46130<\/p>\n<p><span>Sert \u00e0 fixer la poign\u00e9e au bo\u00eetier pour l'utiliser comme poign\u00e9e de transport.<br \/>\n<\/span><span>* Quatre anneaux en caoutchouc sont inclus dans ce kit. Ils emp\u00eachent les boucles m\u00e9talliques de l'\u00e9lingue d'entrer en contact direct les unes avec les autres afin de r\u00e9duire le bruit.<\/span><\/p>\n<p><strong>Sp\u00e9cifications<\/strong><br \/>\n<span>Mat\u00e9riau : acier inoxydable (base du crochet, entretoise, boulon de fixation, rondelles, plaque de fixation et crochet) Anneau en caoutchouc synth\u00e9tique<br \/>\nPoids : 96 g \/ 3.4 oz.<br \/>\nAccessoires : Fiche d'instruction et cl\u00e9 Allen<\/span><\/p>","protected":false},"featured_media":334,"comment_status":"closed","ping_status":"closed","template":"","meta":{"_acf_changed":false},"product_cat":[44,188],"product_tag":[38],"class_list":{"0":"post-333","1":"product","2":"type-product","3":"status-publish","4":"has-post-thumbnail","6":"product_cat-accessoires","7":"product_cat-behuizing-accessoires","8":"product_tag-sea-sea","10":"first","11":"instock","12":"product-type-simple"},"acf":[],"_links":{"self":[{"href":"https:\/\/seaandsea.eu\/fr\/wp-json\/wp\/v2\/product\/333","targetHints":{"allow":["GET"]}}],"collection":[{"href":"https:\/\/seaandsea.eu\/fr\/wp-json\/wp\/v2\/product"}],"about":[{"href":"https:\/\/seaandsea.eu\/fr\/wp-json\/wp\/v2\/types\/product"}],"replies":[{"embeddable":true,"href":"https:\/\/seaandsea.eu\/fr\/wp-json\/wp\/v2\/comments?post=333"}],"wp:featuredmedia":[{"embeddable":true,"href":"https:\/\/seaandsea.eu\/fr\/wp-json\/wp\/v2\/media\/334"}],"wp:attachment":[{"href":"https:\/\/seaandsea.eu\/fr\/wp-json\/wp\/v2\/media?parent=333"}],"wp:term":[{"taxonomy":"product_cat","embeddable":true,"href":"https:\/\/seaandsea.eu\/fr\/wp-json\/wp\/v2\/product_cat?post=333"},{"taxonomy":"product_tag","embeddable":true,"href":"https:\/\/seaandsea.eu\/fr\/wp-json\/wp\/v2\/product_tag?post=333"}],"curies":[{"name":"wp","href":"https:\/\/api.w.org\/{rel}","templated":true}]}}