{"id":349,"date":"2024-02-16T08:14:08","date_gmt":"2024-02-16T07:14:08","guid":{"rendered":"https:\/\/eager-benz.45-82-188-209.plesk.page\/product\/vf180-12-viewfinder-46112\/"},"modified":"2024-04-19T16:22:34","modified_gmt":"2024-04-19T14:22:34","slug":"vf180-12-viewfinder-46112","status":"publish","type":"product","link":"https:\/\/seaandsea.eu\/fr\/produit\/vf180-12-viewfinder-46112\/","title":{"rendered":"VF180 1.2 Viseur"},"content":{"rendered":"","protected":false},"excerpt":{"rendered":"<p>VF180 1.2x<br \/>\nNum\u00e9ro de produit 46112<\/p>\n<p><span>Viseur \u00e0 prisme droit compatible avec les bo\u00eetiers des s\u00e9ries RDX et MDX. Il peut \u00eatre fix\u00e9 au bo\u00eetier en rempla\u00e7ant le viseur d'origine. Le rapport d'agrandissement est de 1,2x sans sacrifier le champ de vision. Le VF180 1.2x \u00e9tant un viseur droit, vous pouvez composer vos images comme si vous regardiez directement dans le viseur de l'appareil photo. Les lentilles optiques \u00e0 8 \u00e9l\u00e9ments et 6 groupes reproduisent des couleurs naturelles. Le viseur est rempli d'azote pour \u00e9viter la condensation et la formation de bu\u00e9e. La protection oculaire garantit une vision claire, car aucune lumi\u00e8re ne peut p\u00e9n\u00e9trer dans le viseur.<br \/>\n* Un accessoire est n\u00e9cessaire pour fixer le viseur au bo\u00eetier.<\/span><\/p>\n<p><strong>Sp\u00e9cifications<\/strong><br \/>\n<span>Construction : alliage d'aluminium r\u00e9sistant \u00e0 la corrosion<br \/>\nProfondeur nominale : 100m \/ 330ft<br \/>\n<\/span><span>Dimensions (DIAxD) : 45\u00d7111 mm \/ 1.8 x 4.4 pouces<br \/>\nPoids : 275 g \/ 9.6 oz<br \/>\nBo\u00eetiers compatibles : (mod\u00e8les produits apr\u00e8s 2007)RDX-750D RDX-100D RDX-650D RDX-600D RDX-550D<br \/>\n(*2) MDX-D850 (*3) MDX-5D Mark IV MDX-80D MDX-D500 MDX-EM5 Mark II06177 MDX-\u03b17 II MDX-5D Mark III ver.2 MDX-7D Mark II MDX-70D MDX-5D Mark III MDX- 6D MDX-7D MDX-PRO 5D Mark II\uff08*1\uff09MDX-40D\uff08*2\uff09MDX-D800 MDX-D7100 MDX-D7000 MDX-D300s MDX-PRO D700 MDX-PRO D3 \uff08*2\uff09 MDX-D300\uff08*2\uff09<\/p>\n<p>* 1 Le support de distance pour accessoires est n\u00e9cessaire pour installer le viseur sur le bo\u00eetier.<br \/>\n* 2 Une modification en usine est n\u00e9cessaire pour installer le viseur. Veuillez contacter un revendeur ou distributeur officiel de SEA &amp; SEA.<br \/>\n* 3 La partie inf\u00e9rieure du viseur de l'appareil photo (o\u00f9 les donn\u00e9es de prise de vue sont affich\u00e9es) ne peut pas \u00eatre visualis\u00e9e en raison du vignettage.<\/span><\/p>","protected":false},"featured_media":350,"comment_status":"closed","ping_status":"closed","template":"","meta":{"_acf_changed":false},"product_cat":[44,188],"product_tag":[201,38,180,202],"class_list":{"0":"post-349","1":"product","2":"type-product","3":"status-publish","4":"has-post-thumbnail","6":"product_cat-accessoires","7":"product_cat-behuizing-accessoires","8":"product_tag-201","9":"product_tag-sea-sea","10":"product_tag-stay","11":"product_tag-viewfinder","13":"first","14":"instock","15":"product-type-simple"},"acf":[],"_links":{"self":[{"href":"https:\/\/seaandsea.eu\/fr\/wp-json\/wp\/v2\/product\/349","targetHints":{"allow":["GET"]}}],"collection":[{"href":"https:\/\/seaandsea.eu\/fr\/wp-json\/wp\/v2\/product"}],"about":[{"href":"https:\/\/seaandsea.eu\/fr\/wp-json\/wp\/v2\/types\/product"}],"replies":[{"embeddable":true,"href":"https:\/\/seaandsea.eu\/fr\/wp-json\/wp\/v2\/comments?post=349"}],"wp:featuredmedia":[{"embeddable":true,"href":"https:\/\/seaandsea.eu\/fr\/wp-json\/wp\/v2\/media\/350"}],"wp:attachment":[{"href":"https:\/\/seaandsea.eu\/fr\/wp-json\/wp\/v2\/media?parent=349"}],"wp:term":[{"taxonomy":"product_cat","embeddable":true,"href":"https:\/\/seaandsea.eu\/fr\/wp-json\/wp\/v2\/product_cat?post=349"},{"taxonomy":"product_tag","embeddable":true,"href":"https:\/\/seaandsea.eu\/fr\/wp-json\/wp\/v2\/product_tag?post=349"}],"curies":[{"name":"wp","href":"https:\/\/api.w.org\/{rel}","templated":true}]}}