{"id":351,"date":"2024-02-16T08:14:08","date_gmt":"2024-02-16T07:14:08","guid":{"rendered":"https:\/\/eager-benz.45-82-188-209.plesk.page\/product\/vf45-1-2-viewfinder-46111\/"},"modified":"2024-04-18T12:11:18","modified_gmt":"2024-04-18T10:11:18","slug":"vf45-1-2-viewfinder","status":"publish","type":"product","link":"https:\/\/seaandsea.eu\/fr\/produit\/vf45-1-2-viseur\/","title":{"rendered":"VF45 1.2 Viseur"},"content":{"rendered":"","protected":false},"excerpt":{"rendered":"<p>VF45 1.2x<br \/>\nNum\u00e9ro de produit 46111<\/p>\n<p><span>Un viseur \u00e0 prisme de 45\u00b0 (grossissement : 1,2x).<br \/>\nLe viseur \u00e0 prismes VF45 (en option) remplace le viseur d'origine de votre bo\u00eetier et offre une visibilit\u00e9 sup\u00e9rieure. Le VF45 couvre l'ensemble du champ de vision, augmentant le grossissement de 1,2 fois et permettant un cadrage et une mise au point subtils des sujets. L'\u0153illeton pivote sur 360\u00b0 par incr\u00e9ments de 90\u00b0 afin d'obtenir la position id\u00e9ale de l'appareil photo, que ce soit en paysage ou en portrait. Le viseur \u00e0 prisme de 45 degr\u00e9s est id\u00e9al pour toutes les conditions, mais particuli\u00e8rement adapt\u00e9 \u00e0 la macrophotographie, lorsque l'appareil photo est souvent plac\u00e9 plus bas que le photographe. L'oculaire ergonomique emp\u00eache la lumi\u00e8re inutile d'entrer, ce qui permet d'extraire des images claires et pr\u00e9cises \u00e0 travers le viseur.<\/span><\/p>\n<p><strong>Sp\u00e9cifications<br \/>\n<\/strong>[Construction] alliage d'aluminium r\u00e9sistant \u00e0 la corrosion<br \/>\n[Profondeur nominale] 100m \/ 330ft<br \/>\n[Dimensions (LxHxP)] 57,5\u00d798,7x96mm \/ 2,3\u00d73,9\u00d73,8inch<br \/>\n[Poids] 390 g \/ 13.7 oz<br \/>\n[Bo\u00eetiers compatibles]MDX-5D Mark III, MDX-6D, MDX-7D, MDX-PRO 5D Mark II \uff08\uff081 \u203b, MDX-40D \uff08\u203b 2\uff09MDX-D800, MDX-D7100, MDX-D7000, MDX-D300s, MDX-PRO D700, MDX-PRO D3 \uff08\u203b 2\uff09, MDX-D300 \uff08\u203b 2\uff09<br \/>\n* 1 Le support de distance pour accessoires est n\u00e9cessaire pour installer le viseur sur le bo\u00eetier* 2 Une modification en usine est n\u00e9cessaire pour installer le viseur. Veuillez contacter un revendeur ou distributeur officiel de SEA &amp; SEA.<\/p>","protected":false},"featured_media":352,"comment_status":"closed","ping_status":"closed","template":"","meta":{"_acf_changed":false},"product_cat":[44,188],"product_tag":[38,203,202],"class_list":{"0":"post-351","1":"product","2":"type-product","3":"status-publish","4":"has-post-thumbnail","6":"product_cat-accessoires","7":"product_cat-behuizing-accessoires","8":"product_tag-sea-sea","9":"product_tag-vf45","10":"product_tag-viewfinder","12":"first","13":"instock","14":"product-type-simple"},"acf":[],"_links":{"self":[{"href":"https:\/\/seaandsea.eu\/fr\/wp-json\/wp\/v2\/product\/351","targetHints":{"allow":["GET"]}}],"collection":[{"href":"https:\/\/seaandsea.eu\/fr\/wp-json\/wp\/v2\/product"}],"about":[{"href":"https:\/\/seaandsea.eu\/fr\/wp-json\/wp\/v2\/types\/product"}],"replies":[{"embeddable":true,"href":"https:\/\/seaandsea.eu\/fr\/wp-json\/wp\/v2\/comments?post=351"}],"wp:featuredmedia":[{"embeddable":true,"href":"https:\/\/seaandsea.eu\/fr\/wp-json\/wp\/v2\/media\/352"}],"wp:attachment":[{"href":"https:\/\/seaandsea.eu\/fr\/wp-json\/wp\/v2\/media?parent=351"}],"wp:term":[{"taxonomy":"product_cat","embeddable":true,"href":"https:\/\/seaandsea.eu\/fr\/wp-json\/wp\/v2\/product_cat?post=351"},{"taxonomy":"product_tag","embeddable":true,"href":"https:\/\/seaandsea.eu\/fr\/wp-json\/wp\/v2\/product_tag?post=351"}],"curies":[{"name":"wp","href":"https:\/\/api.w.org\/{rel}","templated":true}]}}