{"id":361,"date":"2024-02-16T08:14:08","date_gmt":"2024-02-16T07:14:08","guid":{"rendered":"https:\/\/eager-benz.45-82-188-209.plesk.page\/product\/shade-ring-m62-52135\/"},"modified":"2024-04-18T12:12:39","modified_gmt":"2024-04-18T10:12:39","slug":"shade-ring-m62","status":"publish","type":"product","link":"https:\/\/seaandsea.eu\/fr\/produit\/anneau-dombrage-m62\/","title":{"rendered":"Anneau d'ombrage M62"},"content":{"rendered":"","protected":false},"excerpt":{"rendered":"<p>Anneau d'ombrage M62<br \/>\nNum\u00e9ro de produit 52135<\/p>\n<p><span>La bague emp\u00eache les reflets inutiles dans le port du d\u00f4me ML lorsqu'il est utilis\u00e9 avec l'objectif SEL1018. Lorsque le zoom SEL1018 est mont\u00e9, la combinaison emp\u00eache les reflets de lumi\u00e8re interne du flash int\u00e9gr\u00e9.\u00a0<\/span><\/p>","protected":false},"featured_media":362,"comment_status":"closed","ping_status":"closed","template":"","meta":{"_acf_changed":false},"product_cat":[44,188],"product_tag":[208,209,106,210,38,211,62],"class_list":{"0":"post-361","1":"product","2":"type-product","3":"status-publish","4":"has-post-thumbnail","6":"product_cat-accessoires","7":"product_cat-behuizing-accessoires","8":"product_tag-208","9":"product_tag-refelxi","10":"product_tag-ring","11":"product_tag-schaduw","12":"product_tag-sea-sea","13":"product_tag-shading","14":"product_tag-zoom","16":"first","17":"instock","18":"product-type-simple"},"acf":[],"_links":{"self":[{"href":"https:\/\/seaandsea.eu\/fr\/wp-json\/wp\/v2\/product\/361","targetHints":{"allow":["GET"]}}],"collection":[{"href":"https:\/\/seaandsea.eu\/fr\/wp-json\/wp\/v2\/product"}],"about":[{"href":"https:\/\/seaandsea.eu\/fr\/wp-json\/wp\/v2\/types\/product"}],"replies":[{"embeddable":true,"href":"https:\/\/seaandsea.eu\/fr\/wp-json\/wp\/v2\/comments?post=361"}],"wp:featuredmedia":[{"embeddable":true,"href":"https:\/\/seaandsea.eu\/fr\/wp-json\/wp\/v2\/media\/362"}],"wp:attachment":[{"href":"https:\/\/seaandsea.eu\/fr\/wp-json\/wp\/v2\/media?parent=361"}],"wp:term":[{"taxonomy":"product_cat","embeddable":true,"href":"https:\/\/seaandsea.eu\/fr\/wp-json\/wp\/v2\/product_cat?post=361"},{"taxonomy":"product_tag","embeddable":true,"href":"https:\/\/seaandsea.eu\/fr\/wp-json\/wp\/v2\/product_tag?post=361"}],"curies":[{"name":"wp","href":"https:\/\/api.w.org\/{rel}","templated":true}]}}