{"id":381,"date":"2024-02-16T08:14:14","date_gmt":"2024-02-16T07:14:14","guid":{"rendered":"https:\/\/eager-benz.45-82-188-209.plesk.page\/product\/leak-sentinel-v5-46125\/"},"modified":"2024-04-18T12:06:16","modified_gmt":"2024-04-18T10:06:16","slug":"leak-sentinel-v5","status":"publish","type":"product","link":"https:\/\/seaandsea.eu\/fr\/produit\/fuite-sentinel-v5\/","title":{"rendered":"Leak Sentinel V5"},"content":{"rendered":"","protected":false},"excerpt":{"rendered":"<p>Leak Sentinel V5<br \/>\nNum\u00e9ro de produit 46125<\/p>\n<p>Permet de v\u00e9rifier l'\u00e9tanch\u00e9it\u00e9 du bo\u00eetier avant la plong\u00e9e.<\/p>","protected":false},"featured_media":382,"comment_status":"closed","ping_status":"closed","template":"","meta":{"_acf_changed":false},"product_cat":[44,188],"product_tag":[228,218,229,219,38,230],"class_list":{"0":"post-381","1":"product","2":"type-product","3":"status-publish","4":"has-post-thumbnail","6":"product_cat-accessoires","7":"product_cat-behuizing-accessoires","8":"product_tag-228","9":"product_tag-leak","10":"product_tag-leaking","11":"product_tag-lekkage","12":"product_tag-sea-sea","13":"product_tag-sentinel","15":"first","16":"instock","17":"product-type-simple"},"acf":[],"_links":{"self":[{"href":"https:\/\/seaandsea.eu\/fr\/wp-json\/wp\/v2\/product\/381","targetHints":{"allow":["GET"]}}],"collection":[{"href":"https:\/\/seaandsea.eu\/fr\/wp-json\/wp\/v2\/product"}],"about":[{"href":"https:\/\/seaandsea.eu\/fr\/wp-json\/wp\/v2\/types\/product"}],"replies":[{"embeddable":true,"href":"https:\/\/seaandsea.eu\/fr\/wp-json\/wp\/v2\/comments?post=381"}],"wp:featuredmedia":[{"embeddable":true,"href":"https:\/\/seaandsea.eu\/fr\/wp-json\/wp\/v2\/media\/382"}],"wp:attachment":[{"href":"https:\/\/seaandsea.eu\/fr\/wp-json\/wp\/v2\/media?parent=381"}],"wp:term":[{"taxonomy":"product_cat","embeddable":true,"href":"https:\/\/seaandsea.eu\/fr\/wp-json\/wp\/v2\/product_cat?post=381"},{"taxonomy":"product_tag","embeddable":true,"href":"https:\/\/seaandsea.eu\/fr\/wp-json\/wp\/v2\/product_tag?post=381"}],"curies":[{"name":"wp","href":"https:\/\/api.w.org\/{rel}","templated":true}]}}