{"id":383,"date":"2024-02-16T08:14:14","date_gmt":"2024-02-16T07:14:14","guid":{"rendered":"https:\/\/eager-benz.45-82-188-209.plesk.page\/product\/m67-wide-angle-conversion-lens-06x-52123\/"},"modified":"2024-04-18T12:08:00","modified_gmt":"2024-04-18T10:08:00","slug":"m67-wide-angle-conversion-lens-06x","status":"publish","type":"product","link":"https:\/\/seaandsea.eu\/fr\/produit\/m67-objectif-de-conversion-grand-angle-06x\/","title":{"rendered":"M67 Objectif de conversion grand angle 0,6x"},"content":{"rendered":"","protected":false},"excerpt":{"rendered":"<p>Objectif de conversion grand angle M67 0,6x<br \/>\nNum\u00e9ro de produit 52123<\/p>\n<p>Une lentille de conversion grand angle avec un <span>Fixation par vis M67.<br \/>\nLorsque l'objectif est mont\u00e9, l'angle de vue passe de 28 mm \u00e0 environ 17 mm maximum (\u00e9quivalent d'un appareil photo 35 mm). L'objectif peut \u00eatre d\u00e9tach\u00e9 et fix\u00e9 sous l'eau ; il peut \u00e9galement \u00eatre utilis\u00e9 sur terre.<br \/>\n- L'utilisation d'un flash externe est fortement recommand\u00e9e ; si vous utilisez le flash int\u00e9gr\u00e9 alors que l'objectif est mont\u00e9, des ombres peuvent appara\u00eetre sur les images.<br \/>\n- L'objectif est compatible avec les MDX-RX100III, MDX-RX100 \/ II, MDX-X10*, Nikon WP-N1+ \/ WP-N2* \/ WP-N3, Olympus PT-EP06L, PT-EP05L \u00e0 partir de mars 2015.<br \/>\n* Pour les bo\u00eetiers avec \u00e9toile (*), zoomez l\u00e9g\u00e8rement sur le c\u00f4t\u00e9 t\u00e9l\u00e9objectif pour \u00e9viter le vignettage.<\/span><\/p>\n<p><strong>Sp\u00e9cifications<\/strong><br \/>\n<span>Objectif : 3 \u00e9l\u00e9ments en 3 groupes<br \/>\nAngle de vue sous l'eau : 94 degr\u00e9s (150 degr\u00e9s sur terre)<br \/>\nGrossissement : 0,6x<br \/>\nProfondeur nominale : 60m \/ 200ft<br \/>\nPoids : 426 g \/ 15 oz (220 g \/ 7.8 oz sous l'eau)<br \/>\nDimensions : (DIA x D) 96 x 44 mm \/ 3.8 x 1.7 pouces<br \/>\nConstruction : alliage d'aluminium r\u00e9sistant \u00e0 la corrosion.<\/span><\/p>","protected":false},"featured_media":384,"comment_status":"closed","ping_status":"closed","template":"","meta":{"_acf_changed":false},"product_cat":[44,231],"product_tag":[38],"class_list":{"0":"post-383","1":"product","2":"type-product","3":"status-publish","4":"has-post-thumbnail","6":"product_cat-accessoires","7":"product_cat-lenses-and-accessories","8":"product_tag-sea-sea","10":"first","11":"instock","12":"product-type-simple"},"acf":[],"_links":{"self":[{"href":"https:\/\/seaandsea.eu\/fr\/wp-json\/wp\/v2\/product\/383","targetHints":{"allow":["GET"]}}],"collection":[{"href":"https:\/\/seaandsea.eu\/fr\/wp-json\/wp\/v2\/product"}],"about":[{"href":"https:\/\/seaandsea.eu\/fr\/wp-json\/wp\/v2\/types\/product"}],"replies":[{"embeddable":true,"href":"https:\/\/seaandsea.eu\/fr\/wp-json\/wp\/v2\/comments?post=383"}],"wp:featuredmedia":[{"embeddable":true,"href":"https:\/\/seaandsea.eu\/fr\/wp-json\/wp\/v2\/media\/384"}],"wp:attachment":[{"href":"https:\/\/seaandsea.eu\/fr\/wp-json\/wp\/v2\/media?parent=383"}],"wp:term":[{"taxonomy":"product_cat","embeddable":true,"href":"https:\/\/seaandsea.eu\/fr\/wp-json\/wp\/v2\/product_cat?post=383"},{"taxonomy":"product_tag","embeddable":true,"href":"https:\/\/seaandsea.eu\/fr\/wp-json\/wp\/v2\/product_tag?post=383"}],"curies":[{"name":"wp","href":"https:\/\/api.w.org\/{rel}","templated":true}]}}