{"id":395,"date":"2024-02-16T08:14:14","date_gmt":"2024-02-16T07:14:14","guid":{"rendered":"https:\/\/eager-benz.45-82-188-209.plesk.page\/product\/mdx-z7-behuizing-voor-nikon-z7-z6-06189\/"},"modified":"2024-04-18T12:06:26","modified_gmt":"2024-04-18T10:06:26","slug":"mdx-z7-behuizing-voor-nikon-z7-z6","status":"publish","type":"product","link":"https:\/\/seaandsea.eu\/fr\/produit\/boitier-mdx-z7-pour-nikon-z7-z6\/","title":{"rendered":"Bo\u00eetier MDX-Z7 pour Nikon Z7 &amp; Z6"},"content":{"rendered":"","protected":false},"excerpt":{"rendered":"<p>Etui Sea &amp; Sea MDX-Z7 pour le Nikon Z7<\/p>\n<p>MDX-Z7 (Noir)(Bo\u00eetier uniquement)<br \/>\nNum\u00e9ro de produit : 06189<\/p>\n<p>Bo\u00eetier de pointe pour les appareils photo reflex sans miroir et syst\u00e8me Z7 et Z6 de Nikon, compacts et ergonomiques. \u00c9quip\u00e9 d'un convertisseur optique YS.<\/p>\n<p>Conception compacte.<br \/>\nTirant parti de la conception compacte et du poids l\u00e9ger de l'appareil photo Z7\/6, le caisson a \u00e9t\u00e9 con\u00e7u en cons\u00e9quence pour am\u00e9liorer ces caract\u00e9ristiques. Compar\u00e9 au bo\u00eetier SLR MDX-850, le MDX-Z7\/6 est 100g\/3.5oz plus l\u00e9ger sur terre.<\/p>\n<p>Poids : MDX-Z7 2700g\/95.2oz (sur terre), MDX-D850 2800g\/98.8oz (sur terre).<\/p>\n<p>Les orifices et les engrenages des bo\u00eetiers SLR de la s\u00e9rie MDX peuvent \u00eatre utilis\u00e9s.<br \/>\nLe MDX-Z7\/6 est compatible avec le tableau des syst\u00e8mes des bo\u00eetiers SLR de la s\u00e9rie MDX. Vous pouvez utiliser des objectifs \u00e0 monture F avec l'adaptateur de monture FTZ et les ports\/arceaux pour les bo\u00eetiers de la s\u00e9rie MDX.<\/p>\n<p>Compatible avec le convertisseur optique YS\/N1. Possibilit\u00e9 de photographie stroboscopique TTL.<br \/>\nUn convertisseur optique YS optionnel, qui convertit le signal TTL du sabot de l'appareil photo en un signal lumineux LED, est compatible avec le bo\u00eetier. La photographie stroboscopique manuelle est \u00e9galement possible.<\/p>\n<p>Con\u00e7u pour les objectifs \u00e0 monture F avec l'adaptateur FTZ et les objectifs \u00e0 monture Z.<br \/>\nLa molette de mise au point\/zoom poss\u00e8de deux vitesses, l'une pour les objectifs \u00e0 monture F avec l'adaptateur FTZ et l'autre pour les objectifs \u00e0 monture Z. Le MDX-Z7 a \u00e9t\u00e9 con\u00e7u pour prendre en compte les diff\u00e9rents objectifs \u00e0 monture Z qui seront bient\u00f4t disponibles. Le MDX-Z7 a \u00e9t\u00e9 con\u00e7u pour prendre en compte les diff\u00e9rents objectifs \u00e0 monture Z qui seront bient\u00f4t disponibles.<\/p>\n<p>Le panneau de commande sup\u00e9rieur de la cam\u00e9ra est visible.<br \/>\nUne fen\u00eatre pour le panneau de commande sup\u00e9rieur de la cam\u00e9ra est \u00e9galement incorpor\u00e9e. La luminosit\u00e9 du panneau de commande sup\u00e9rieur de la cam\u00e9ra ayant \u00e9t\u00e9 augment\u00e9e, la visibilit\u00e9 est d\u00e9sormais grandement am\u00e9lior\u00e9e.<\/p>\n<p>MDX-Z7 Autres caract\u00e9ristiques<\/p>\n<p>-Le verrouillage de l'orifice emp\u00eache l'orifice de tourner ou de se desserrer et le levier de verrouillage de l'orifice est sp\u00e9cifiquement situ\u00e9 pour \u00e9viter d'\u00eatre d\u00e9verrouill\u00e9 accidentellement.<br \/>\n-Le bo\u00eetier est \u00e9quip\u00e9 d'un bouton de d\u00e9verrouillage de l'objectif qui permet de changer facilement d'objectif, sans ouvrir le bo\u00eetier.<br \/>\n-En retirant la molette de mise au point\/zoom, il y a suffisamment d'espace \u00e0 l'int\u00e9rieur du bo\u00eetier pour accueillir facilement des objectifs de plus grand diam\u00e8tre.<br \/>\n-La molette de r\u00e9glage dioptrique de l'appareil photo peut \u00eatre actionn\u00e9e depuis l'ext\u00e9rieur du bo\u00eetier. Cette fonction est utile lorsque deux personnes ou plus ayant une vue diff\u00e9rente utilisent le bo\u00eetier.<br \/>\n-Toutes les commandes sont dot\u00e9es d'autocollants luminescents qui brillent dans l'obscurit\u00e9.<br \/>\n\u00c9quip\u00e9 d'un viseur optique 0,5x en standard. D'autres viseurs optionnels tels que le viseur optique 0,66x et 0,8x peuvent \u00eatre utilis\u00e9s.<br \/>\nLorsque le VF45 et le VF180 1,2x sont mont\u00e9s sur le bo\u00eetier, les coins du viseur de l'appareil photo ne peuvent pas \u00eatre visualis\u00e9s en raison du vignettage.<br \/>\n-Le connecteur \u00e0 2 broches du cordon de synchronisation permet d'utiliser un c\u00e2ble de synchronisation conventionnel c\u00e2bl\u00e9 (mode manuel uniquement).<br \/>\n-\u00c9quip\u00e9 de deux diodes sacrificielles en zinc (une sur le bo\u00eetier avant et l'autre sur le bo\u00eetier arri\u00e8re) pour \u00e9viter les dommages dus \u00e0 l'\u00e9lectrolyse.<br \/>\n-\u00c9quip\u00e9 d'une protection inf\u00e9rieure pour \u00e9viter les rayures.<\/p>\n<p>Sp\u00e9cifications<br \/>\nMDX-Z7<br \/>\n[Construction] Corps : alliage d'aluminium r\u00e9sistant \u00e0 la corrosion (usin\u00e9)<br \/>\nPoign\u00e9e : alliage d'aluminium moul\u00e9 sous pression r\u00e9sistant \u00e0 la corrosion<br \/>\n[Profondeur nominale] 100m \/ 330ft<br \/>\n[Dimensions (LxHxP)] 339 x 169 x 158 mm \/ 13.3 x 6.7 x 6.2 pouces<br \/>\n[Poids] Environ 2 700 g \/ 95 oz (bo\u00eetier uniquement)<\/p>","protected":false},"featured_media":396,"comment_status":"closed","ping_status":"closed","template":"","meta":{"_acf_changed":false},"product_cat":[150],"product_tag":[151,123,233,38,234],"class_list":{"0":"post-395","1":"product","2":"type-product","3":"status-publish","4":"has-post-thumbnail","6":"product_cat-behuizingen","7":"product_tag-behuizing","8":"product_tag-housing","9":"product_tag-nikon-z6","10":"product_tag-sea-sea","11":"product_tag-z7","13":"first","14":"instock","15":"product-type-simple"},"acf":[],"_links":{"self":[{"href":"https:\/\/seaandsea.eu\/fr\/wp-json\/wp\/v2\/product\/395","targetHints":{"allow":["GET"]}}],"collection":[{"href":"https:\/\/seaandsea.eu\/fr\/wp-json\/wp\/v2\/product"}],"about":[{"href":"https:\/\/seaandsea.eu\/fr\/wp-json\/wp\/v2\/types\/product"}],"replies":[{"embeddable":true,"href":"https:\/\/seaandsea.eu\/fr\/wp-json\/wp\/v2\/comments?post=395"}],"wp:featuredmedia":[{"embeddable":true,"href":"https:\/\/seaandsea.eu\/fr\/wp-json\/wp\/v2\/media\/396"}],"wp:attachment":[{"href":"https:\/\/seaandsea.eu\/fr\/wp-json\/wp\/v2\/media?parent=395"}],"wp:term":[{"taxonomy":"product_cat","embeddable":true,"href":"https:\/\/seaandsea.eu\/fr\/wp-json\/wp\/v2\/product_cat?post=395"},{"taxonomy":"product_tag","embeddable":true,"href":"https:\/\/seaandsea.eu\/fr\/wp-json\/wp\/v2\/product_tag?post=395"}],"curies":[{"name":"wp","href":"https:\/\/api.w.org\/{rel}","templated":true}]}}