{"id":397,"date":"2024-02-16T08:14:14","date_gmt":"2024-02-16T07:14:14","guid":{"rendered":"https:\/\/eager-benz.45-82-188-209.plesk.page\/product\/mdx-r-behuizing-voor-canon-eos-r-06190\/"},"modified":"2024-04-18T12:09:06","modified_gmt":"2024-04-18T10:09:06","slug":"mdx-r-behuizing-voor-canon-eos-r","status":"publish","type":"product","link":"https:\/\/seaandsea.eu\/fr\/produit\/boitier-mdx-r-pour-canon-eos-r\/","title":{"rendered":"Bo\u00eetier MDX-R pour Canon EOS R"},"content":{"rendered":"","protected":false},"excerpt":{"rendered":"<p><span class=\"tlid-translation translation\" lang=\"nl\">\u00c9tui sous-marin pour le Canon EOS R<\/span><\/p>\n<p>MDX-R (noir) (bo\u00eetier uniquement)<br \/>\nNum\u00e9ro de produit 06190<\/p>\n<p>Bo\u00eetier de pointe pour l'appareil photo Canon EOS R sans miroir et plein format. Compact, compatible avec le convertisseur optique YS et ergonomique.<\/p>\n<p><strong>Caract\u00e9ristiques<\/strong><br \/>\nCon\u00e7u pour \u00eatre compact et l\u00e9ger.<br \/>\nTirant parti de la conception compacte et de la l\u00e9g\u00e8ret\u00e9 des appareils photo sans miroir, les caissons sont con\u00e7us pour am\u00e9liorer ces caract\u00e9ristiques. Compar\u00e9 au caisson pour appareil photo SLR MDX-5D Mark lV, le MDX-R est 100 g \/ 3,5 oz plus l\u00e9ger sur terre.<\/p>\n<p>Les ports et les engrenages des bo\u00eetiers SLX de la s\u00e9rie MDX peuvent \u00eatre utilis\u00e9s.<br \/>\nLe MDX-R est compatible avec la carte m\u00e8re des bo\u00eetiers SLR de la s\u00e9rie MDX. Vous pouvez utiliser des objectifs \u00e0 monture EF avec l'adaptateur de monture et les ports\/outils pour les bo\u00eetiers de la s\u00e9rie MDX.<\/p>\n<p>Carte de syst\u00e8me de ports<br \/>\nCompatible avec le convertisseur optique YS C \/ R (nom provisoire). Flash TTL possible.<br \/>\nLe nouveau convertisseur optique YS C \/ R*, qui convertit le signal TTL de la griffe de l'appareil photo en un signal lumineux LED, est disponible en option. Le convertisseur permet de photographier avec une exposition manuelle ou TTL.<\/p>\n<p>* D\u00e9veloppement actuel d'un nouveau firmware.<br \/>\nCon\u00e7u pour les objectifs \u00e0 monture RF.<br \/>\nLa molette de mise au point\/zoom comporte deux vitesses, dont l'une est d\u00e9di\u00e9e aux objectifs \u00e0 monture RF.<br \/>\nLe panneau de commande sup\u00e9rieur de l'appareil photo est visible.<br \/>\nUne fen\u00eatre pour le panneau de commande sup\u00e9rieur de la cam\u00e9ra a \u00e9galement \u00e9t\u00e9 incorpor\u00e9e. La luminosit\u00e9 du panneau de commande sup\u00e9rieur de la cam\u00e9ra ayant augment\u00e9, la visibilit\u00e9 est d\u00e9sormais nettement am\u00e9lior\u00e9e.<\/p>\n<p>Autres caract\u00e9ristiques du MDX-R<br \/>\n- Le Port Lock emp\u00eache le port de tourner ou de se desserrer et le levier du Port Lock est sp\u00e9cialement positionn\u00e9 pour emp\u00eacher tout d\u00e9verrouillage accidentel.<br \/>\n-Le bo\u00eetier est dot\u00e9 d'un bouton de verrouillage de l'objectif qui permet de changer facilement d'objectif sans ouvrir le bo\u00eetier.<br \/>\n- En retirant la molette de mise au point\/zoom, il y a suffisamment d'espace dans le bo\u00eetier pour accueillir facilement des objectifs de plus grand diam\u00e8tre.<br \/>\n- Toutes les commandes sont dot\u00e9es d'autocollants phosphorescents qui s'illuminent dans les environnements sombres.<br \/>\n- \u00c9quip\u00e9 d'un viseur optique 0,5x en standard. D'autres viseurs optionnels tels que le viseur optique 0,66x et 0,8x peuvent \u00eatre utilis\u00e9s.<br \/>\n\u203b Un certain vignettage se produit. Lorsque le VF45 et le VF180 1,2x sont mont\u00e9s sur le bo\u00eetier, les coins du viseur de l'appareil photo ne peuvent pas \u00eatre visualis\u00e9s en raison du vignettage.<br \/>\n- Le connecteur \u00e0 2 broches du cordon de synchronisation permet d'utiliser un c\u00e2ble de synchronisation conventionnel (mode manuel uniquement).<br \/>\n- \u00c9quip\u00e9 de deux diodes sacrificielles en zinc (une \u00e0 l'avant et l'autre \u00e0 l'arri\u00e8re) pour \u00e9viter les dommages caus\u00e9s par l'\u00e9lectrolyse.<br \/>\n- La protection inf\u00e9rieure prot\u00e8ge contre les rayures.<\/p>\n<p><strong>Sp\u00e9cifications<\/strong><br \/>\nMDX-R<br \/>\n[Construction] Corps : alliage d'aluminium r\u00e9sistant \u00e0 la corrosion (usin\u00e9)<br \/>\nPoign\u00e9e : alliage d'aluminium moul\u00e9 r\u00e9sistant \u00e0 la corrosion<br \/>\n[Profondeur nominale] 100m \/ 330ft<br \/>\n[Dimensions (LxHxP)] 342 x 174 x 159 mm \/ 13.5 x 6.9 x 6.3 pouces<br \/>\n[Poids] Environ 2 900 g \/ 102 oz (bo\u00eetier uniquement)<\/p>\n<p>Diagramme de port : <a href=\"http:\/\/www.seaandsea.jp\/products\/system_chart\/mdx_canon.html\">http:\/\/www.seaandsea.jp\/products\/system_chart\/mdx_canon.html<\/a><\/p>","protected":false},"featured_media":398,"comment_status":"closed","ping_status":"closed","template":"","meta":{"_acf_changed":false},"product_cat":[150],"product_tag":[151,152,153,235,236,38],"class_list":{"0":"post-397","1":"product","2":"type-product","3":"status-publish","4":"has-post-thumbnail","6":"product_cat-behuizingen","7":"product_tag-behuizing","8":"product_tag-camera","9":"product_tag-camerabehuizing","10":"product_tag-canon-eos-r","11":"product_tag-onderbehuizing","12":"product_tag-sea-sea","14":"first","15":"instock","16":"product-type-simple"},"acf":[],"_links":{"self":[{"href":"https:\/\/seaandsea.eu\/fr\/wp-json\/wp\/v2\/product\/397","targetHints":{"allow":["GET"]}}],"collection":[{"href":"https:\/\/seaandsea.eu\/fr\/wp-json\/wp\/v2\/product"}],"about":[{"href":"https:\/\/seaandsea.eu\/fr\/wp-json\/wp\/v2\/types\/product"}],"replies":[{"embeddable":true,"href":"https:\/\/seaandsea.eu\/fr\/wp-json\/wp\/v2\/comments?post=397"}],"wp:featuredmedia":[{"embeddable":true,"href":"https:\/\/seaandsea.eu\/fr\/wp-json\/wp\/v2\/media\/398"}],"wp:attachment":[{"href":"https:\/\/seaandsea.eu\/fr\/wp-json\/wp\/v2\/media?parent=397"}],"wp:term":[{"taxonomy":"product_cat","embeddable":true,"href":"https:\/\/seaandsea.eu\/fr\/wp-json\/wp\/v2\/product_cat?post=397"},{"taxonomy":"product_tag","embeddable":true,"href":"https:\/\/seaandsea.eu\/fr\/wp-json\/wp\/v2\/product_tag?post=397"}],"curies":[{"name":"wp","href":"https:\/\/api.w.org\/{rel}","templated":true}]}}