{"id":405,"date":"2024-02-16T08:14:14","date_gmt":"2024-02-16T07:14:14","guid":{"rendered":"https:\/\/eager-benz.45-82-188-209.plesk.page\/product\/grip-extension-geel-voor-behuizingen-22144\/"},"modified":"2024-04-18T12:10:53","modified_gmt":"2024-04-18T10:10:53","slug":"grip-extension-geel-voor-behuizingen","status":"publish","type":"product","link":"https:\/\/seaandsea.eu\/fr\/produit\/grip-extension-jaune-pour-enclosures\/","title":{"rendered":"Extension de poign\u00e9e jaune pour les bo\u00eetiers"},"content":{"rendered":"","protected":false},"excerpt":{"rendered":"<p>Extension de poign\u00e9e jaune<br \/>\narticle #22144<\/p>\n<p>Bien que la distance entre le bo\u00eetier et les poign\u00e9es soit mesur\u00e9e avec pr\u00e9cision, dans nos pays occidentaux, les mains peuvent \u00eatre un peu trop \u00e9paisses et vous souhaiteriez que la main de la poign\u00e9e soit l\u00e9g\u00e8rement plus \u00e9loign\u00e9e du bo\u00eetier.<br \/>\nPlacez ensuite cet ensemble entre la poign\u00e9e et le bo\u00eetier et vous disposerez d'un petit espace suppl\u00e9mentaire pour faciliter l'utilisation du bo\u00eetier.<\/p>\n<p>Disponible en gris et en orange\/jaune<br \/>\nLivr\u00e9 avec les boulons d'extension en acier inoxydable.<\/p>","protected":false},"featured_media":406,"comment_status":"closed","ping_status":"closed","template":"","meta":{"_acf_changed":false},"product_cat":[44,188],"product_tag":[243,242,115,128,38],"class_list":{"0":"post-405","1":"product","2":"type-product","3":"status-publish","4":"has-post-thumbnail","6":"product_cat-accessoires","7":"product_cat-behuizing-accessoires","8":"product_tag-243","9":"product_tag-242","10":"product_tag-extension","11":"product_tag-grip","12":"product_tag-sea-sea","14":"first","15":"instock","16":"product-type-simple"},"acf":[],"_links":{"self":[{"href":"https:\/\/seaandsea.eu\/fr\/wp-json\/wp\/v2\/product\/405","targetHints":{"allow":["GET"]}}],"collection":[{"href":"https:\/\/seaandsea.eu\/fr\/wp-json\/wp\/v2\/product"}],"about":[{"href":"https:\/\/seaandsea.eu\/fr\/wp-json\/wp\/v2\/types\/product"}],"replies":[{"embeddable":true,"href":"https:\/\/seaandsea.eu\/fr\/wp-json\/wp\/v2\/comments?post=405"}],"wp:featuredmedia":[{"embeddable":true,"href":"https:\/\/seaandsea.eu\/fr\/wp-json\/wp\/v2\/media\/406"}],"wp:attachment":[{"href":"https:\/\/seaandsea.eu\/fr\/wp-json\/wp\/v2\/media?parent=405"}],"wp:term":[{"taxonomy":"product_cat","embeddable":true,"href":"https:\/\/seaandsea.eu\/fr\/wp-json\/wp\/v2\/product_cat?post=405"},{"taxonomy":"product_tag","embeddable":true,"href":"https:\/\/seaandsea.eu\/fr\/wp-json\/wp\/v2\/product_tag?post=405"}],"curies":[{"name":"wp","href":"https:\/\/api.w.org\/{rel}","templated":true}]}}