{"id":417,"date":"2024-02-16T08:14:19","date_gmt":"2024-02-16T07:14:19","guid":{"rendered":"https:\/\/eager-benz.45-82-188-209.plesk.page\/product\/flitser-prisma-voor-ys-d3-50127\/"},"modified":"2024-04-18T11:52:53","modified_gmt":"2024-04-18T09:52:53","slug":"flitser-prisma-voor-ys-d3","status":"publish","type":"product","link":"https:\/\/seaandsea.eu\/fr\/produit\/prisme-flash-pour-ys-d3\/","title":{"rendered":"Prisme Flash pour YS-D3"},"content":{"rendered":"","protected":false},"excerpt":{"rendered":"<p><strong>Prisme flash pour YS-D3<br \/>\nNum\u00e9ro de produit 50127<\/strong><\/p>\n<p>Contr\u00f4lez le YS-D3 \u00e0 l'aide de ce guide optique. Le prisme du flash sous-marin est positionn\u00e9 dans la connexion du c\u00e2ble optique \u00e0 l'avant\/au fond du flash sous-marin. Cet accessoire est id\u00e9al lorsque le flash est utilis\u00e9 sous l'eau dans une position fixe, loin de l'appareil photo. Cela permet d'appliquer des expositions originales et d'utiliser plusieurs flashes simultan\u00e9ment. L'utilisation d'un flash externe directement contr\u00f4l\u00e9 par l'appareil photo reste n\u00e9cessaire. Le prisme du flash doit \u00eatre align\u00e9 avec pr\u00e9cision pour d\u00e9clencher le flash \u00e0 l'aide de la source de lumi\u00e8re externe. La pratique est n\u00e9cessaire.<\/p>","protected":false},"featured_media":418,"comment_status":"closed","ping_status":"closed","template":"","meta":{"_acf_changed":false},"product_cat":[44,184],"product_tag":[246,143,146,254,38,147,148],"class_list":{"0":"post-417","1":"product","2":"type-product","3":"status-publish","4":"has-post-thumbnail","6":"product_cat-accessoires","7":"product_cat-flitser-accessoires","8":"product_tag-duiken","9":"product_tag-flitser","10":"product_tag-fotografie","11":"product_tag-prisma","12":"product_tag-sea-sea","13":"product_tag-sea-and-sea","14":"product_tag-sea-en-sea","16":"first","17":"instock","18":"product-type-simple"},"acf":[],"_links":{"self":[{"href":"https:\/\/seaandsea.eu\/fr\/wp-json\/wp\/v2\/product\/417","targetHints":{"allow":["GET"]}}],"collection":[{"href":"https:\/\/seaandsea.eu\/fr\/wp-json\/wp\/v2\/product"}],"about":[{"href":"https:\/\/seaandsea.eu\/fr\/wp-json\/wp\/v2\/types\/product"}],"replies":[{"embeddable":true,"href":"https:\/\/seaandsea.eu\/fr\/wp-json\/wp\/v2\/comments?post=417"}],"wp:featuredmedia":[{"embeddable":true,"href":"https:\/\/seaandsea.eu\/fr\/wp-json\/wp\/v2\/media\/418"}],"wp:attachment":[{"href":"https:\/\/seaandsea.eu\/fr\/wp-json\/wp\/v2\/media?parent=417"}],"wp:term":[{"taxonomy":"product_cat","embeddable":true,"href":"https:\/\/seaandsea.eu\/fr\/wp-json\/wp\/v2\/product_cat?post=417"},{"taxonomy":"product_tag","embeddable":true,"href":"https:\/\/seaandsea.eu\/fr\/wp-json\/wp\/v2\/product_tag?post=417"}],"curies":[{"name":"wp","href":"https:\/\/api.w.org\/{rel}","templated":true}]}}