{"id":135,"date":"2024-02-16T08:13:37","date_gmt":"2024-02-16T07:13:37","guid":{"rendered":"https:\/\/eager-benz.45-82-188-209.plesk.page\/product\/zoom-focus-gear\/"},"modified":"2024-04-19T16:19:47","modified_gmt":"2024-04-19T14:19:47","slug":"zoom-focus-gear","status":"publish","type":"product","link":"https:\/\/seaandsea.eu\/it\/prodotto\/zoom-focus-gear\/","title":{"rendered":"Ingranaggi per lo zoom e la messa a fuoco"},"content":{"rendered":"","protected":false},"excerpt":{"rendered":"<p>Ingranaggi per lo zoom e la messa a fuoco<\/p>\n<p>Sea &amp; Sea dispone di una vasta collezione di porte per un'ampia variet\u00e0 di obiettivi.<br \/>\nPer ogni obiettivo (zoom) \u00e8 stato sviluppato un ingranaggio. Per diversi obiettivi \u00e8 disponibile anche un ingranaggio per la messa a fuoco manuale.<br \/>\nPoich\u00e9 non c'\u00e8 scelta e tutti i set di ingranaggi zoom si somigliano, abbiamo raffigurato tutti questi prodotti come un unico prodotto.<br \/>\nInoltre, la visualizzazione di molti set di ingranaggi uguali renderebbe il sito molto ingombrante.<\/p>\n<p>Una panoramica dei set di ingranaggi pi\u00f9 comuni sono:<br \/>\n(Se l'obiettivo giusto non \u00e8 presente nell'elenco, chiedete informazioni sulla disponibilit\u00e0, forse questo (nuovo) obiettivo \u00e8 disponibile ma non \u00e8 presente in questo elenco).<\/p>\n<p>31107 AF-S DX ZOOM NIKKOR ED 12-24 mm F4g (1F) ZOOM GEAR<br \/>\n31109 INGRANAGGIO ZOOM CANON EF 17-40mm F4L USM<br \/>\n31114 INGRANAGGI ZOOM CANON 16-35 mm F2.8L USM<br \/>\n31119 INGRANAGGIO ZOOM CANON EFS 18-55 mm**<br \/>\n31121 INGRANAGGIO ZOOM PER AF-S DX NIKKOR 18-70 mm<br \/>\n31125 CANON EF-S 10-22MM F3.5-4.5 USM Z.GEAR<br \/>\n31126 CANON EF-S 60MM F2.8 MACRO USM F. GEAR<br \/>\n31133 INGRANAGGIO DI MESSA A FUOCO PER OBIETTIVO 105 MM VR<br \/>\n31135 ingranaggio di messa a fuoco per NIKON AF-S MICRO NIKKOR 60mm F2.8G ED<br \/>\n31137 ingranaggio di messa a fuoco per TOKINA AT-X M35PRO DX35mm F2.8<br \/>\n31142 INGRANAGGIO ZOOM PER SIGMA 10-20 mm F4-5,6 EX DC\/HSM<br \/>\n31144 INGRANAGGIO ZOOM PER SIGMA AF 18-50mm F2.8 EX DC MACRO\/HSM (NIKON)<br \/>\n31149 ingranaggio di messa a fuoco per CANON EF 14 mm F2,8 II USM<br \/>\n31151 INGRANAGGIO ZOOM PER SIGMA AF 18-50mm F2.8 EX DC MACRO\/HSM (CANON)<br \/>\n31152 ingranaggio di messa a fuoco per SIGMA 10 mm F2.8 EX DC FISHEYE HSM (CANON)<br \/>\n31153 ingranaggio di messa a fuoco per AF-S NIKKOR 85mm F3.5G ED VR<br \/>\n31154 INGRANAGGIO ZOOM PER CANON EF 8-15mm F4L FISHEYE USM<br \/>\n31155 Dispositivo di messa a fuoco per Canon EF 100 mm F2.8L Macro IS USM<br \/>\n31156 Distanziatore per SIGMA MACRO 70mm F2.8 EX DG (da utilizzare con ingranaggi #31155)<br \/>\n31157 INGRANAGGIO ZOOM PER OBIETTIVO NIKKOR 16-35 mm F4G VR<br \/>\n31158 INGRANAGGIO ZOOM PER CANON EF-S 18-55 mm F3.5-5.6 IS STM<br \/>\n31159 ANELLO DI COMMUTAZIONE MACRO PER CANON EF 24-70 mm F4L IS USM<br \/>\n31160 INGRANAGGI ZOOM PER NIKON AF-S Nikkor 18-35mm F3.5-4.5G ED<br \/>\n31161 ingranaggio di messa a fuoco per CANON EF 8-15 mm F4L FISHEYE USM<br \/>\n31162 INGRANAGGIO ZOOM PER CANON EF 24mm F4L IS USM<br \/>\n31163 ingranaggio di messa a fuoco per CANON EF 24mm F1.4 II USM<br \/>\n31164 ingranaggio di messa a fuoco per CANON EF 28\/24mm F2.8 IS USM<br \/>\n31165 ingranaggio di messa a fuoco FC per CANON EF 16-35mm F2.8 II USM<br \/>\n31166 ingranaggio di messa a fuoco per CANON EF 24-70 mm F4L IS USM<br \/>\n31167 ingranaggio di messa a fuoco FC per NIKON AF-S 18-35mm F3.5-4.5G ED<br \/>\n31168 ingranaggio di messa a fuoco FC per NIKON AF-S 16-35 mm F\/4G ED VR<br \/>\n31169 INGRANAGGI ZOOM PER SIGMA 17-70mm F2.8-4DC MACRO OS HSM\/DC MACRO HSM (N\/C)<br \/>\n31170 ingranaggio di messa a fuoco FC per CANON EF 17-40 mm F4L USM<br \/>\n31171 INGRANAGGIO ZOOM PER SONY SELP 1650<br \/>\n31172 INGRANAGGIO ZOOM PER SONY SEL1018<br \/>\n31173 DISPOSITIVO DI MESSA A FUOCO PER SONY SEL30M35<br \/>\n31174 INGRANAGGIO ZOOM PER CANON EF16-35mm F4L IS USM<br \/>\n31175 ingranaggio di messa a fuoco FC per CANON EF16-35mm F4L IS USM<br \/>\n31176 INGRANAGGI ZOOM PER CANON EF-S10-18mm F4.5-5.6 IS STM<br \/>\n31177 INGRANAGGIO ZOOM PER SEL1635Z<br \/>\n31178 FC MESSA A FUOCO PER SONY SEL90M28G<br \/>\n31179 ingranaggio di messa a fuoco per CANON ER-100mm F2.8 MACRO USM + YRLRPLUD HF 1.4X DGX<br \/>\n31180 ingranaggio di messa a fuoco per CANON ER-100mm F2.8L MACRO IS USM + TELEPLUS HD 1.4X DGX<br \/>\n31181 INGRANAGGIO ZOOM PER OLYMPUS 12-50 mm F3.5-3.6 EZ<br \/>\n31182 INGRANAGGI ZOOM PER OLYMPUS 12-40 mm F2.8 PRO<br \/>\n31183 ingranaggio di messa a fuoco per OLYMPUS 60 mm F2.8 MACRO<br \/>\n31184 INGRANAGGIO DI MESSA A FUOCO PER PANASONIC H-ES045<br \/>\n31185 INGRANAGGIO ZOOM PER SONY SEL2870<br \/>\n31186 INGRANAGGI ZOOM PER OLYMPUS 14-42 mm F3.5-5.6 EZ<br \/>\n31187 INGRANAGGI ZOOM PER OLYMPUS 7-14 mm F2.8 PRO<br \/>\n31188 INGRANAGGIO ZOOM PER NIKON AF-S DX NIKOR 16-18MM<br \/>\n31189 INGRANAGGI ZOOM PER CANON EF16-35MM F2.8L III USM<br \/>\n31190 INGRANAGGIO DI MESSA A FUOCO PER CANON EF16-35MM F2.8L III USM<br \/>\n31191 ZOOM PER NIKON AF-S FISHEYE 8-15MM F3.5-4.5<br \/>\n31193 Ingranaggio di messa a fuoco per Canon EF-S35mm F2.81S FG per STM<br \/>\n31194 Dispositivo di messa a fuoco per Sony SEL50m 2.8<br \/>\n31195 Dispositivo di messa a fuoco per Nikon AF-S 14-24 MM F2.8G ED<br \/>\n31196 Ingranaggio di messa a fuoco + distanziatore per Sony SEL 90 2.8 G<br \/>\n31197 INGRANAGGIO ZOOM PER SONY SEL1635 Z<br \/>\n31198 INGRANAGGIO ZOOM PER SONY SEL1224 G<br \/>\n31199 INGRANAGGIO ZOOM PER SONY SEL1635M<br \/>\n56350 INGRANAGGIO ZOOM PER AF NIKKOR 18-35MM ED F3.5-4.5D<br \/>\n56410 DISPOSITIVO DI MESSA A FUOCO PER NIKKOR FISHEYE 16MM<\/p>\n<p>&nbsp;<\/p>","protected":false},"featured_media":136,"comment_status":"closed","ping_status":"closed","template":"","meta":{"_acf_changed":false},"product_cat":[44,45,46,47,48],"product_tag":[49,50,51,52,53,54,55,56,38,57,58,59,60,61,62],"class_list":{"0":"post-135","1":"product","2":"type-product","3":"status-publish","4":"has-post-thumbnail","6":"product_cat-accessoires","7":"product_cat-behuizing-accessoiresaccessoires","8":"product_cat-lenses-and-accessoriesaccessoires","9":"product_cat-overigporten","10":"product_cat-port-accessoires","11":"product_tag-canon","12":"product_tag-focus","13":"product_tag-gear","14":"product_tag-lens","15":"product_tag-macro","16":"product_tag-nikon","17":"product_tag-objectief","18":"product_tag-olympus","19":"product_tag-sea-sea","20":"product_tag-set","21":"product_tag-sony","22":"product_tag-tandwiel","23":"product_tag-wide","24":"product_tag-zoo","25":"product_tag-zoom","27":"first","28":"instock","29":"product-type-simple"},"acf":[],"_links":{"self":[{"href":"https:\/\/seaandsea.eu\/it\/wp-json\/wp\/v2\/product\/135","targetHints":{"allow":["GET"]}}],"collection":[{"href":"https:\/\/seaandsea.eu\/it\/wp-json\/wp\/v2\/product"}],"about":[{"href":"https:\/\/seaandsea.eu\/it\/wp-json\/wp\/v2\/types\/product"}],"replies":[{"embeddable":true,"href":"https:\/\/seaandsea.eu\/it\/wp-json\/wp\/v2\/comments?post=135"}],"wp:featuredmedia":[{"embeddable":true,"href":"https:\/\/seaandsea.eu\/it\/wp-json\/wp\/v2\/media\/136"}],"wp:attachment":[{"href":"https:\/\/seaandsea.eu\/it\/wp-json\/wp\/v2\/media?parent=135"}],"wp:term":[{"taxonomy":"product_cat","embeddable":true,"href":"https:\/\/seaandsea.eu\/it\/wp-json\/wp\/v2\/product_cat?post=135"},{"taxonomy":"product_tag","embeddable":true,"href":"https:\/\/seaandsea.eu\/it\/wp-json\/wp\/v2\/product_tag?post=135"}],"curies":[{"name":"wp","href":"https:\/\/api.w.org\/{rel}","templated":true}]}}