{"id":1409,"date":"2024-09-11T12:01:33","date_gmt":"2024-09-11T10:01:33","guid":{"rendered":"https:\/\/seaandsea.eu\/?post_type=product&#038;p=1409"},"modified":"2024-09-11T12:11:47","modified_gmt":"2024-09-11T10:11:47","slug":"photo-video-light-kit-lx-1200sw-flood-spot-zwart","status":"publish","type":"product","link":"https:\/\/seaandsea.eu\/it\/prodotto\/kit-luce-foto-video-lx-1200sw-flood-spot-nero\/","title":{"rendered":"Kit luci foto\/video LX-1200SW Flood e Spot - nero"},"content":{"rendered":"","protected":false},"excerpt":{"rendered":"<p>Kit luci foto\/video LX-1200SW Flood e Spot - nero<br \/>\nProdotto n. 09134<\/p>\n<p>Ecco quanto pu\u00f2 essere bella e avanzata l'illuminazione foto\/video subacquea! Stiamo parlando della nuova lampada LX di Sea &amp; Sea. Questa lampada di alta qualit\u00e0 <strong>Intermediazione GIAPPONESE<\/strong> dovrebbe essere preso in considerazione. Scommettiamo che rimarrete impressionati dalla sua qualit\u00e0, dal design e dalla facilit\u00e0 d'uso. Oseremmo quasi dire che non esiste un sistema pi\u00f9 bello in circolazione.<\/p>\n<p>Solo un breve elenco delle caratteristiche: (ulteriormente evidenziate di seguito).<\/p>\n<ol>\n<li><em>Funzione a doppia lampada: Spot e Flood commutabili in 1 lampada.\u00a0<\/em><\/li>\n<li><em>LED COB per la pi\u00f9 bella distribuzione uniforme della luce.<\/em><\/li>\n<li><em>Ombre uniformi invece di ombre multiple grazie al COB<\/em><\/li>\n<li><em>Potenza luminosa regolabile in 100 o 4 livelli, con memoria per entrambe le lampade.<\/em><\/li>\n<li><em>Sensore di rilevamento del flash, spegne brevemente la lampada in presenza di un flash.<\/em><\/li>\n<li><em>Testate intercambiabili per modificare la potenza di uscita.<\/em><\/li>\n<li><em>Batteria ricaricabile intercambiabile che pu\u00f2 essere caricata nella lampada o separatamente senza lampada. Pratico in combinazione con una seconda batteria.\u00a0<\/em><\/li>\n<li><em>Display chiaro e leggibile con visualizzazione completa delle funzioni. Funzionamento semplice.<\/em><\/li>\n<li><em>Include 5 opzioni di montaggio.\u00a0<\/em><\/li>\n<\/ol>\n<p>&nbsp;<\/p>\n<p><strong>#1 - Due luci in una: Flood e Spot!<\/strong><\/p>\n<p>La lampada pu\u00f2 essere commutata tra illuminazione grandangolare e spot tramite i pulsanti di controllo. L'angolo di emissione \u00e8 di 100\u00b0 per il grandangolo e di 30\u00b0 per lo spot. Questo \u00e8 comodo perch\u00e9 consente di passare facilmente da grandangolo a spot e da spot a grandangolo tenendo premuto il pulsante di accensione\/spegnimento\/regolazione della luce. \u00c8 possibile utilizzare la luce spot per guardarsi intorno durante l'immersione e poi passare alla luce wide non appena si desidera iniziare a scattare. Lo Spot ha il vantaggio di consumare molta meno energia rispetto al Flood. Cos\u00ec si ha pi\u00f9 tempo sott'acqua per cercare il soggetto ideale prima di accendere il grande fascio largo.<\/p>\n<p><strong>#2 - Luce COB con la pi\u00f9 bella \"distribuzione centrale della luce\" possibile.<\/strong><\/p>\n<p>La sorgente luminosa \u00e8 COB (LED), che gode di una reputazione consolidata per la distribuzione uniforme della luce. Il design originale adatta il COB a forma di ciambella. La sorgente luminosa ampia \u00e8 posizionata sulla ciambella e i LED spot sono collocati al centro della superficie di emissione (il foro della ciambella). Che si tratti di illuminazione ampia o spot, l'asse ottico si trova al centro della superficie di emissione e garantisce sempre un'illuminazione ottimale.<\/p>\n<p><strong>Nuovo tipo di \"COB\".<\/strong><br \/>\nCOB\" \u00e8 un tipo di LED. \u00c8 l'abbreviazione di \"Chip on board\" e, come suggerisce il nome, pi\u00f9 chip LED sono collocati direttamente sulla scheda. Poich\u00e9 pi\u00f9 chip LED sono disposti in modo concentrato, si ottiene un'elevata luminosit\u00e0. Inoltre, \u00e8 possibile illuminare un'ampia area in modo uniforme, poich\u00e9 la luce viene emessa attraverso una superficie. SEA&amp;SEA \u00e8 la prima in Giappone ad aver messo il \"COB\" a forma di ciambella. Anche in presenza di molta luce, \u00e8 meno probabile che si creino ombre al centro, con il risultato di una luce uniforme.<\/p>\n<p><strong>#3 - Evita chiaramente le ombre multiple grazie al LED COB.<\/strong><\/p>\n<p>Il COB elimina le \"ombre multiple\" nell'illuminazione grandangolare e spot. Le ombre naturali fanno risaltare il soggetto in modo chiaro e nitido, rendendola una luce ideale per la fotografia e l'illuminazione video.<\/p>\n<p><strong>Multi-ombra <\/strong><br \/>\nOmbre esclusive dell'illuminazione a LED. Quando un oggetto \u00e8 illuminato da una luce LED composta da numerose sezioni luminose, si producono ombre multiple innaturali, diverse da quelle prodotte dalla luce solare. Le ombre multiple possono oscurare il contorno di un oggetto e ridurne la visibilit\u00e0. La sorgente luminosa singola COB non produce ombre multiple.<\/p>\n<p><strong># 4 - Quattro o 100 gradini <\/strong><strong>regolazione della luce, con memoria di spegnimento per entrambe le sorgenti luminose.<\/strong><\/p>\n<p><strong>Regolazione della luce a 4 livelli (in passi da 25%) <\/strong><br \/>\nPer una regolazione della luce in 4 fasi, premere il pulsante di accensione\/spegnimento\/regolazione della luce quando la luce \u00e8 accesa. Per regolare l'intensit\u00e0 della luce in base alla situazione, il pulsante oscilla tra 25%, 50%, 75% e 100% per ogni pressione. L'intensit\u00e0 della luce \u00e8 chiaramente visibile con il display da %.<\/p>\n<p><strong>Regolazione della luce a 100 livelli (a passi di 1%) <\/strong><br \/>\nLa regolazione della luce in 100 incrementi da 0 a 100% si effettua con i pulsanti di regolazione dell'intensit\u00e0 luminosa a sinistra e a destra. La regolazione fine \u00e8 possibile con incrementi di 1%. L'indicazione digitale della regolazione fine di % \u00e8 chiaramente leggibile sul display.<\/p>\n<p><strong>Funzione di memoria <\/strong><br \/>\nLe lampade LX sono dotate di una \"funzione di memoria\" che fa s\u00ec che la lampada mantenga l'impostazione in cui \u00e8 stata spenta. Non appena la lampada viene riaccesa, si trova nella stessa impostazione. che si riaccende con la stessa intensit\u00e0 luminosa di quando \u00e8 stata spenta. \u00c8 particolarmente utile durante la registrazione di video, poich\u00e9 si accende con la stessa intensit\u00e0 luminosa di quando la lampada era spenta.<\/p>\n<p><strong>#5 - Sensore di rilevamento flash incorporato (attivabile e disattivabile) per l'utilizzo di un flash esterno.\u00a0<\/strong><\/p>\n<p>Le luci Sea &amp; Sea LX sono dotate di un \"sensore di rilevamento del flash\" che rileva la luce del flash esterno e in quel momento spegne automaticamente la luce per un breve periodo e la riaccende un secondo dopo. Poich\u00e9 la luce si spegne in risposta all'emissione della luce flash, la luce video non influisce sull'inquadratura quando la luce spot viene utilizzata, ad esempio, come luce di messa a fuoco. La luce ampia pu\u00f2 essere utilizzata per cercare soggetti o osservare l'ambiente circostante e scattare foto senza preoccuparsi dell'esposizione non uniforme o dello sbiadimento dei colori.<\/p>\n<p><strong>#6 - Cambio di potenza con la sostituzione della testa della lampada!<\/strong><\/p>\n<p>Le serie di luci LX hanno tutte lo stesso alloggiamento. I corpi lampada sono compatibili. Il corpo lampada LX2400SW FS pu\u00f2 essere utilizzato come alloggiamento da 2400 lm e il corpo lampada LX-4000SW FS pu\u00f2 essere utilizzato come alloggiamento da 4000 lm se impostato su LX-1200SW FS.<\/p>\n<p><em>*La regolazione \u00e8 necessaria dopo la sostituzione della testa della lampada.<\/em><em><br \/>\nPer ulteriori informazioni, consultare il manuale d'uso.<\/em><\/p>\n<p><strong>#7 - Due opzioni di ricarica della batteria.\u00a0<\/strong><\/p>\n<p>Il corpo compatto ospita la batteria agli ioni di litio di grande capacit\u00e0 da 3400 mAh. Pu\u00f2 essere caricata in 2 modi.<\/p>\n<p><strong>1.Ricarica tramite lampada esterna<\/strong><\/p>\n<p>La batteria pu\u00f2 essere caricata direttamente collegando la speciale spina di ricarica in dotazione sul retro al connettore del telecomando (polo magnetico) sul retro dell'alloggiamento, mentre la batteria rimane collegata all'alloggiamento. Poich\u00e9 non \u00e8 necessario rimuovere la batteria dall'alloggiamento, non vi \u00e8 alcun rischio di perdite dovute a una chiusura impropria della lampada.<\/p>\n<p><strong>2. Ricarica tramite batteria, senza lampada<\/strong><\/p>\n<p>La batteria pu\u00f2 essere rimossa dall'alloggiamento e caricata direttamente con il caricabatterie. Ci\u00f2 consente di lavorare con 2 o pi\u00f9 batterie. Quando la lampada \u00e8 in uso, \u00e8 possibile caricare contemporaneamente la batteria di riserva.<br \/>\n*\u00c8 anche bello sapere che la batteria pu\u00f2 essere rimossa quando viene portata in aereo come bagaglio a mano.<\/p>\n<p><strong>#8 - Display a pannello di facile lettura e funzionamento pratico.<\/strong><\/p>\n<p>Una serie di funzioni sono visualizzate su uno schermo LCD a colori altamente visibile. L'intensit\u00e0 della luce e il tempo di illuminazione rimanente, i pi\u00f9 importanti in immersione, sono in gran parte visualizzati sullo stesso schermo di facile lettura. L'intensit\u00e0 luminosa pu\u00f2 essere regolata con i pulsanti di controllo mentre si guarda il display del pannello. Quando la batteria residua \u00e8 scarica, l'intensit\u00e0 luminosa viene automaticamente ridotta a 20% e l'indicatore della batteria lampeggia. Il display visualizza \"10min\" e inizia il conto alla rovescia.<\/p>\n<p><strong>Funzioni e viste aggiuntive\u00a0<\/strong><\/p>\n<p>La lampada \u00e8 preparata con caratteristiche tali da prevenire potenziali problemi e fornire assistenza in caso di improbabili emergenze.<\/p>\n<p>Modalit\u00e0 di sicurezza: quando la batteria \u00e8 scarica, l'intensit\u00e0 luminosa viene automaticamente ridotta a 20% e l'indicatore della batteria lampeggia. Il display visualizza \"10min\" e inizia il conto alla rovescia.<\/p>\n<p>Modalit\u00e0 di protezione dalle alte temperature: se la testa della lampada raggiunge una temperatura di 55 \u00b0C (131 \u00b0F) o superiore durante il funzionamento, passa automaticamente alla modalit\u00e0 di protezione e riduce l'intensit\u00e0 luminosa a 20% del massimo.<\/p>\n<p>Modalit\u00e0 segnale lampeggiante: lampeggia rapidamente tenendo premuto il pulsante di regolazione dell'intensit\u00e0 luminosa (+) e il pulsante di accensione\/spegnimento\/regolazione della luce contemporaneamente per circa 2 secondi. Utile come segnale al compagno o come segnale durante le immersioni notturne.<\/p>\n<p>Modalit\u00e0 SOS: lampeggia come segnale di emergenza per i soccorsi in modalit\u00e0 SOS, tenendo premuti contemporaneamente il pulsante di regolazione dell'intensit\u00e0 luminosa (-) e il pulsante di accensione\/spegnimento\/regolazione della luce per circa 2 secondi.<\/p>\n<p><strong>#9 - Ampia gamma di adattatori di montaggio<\/strong><\/p>\n<p>Nella confezione sono inclusi diversi adattatori. Come l'impugnatura Gun per utilizzare la lampada come lampada a mano. Inoltre, 4 supporti, YS-mount, Ball mount, GoPro mount e un Loc-line mount che possono essere utilizzati per montare la lampada nel modo desiderato sul braccio o sulla custodia.<\/p>\n<p>Ogni attacco deve essere fissato saldamente con le viti di fissaggio della base una volta inserito nel supporto della base della lampada.<\/p>","protected":false},"featured_media":1422,"comment_status":"open","ping_status":"closed","template":"","meta":{"_acf_changed":false},"product_cat":[274],"product_tag":[276,246,146,275,38,147,148,39],"class_list":{"0":"post-1409","1":"product","2":"type-product","3":"status-publish","4":"has-post-thumbnail","6":"product_cat-lampen","7":"product_tag-276","8":"product_tag-duiken","9":"product_tag-fotografie","10":"product_tag-lx-lights","11":"product_tag-sea-sea","12":"product_tag-sea-and-sea","13":"product_tag-sea-en-sea","14":"product_tag-seasea","16":"first","17":"instock","18":"featured","19":"shipping-taxable","20":"product-type-simple"},"acf":[],"_links":{"self":[{"href":"https:\/\/seaandsea.eu\/it\/wp-json\/wp\/v2\/product\/1409","targetHints":{"allow":["GET"]}}],"collection":[{"href":"https:\/\/seaandsea.eu\/it\/wp-json\/wp\/v2\/product"}],"about":[{"href":"https:\/\/seaandsea.eu\/it\/wp-json\/wp\/v2\/types\/product"}],"replies":[{"embeddable":true,"href":"https:\/\/seaandsea.eu\/it\/wp-json\/wp\/v2\/comments?post=1409"}],"wp:featuredmedia":[{"embeddable":true,"href":"https:\/\/seaandsea.eu\/it\/wp-json\/wp\/v2\/media\/1422"}],"wp:attachment":[{"href":"https:\/\/seaandsea.eu\/it\/wp-json\/wp\/v2\/media?parent=1409"}],"wp:term":[{"taxonomy":"product_cat","embeddable":true,"href":"https:\/\/seaandsea.eu\/it\/wp-json\/wp\/v2\/product_cat?post=1409"},{"taxonomy":"product_tag","embeddable":true,"href":"https:\/\/seaandsea.eu\/it\/wp-json\/wp\/v2\/product_tag?post=1409"}],"curies":[{"name":"wp","href":"https:\/\/api.w.org\/{rel}","templated":true}]}}