{"id":227,"date":"2024-02-16T08:13:48","date_gmt":"2024-02-16T07:13:48","guid":{"rendered":"https:\/\/eager-benz.45-82-188-209.plesk.page\/product\/ys-03-flitser-03116\/"},"modified":"2024-04-18T11:46:37","modified_gmt":"2024-04-18T09:46:37","slug":"ys-03-flitser","status":"publish","type":"product","link":"https:\/\/seaandsea.eu\/it\/prodotto\/ys-03-flash\/","title":{"rendered":"YS-03 Flash"},"content":{"rendered":"","protected":false},"excerpt":{"rendered":"<p>YS-03<br \/>\nProdotto n. 03116<br \/>\n.<\/p>\n<div class=\"text-wrap tlid-copy-target\">\n<div tabindex=\"0\"><\/div>\n<div class=\"result-shield-container tlid-copy-target\" tabindex=\"0\"><span class=\"tlid-translation translation\" lang=\"nl\"><span class=\"tlid-translation translation\" lang=\"nl\">Chiunque pu\u00f2 divertirsi a fotografare con il flash TTL con questo apparecchio dal prezzo accessibile,<br \/>\nFlash subacqueo compatto e facile da usare.<\/span><\/span>Caratteristiche: Slave TTL facile e versatile.<br \/>\nPoich\u00e9 l'YS-03 \u00e8 progettato per imitare l'intensit\u00e0 luminosa del flash incorporato nella fotocamera, non \u00e8 necessario regolare manualmente l'uscita. L'YS-03 \u00e8 compatibile con tutte le fotocamere dotate di flash frontale e con la funzione di esposizione flash TTL, indipendentemente dalla marca.Funzionamento semplice<br \/>\nProgettato per essere utilizzato da qualsiasi fotografo subacqueo, l'YS-03 \u00e8 facile da capire. L'unico controllo \u00e8 la ghiera e, semplicemente ruotando l'interruttore da OFF a TTL, \u00e8 possibile scattare bellissime foto.Viene fornito con il diffusore di serie<br \/>\nLa parte semi-trasparente diffonde e ammorbidisce la luce del flash. L'uso del diffusore produce immagini pi\u00f9 morbide e uniformemente esposte. Il diffusore aiuta anche a ridurre gli effetti delle immagini sovraesposte o quando la luce forte produce ombre\/ombra nell'immagine.Specifiche:<br \/>\n[Numero guida (ISO 100 \/ m) (paese)] 20<br \/>\n[Angolo di emissione] 100\u00b0 x 100\u00b0 (con diffusore 110\u00b0 x 110\u00b0)<br \/>\n[4xAA A: 6V Ni-MH: 4,8V<br \/>\n[A: 230 Ni-MH: 330<br \/>\n[Tempo di riciclo (pieno)] A: 3,1 sec. Ni-MH: 2,5 sec.<br \/>\n[Temperatura colore] 5600K<br \/>\n[Temperatura di colore con diffusore] 5250K<br \/>\n[75m \/ 250ft<br \/>\n[Dimensioni (LxAxP)] 68x108x129mm \/ 2,7\u00d74,3\u00d75,2 pollici<br \/>\n[Peso:] 430 g \/ 15,0 oz (senza batterie) * Bullone di montaggio montato<br \/>\n[Peso subacqueo:] Circa +10g \/ 0.4oz (con le batterie)<br \/>\n[Altri]<br \/>\n- Controllo dell'esposizione: Slave TTL<br \/>\n- Funzione slave<br \/>\n- Funzione di spegnimento automatico<br \/>\n- Cavo di sincronizzazione: cavo in fibra di vetro<br \/>\n- Valvola di sicurezza per sovrapressione<\/p>\n<\/div>\n<\/div>","protected":false},"featured_media":228,"comment_status":"closed","ping_status":"closed","template":"","meta":{"_acf_changed":false},"product_cat":[142],"product_tag":[38],"class_list":{"0":"post-227","1":"product","2":"type-product","3":"status-publish","4":"has-post-thumbnail","6":"product_cat-flitsers","7":"product_tag-sea-sea","9":"first","10":"instock","11":"product-type-simple"},"acf":[],"_links":{"self":[{"href":"https:\/\/seaandsea.eu\/it\/wp-json\/wp\/v2\/product\/227","targetHints":{"allow":["GET"]}}],"collection":[{"href":"https:\/\/seaandsea.eu\/it\/wp-json\/wp\/v2\/product"}],"about":[{"href":"https:\/\/seaandsea.eu\/it\/wp-json\/wp\/v2\/types\/product"}],"replies":[{"embeddable":true,"href":"https:\/\/seaandsea.eu\/it\/wp-json\/wp\/v2\/comments?post=227"}],"wp:featuredmedia":[{"embeddable":true,"href":"https:\/\/seaandsea.eu\/it\/wp-json\/wp\/v2\/media\/228"}],"wp:attachment":[{"href":"https:\/\/seaandsea.eu\/it\/wp-json\/wp\/v2\/media?parent=227"}],"wp:term":[{"taxonomy":"product_cat","embeddable":true,"href":"https:\/\/seaandsea.eu\/it\/wp-json\/wp\/v2\/product_cat?post=227"},{"taxonomy":"product_tag","embeddable":true,"href":"https:\/\/seaandsea.eu\/it\/wp-json\/wp\/v2\/product_tag?post=227"}],"curies":[{"name":"wp","href":"https:\/\/api.w.org\/{rel}","templated":true}]}}