{"id":273,"date":"2024-02-16T08:13:56","date_gmt":"2024-02-16T07:13:56","guid":{"rendered":"https:\/\/eager-benz.45-82-188-209.plesk.page\/product\/sa8-double-ball-arm-s-22112\/"},"modified":"2024-04-18T12:18:46","modified_gmt":"2024-04-18T10:18:46","slug":"sa8-double-ball-arm-s","status":"publish","type":"product","link":"https:\/\/seaandsea.eu\/it\/prodotto\/sa8-doppio-braccio-a-sfera-s\/","title":{"rendered":"SA8 Braccio a doppia sfera S"},"content":{"rendered":"","protected":false},"excerpt":{"rendered":"<p>SA8 Braccio a doppia sfera S<br \/>\narticolo: 22112<\/p>\n<p>Il sistema di bracci Sea &amp; Sea Sea Arm 8 ha molte possibilit\u00e0. \u00c8 modulare e pu\u00f2 quindi essere adattato a qualsiasi sistema di ripresa.<br \/>\nSA8 \u00e8 realizzato con materiali di altissima qualit\u00e0 e quindi robusto e durevole nell'uso.<\/p>\n<p>Osservate anche gli altri elementi per montare e utilizzare in modo ottimale l'esposizione sul vostro set di fotocamere.<\/p>","protected":false},"featured_media":274,"comment_status":"closed","ping_status":"closed","template":"","meta":{"_acf_changed":false},"product_cat":[171,172],"product_tag":[174,38,175,144],"class_list":{"0":"post-273","1":"product","2":"type-product","3":"status-publish","4":"has-post-thumbnail","6":"product_cat-arm-systemen","7":"product_cat-sea-arm","8":"product_tag-sa8","9":"product_tag-sea-sea","10":"product_tag-sea-arm-8","11":"product_tag-strobe","13":"first","14":"instock","15":"product-type-simple"},"acf":[],"_links":{"self":[{"href":"https:\/\/seaandsea.eu\/it\/wp-json\/wp\/v2\/product\/273","targetHints":{"allow":["GET"]}}],"collection":[{"href":"https:\/\/seaandsea.eu\/it\/wp-json\/wp\/v2\/product"}],"about":[{"href":"https:\/\/seaandsea.eu\/it\/wp-json\/wp\/v2\/types\/product"}],"replies":[{"embeddable":true,"href":"https:\/\/seaandsea.eu\/it\/wp-json\/wp\/v2\/comments?post=273"}],"wp:featuredmedia":[{"embeddable":true,"href":"https:\/\/seaandsea.eu\/it\/wp-json\/wp\/v2\/media\/274"}],"wp:attachment":[{"href":"https:\/\/seaandsea.eu\/it\/wp-json\/wp\/v2\/media?parent=273"}],"wp:term":[{"taxonomy":"product_cat","embeddable":true,"href":"https:\/\/seaandsea.eu\/it\/wp-json\/wp\/v2\/product_cat?post=273"},{"taxonomy":"product_tag","embeddable":true,"href":"https:\/\/seaandsea.eu\/it\/wp-json\/wp\/v2\/product_tag?post=273"}],"curies":[{"name":"wp","href":"https:\/\/api.w.org\/{rel}","templated":true}]}}