{"id":293,"date":"2024-02-16T08:14:02","date_gmt":"2024-02-16T07:14:02","guid":{"rendered":"https:\/\/eager-benz.45-82-188-209.plesk.page\/product\/camera-tray-extension-22121\/"},"modified":"2024-04-19T16:23:10","modified_gmt":"2024-04-19T14:23:10","slug":"camera-tray-extension-22121","status":"publish","type":"product","link":"https:\/\/seaandsea.eu\/it\/prodotto\/camera-tray-extension-22121\/","title":{"rendered":"Estensione del vassoio della telecamera"},"content":{"rendered":"","protected":false},"excerpt":{"rendered":"<p>Estensione del vassoio della telecamera<br \/>\narticolo: 22121<\/p>\n<p>Il sistema di bracci Sea &amp; Sea Sea Arm 8 ha molte possibilit\u00e0. \u00c8 modulare e pu\u00f2 quindi essere adattato a qualsiasi sistema di ripresa.<br \/>\nSA8 \u00e8 realizzato con materiali di altissima qualit\u00e0 e quindi robusto e durevole nell'uso.<\/p>\n<p>Osservate anche gli altri elementi per montare e utilizzare in modo ottimale l'esposizione sul vostro set di fotocamere.<\/p>","protected":false},"featured_media":294,"comment_status":"closed","ping_status":"closed","template":"","meta":{"_acf_changed":false},"product_cat":[171,172],"product_tag":[38],"class_list":{"0":"post-293","1":"product","2":"type-product","3":"status-publish","4":"has-post-thumbnail","6":"product_cat-arm-systemen","7":"product_cat-sea-arm","8":"product_tag-sea-sea","10":"first","11":"instock","12":"product-type-simple"},"acf":[],"_links":{"self":[{"href":"https:\/\/seaandsea.eu\/it\/wp-json\/wp\/v2\/product\/293","targetHints":{"allow":["GET"]}}],"collection":[{"href":"https:\/\/seaandsea.eu\/it\/wp-json\/wp\/v2\/product"}],"about":[{"href":"https:\/\/seaandsea.eu\/it\/wp-json\/wp\/v2\/types\/product"}],"replies":[{"embeddable":true,"href":"https:\/\/seaandsea.eu\/it\/wp-json\/wp\/v2\/comments?post=293"}],"wp:featuredmedia":[{"embeddable":true,"href":"https:\/\/seaandsea.eu\/it\/wp-json\/wp\/v2\/media\/294"}],"wp:attachment":[{"href":"https:\/\/seaandsea.eu\/it\/wp-json\/wp\/v2\/media?parent=293"}],"wp:term":[{"taxonomy":"product_cat","embeddable":true,"href":"https:\/\/seaandsea.eu\/it\/wp-json\/wp\/v2\/product_cat?post=293"},{"taxonomy":"product_tag","embeddable":true,"href":"https:\/\/seaandsea.eu\/it\/wp-json\/wp\/v2\/product_tag?post=293"}],"curies":[{"name":"wp","href":"https:\/\/api.w.org\/{rel}","templated":true}]}}