{"id":317,"date":"2024-02-16T08:14:02","date_gmt":"2024-02-16T07:14:02","guid":{"rendered":"https:\/\/eager-benz.45-82-188-209.plesk.page\/product\/fiber-optical-cable-l-50133\/"},"modified":"2024-04-18T12:14:46","modified_gmt":"2024-04-18T10:14:46","slug":"fiber-optical-cable-l","status":"publish","type":"product","link":"https:\/\/seaandsea.eu\/it\/prodotto\/cavo-in-fibra-ottica-l\/","title":{"rendered":"Cavo in fibra ottica L"},"content":{"rendered":"","protected":false},"excerpt":{"rendered":"<p>Cavo in fibra ottica II Connettori L\/2<br \/>\nProdotto n. 50133<\/p>\n<p>Il cavo in fibra ottica della migliore qualit\u00e0 \u00e8 composto da 613 fibre (nuclei). Anche se il cavo \u00e8 piegato, l'attenuazione della luce \u00e8 minima. Pertanto, il segnale luminoso viene inviato allo strobo senza perdite. Rispetto ai cavi a fibra singola, il cavo in fibra ottica II \u00e8 pi\u00f9 resistente alla distorsione, alla piegatura e agli urti fisici.<\/p>\n<p><strong>Specifiche tecniche<\/strong><br \/>\n<span title=\"\">Struttura: resina metacrilica<\/span><br \/>\n<span title=\"\">Diametro della fibra: 1,5 mm \/ 0,059 pollici<\/span><br \/>\n<span title=\"\">Diametro del cavo: 2,7 mm \/ 0,105 pollici<\/span><br \/>\n<span title=\"\">Lunghezza: 725 mm \/ 28,5 pollici<\/span><\/p>","protected":false},"featured_media":318,"comment_status":"closed","ping_status":"closed","template":"","meta":{"_acf_changed":false},"product_cat":[44,184],"product_tag":[38],"class_list":{"0":"post-317","1":"product","2":"type-product","3":"status-publish","4":"has-post-thumbnail","6":"product_cat-accessoires","7":"product_cat-flitser-accessoires","8":"product_tag-sea-sea","10":"first","11":"instock","12":"product-type-simple"},"acf":[],"_links":{"self":[{"href":"https:\/\/seaandsea.eu\/it\/wp-json\/wp\/v2\/product\/317","targetHints":{"allow":["GET"]}}],"collection":[{"href":"https:\/\/seaandsea.eu\/it\/wp-json\/wp\/v2\/product"}],"about":[{"href":"https:\/\/seaandsea.eu\/it\/wp-json\/wp\/v2\/types\/product"}],"replies":[{"embeddable":true,"href":"https:\/\/seaandsea.eu\/it\/wp-json\/wp\/v2\/comments?post=317"}],"wp:featuredmedia":[{"embeddable":true,"href":"https:\/\/seaandsea.eu\/it\/wp-json\/wp\/v2\/media\/318"}],"wp:attachment":[{"href":"https:\/\/seaandsea.eu\/it\/wp-json\/wp\/v2\/media?parent=317"}],"wp:term":[{"taxonomy":"product_cat","embeddable":true,"href":"https:\/\/seaandsea.eu\/it\/wp-json\/wp\/v2\/product_cat?post=317"},{"taxonomy":"product_tag","embeddable":true,"href":"https:\/\/seaandsea.eu\/it\/wp-json\/wp\/v2\/product_tag?post=317"}],"curies":[{"name":"wp","href":"https:\/\/api.w.org\/{rel}","templated":true}]}}