{"id":345,"date":"2024-02-16T08:14:08","date_gmt":"2024-02-16T07:14:08","guid":{"rendered":"https:\/\/eager-benz.45-82-188-209.plesk.page\/product\/optical-ys-converter-c1-voor-mdx-behuizingen-50136\/"},"modified":"2024-04-18T12:11:30","modified_gmt":"2024-04-18T10:11:30","slug":"optical-ys-converter-c1-voor-mdx-behuizingen","status":"publish","type":"product","link":"https:\/\/seaandsea.eu\/it\/prodotto\/convertitore-ottico-ys-c1-per-le-custodie-mdx\/","title":{"rendered":"Convertitore ottico YS\/C1 per custodie MDX"},"content":{"rendered":"","protected":false},"excerpt":{"rendered":"<p>Convertitore ottico YS\/C1 per custodie MDX<br \/>\nProdotto n. 50136<\/p>\n<p><span>Un'unit\u00e0 compatta che converte il segnale TTL della fotocamera in un segnale luminoso. Il convertitore pu\u00f2 essere montato sulla slitta accessori della fotocamera e pu\u00f2 essere collegato a (un) flash SEA &amp; SEA con un cavo in fibra ottica (*). Le modalit\u00e0 TTL e manuale possono essere commutate premendo l'interruttore di modalit\u00e0 sull'alloggiamento.* Il cavo in fibra ottica II di SEA &amp; SEA deve essere utilizzato con un convertitore ottico YS.<\/span><\/p>\n<p>\uff3bCustodie compatibili: MDX-5D Mark III ver.2 (con Canon EOS 5D Mark lll)\u3001MDX-70D MDX-80D<\/p>\n<p>Specifiche tecniche<br \/>\nOperazione:<span> ON \/ OFF \/ Modalit\u00e0 TTL (indicata dalla luce blu) \/ Modalit\u00e0 manuale (indicata dalla luce verde)<br \/>\n* Il livello residuo della batteria \u00e8 indicato da una spia LED lampeggiante.<br \/>\nSpegnimento automatico: il convertitore si spegne automaticamente se la leva dell'otturatore o l'interruttore di modalit\u00e0 non vengono attivati per pi\u00f9 di un'ora.<br \/>\n* Il convertitore pu\u00f2 essere riattivato premendo l'interruttore di modalit\u00e0.<br \/>\nAlimentazione: 2 batterie AAA (alcaline: 3,0V \/ Ni-MH: 2,4V)<br \/>\nAlimentazione: (* 1) Alcalina: 15 ore \/ Mi-MH: 12 ore (* 2)<br \/>\nStruttura: lega di alluminio (alloggiamento)<br \/>\nDimensioni (LxAxP): 54,4 x 39,5 x 53,3 mm \/ 2,1 x 1,6 x 2,1 pollici (senza cavo)<br \/>\nPeso: 54 g \/ 1,9 oz. (Alloggiamento\/i compatibile\/i con convertitore ottico YS \/ C1): MDX-70D<\/p>\n<p>* 1 La durata della batteria dipende dalla marca, dalla temperatura e dalla frequenza di utilizzo.<br \/>\n* 2 Tempo di funzionamento testato con batterie da 750 mAh.<\/p>\n<p>Il video su \"Come montare il convertitore ottico YS in un alloggiamento compatibile\" \u00e8 stato appena pubblicato su YouTube.<\/span><\/p>","protected":false},"featured_media":346,"comment_status":"closed","ping_status":"closed","template":"","meta":{"_acf_changed":false},"product_cat":[44,188],"product_tag":[199,196,198,36,38,149],"class_list":{"0":"post-345","1":"product","2":"type-product","3":"status-publish","4":"has-post-thumbnail","6":"product_cat-accessoires","7":"product_cat-behuizing-accessoires","8":"product_tag-199","9":"product_tag-converter","10":"product_tag-mdx","11":"product_tag-optical","12":"product_tag-sea-sea","13":"product_tag-ys","15":"first","16":"instock","17":"product-type-simple"},"acf":[],"_links":{"self":[{"href":"https:\/\/seaandsea.eu\/it\/wp-json\/wp\/v2\/product\/345","targetHints":{"allow":["GET"]}}],"collection":[{"href":"https:\/\/seaandsea.eu\/it\/wp-json\/wp\/v2\/product"}],"about":[{"href":"https:\/\/seaandsea.eu\/it\/wp-json\/wp\/v2\/types\/product"}],"replies":[{"embeddable":true,"href":"https:\/\/seaandsea.eu\/it\/wp-json\/wp\/v2\/comments?post=345"}],"wp:featuredmedia":[{"embeddable":true,"href":"https:\/\/seaandsea.eu\/it\/wp-json\/wp\/v2\/media\/346"}],"wp:attachment":[{"href":"https:\/\/seaandsea.eu\/it\/wp-json\/wp\/v2\/media?parent=345"}],"wp:term":[{"taxonomy":"product_cat","embeddable":true,"href":"https:\/\/seaandsea.eu\/it\/wp-json\/wp\/v2\/product_cat?post=345"},{"taxonomy":"product_tag","embeddable":true,"href":"https:\/\/seaandsea.eu\/it\/wp-json\/wp\/v2\/product_tag?post=345"}],"curies":[{"name":"wp","href":"https:\/\/api.w.org\/{rel}","templated":true}]}}