{"id":413,"date":"2024-02-16T08:14:19","date_gmt":"2024-02-16T07:14:19","guid":{"rendered":"https:\/\/eager-benz.45-82-188-209.plesk.page\/product\/dome-diffuser-voor-ys-d3-28116\/"},"modified":"2024-04-19T16:30:56","modified_gmt":"2024-04-19T14:30:56","slug":"dome-diffuser-voor-ys-d3","status":"publish","type":"product","link":"https:\/\/seaandsea.eu\/it\/prodotto\/dome-diffusore-per-ys-d3\/","title":{"rendered":"Diffusore a cupola per YS-D3"},"content":{"rendered":"","protected":false},"excerpt":{"rendered":"<p><strong>Diffusore a cupola per YS-D3<br \/>\nProdotto n. 28116<\/strong><\/p>\n<p>Il diffusore a cupola opzionale aumenta l'angolo di esposizione a 170\u00b0\u00d7150\u00b0.  Questo diffusore \u00e8 un accessorio necessario quando si riprende con un obiettivo grandangolare o fisheye. Oppure utilizzare questo diffusore quando \u00e8 richiesta una luce pi\u00f9 morbida. Il numero guida diminuisce di circa -1,5 EV quando il diffusore \u00e8 montato sul flash.<\/p>\n<p>Grazie all'attacco a baionetta, questo diffusore pu\u00f2 essere facilmente montato e rimosso sulla parte anteriore del flash sott'acqua in pochissimo tempo. Il diffusore pu\u00f2 essere dotato di un cavo di sicurezza contro le perdite.<\/p>","protected":false},"featured_media":1279,"comment_status":"closed","ping_status":"closed","template":"","meta":{"_acf_changed":false},"product_cat":[44,184],"product_tag":[251,246,143,146,168,38,147,148],"class_list":{"0":"post-413","1":"product","2":"type-product","3":"status-publish","4":"has-post-thumbnail","6":"product_cat-accessoires","7":"product_cat-flitser-accessoires","8":"product_tag-accessoires","9":"product_tag-duiken","10":"product_tag-flitser","11":"product_tag-fotografie","12":"product_tag-onderwater","13":"product_tag-sea-sea","14":"product_tag-sea-and-sea","15":"product_tag-sea-en-sea","17":"first","18":"instock","19":"featured","20":"product-type-simple"},"acf":[],"_links":{"self":[{"href":"https:\/\/seaandsea.eu\/it\/wp-json\/wp\/v2\/product\/413","targetHints":{"allow":["GET"]}}],"collection":[{"href":"https:\/\/seaandsea.eu\/it\/wp-json\/wp\/v2\/product"}],"about":[{"href":"https:\/\/seaandsea.eu\/it\/wp-json\/wp\/v2\/types\/product"}],"replies":[{"embeddable":true,"href":"https:\/\/seaandsea.eu\/it\/wp-json\/wp\/v2\/comments?post=413"}],"wp:featuredmedia":[{"embeddable":true,"href":"https:\/\/seaandsea.eu\/it\/wp-json\/wp\/v2\/media\/1279"}],"wp:attachment":[{"href":"https:\/\/seaandsea.eu\/it\/wp-json\/wp\/v2\/media?parent=413"}],"wp:term":[{"taxonomy":"product_cat","embeddable":true,"href":"https:\/\/seaandsea.eu\/it\/wp-json\/wp\/v2\/product_cat?post=413"},{"taxonomy":"product_tag","embeddable":true,"href":"https:\/\/seaandsea.eu\/it\/wp-json\/wp\/v2\/product_tag?post=413"}],"curies":[{"name":"wp","href":"https:\/\/api.w.org\/{rel}","templated":true}]}}