{"id":129,"date":"2024-02-16T08:13:37","date_gmt":"2024-02-16T07:13:37","guid":{"rendered":"https:\/\/eager-benz.45-82-188-209.plesk.page\/product\/optical-dome-port-ii-100-3-ersies-30133-30134-30135\/"},"modified":"2024-04-18T13:26:40","modified_gmt":"2024-04-18T11:26:40","slug":"optical-dome-port-ii-100-3-series","status":"publish","type":"product","link":"https:\/\/seaandsea.eu\/nb\/produkt\/optisk-dome-port-ii-100-3-serien\/","title":{"rendered":"Optisk kuppelport II 100 (3 serier)"},"content":{"rendered":"","protected":false},"excerpt":{"rendered":"<p>Optical Dome Port II 100 (3 versjoner)<br \/>\nProduktnr. 30133 \/ 30134 \/ 30135<\/p>\n<p><span>100 mm i diameter. Den mest kompakte og lette optiske kuppelporten som tilbys av SEA &amp; SEA. Eksklusivt designet for fiske\u00f8yeobjektiver.<br \/>\nOptical Dome Port ll 100 S (# 30133) (bestillingsvare) Designet eksklusivt for Nikon AF DX Fisheye Nikkor ED 10,5 mm F2,8 Optical Dome Port ll 100 M (# 30134) Designet eksklusivt for Tokina AT-X 107 DX Fisheye 10-17 mm F3,5-4,5, for Nikon- og Canon-kameraer. Optisk kuppelport ll 100 L (# 30135) Designet eksklusivt for Canon EF 8-15mm F4L USM og Nikon AF-S Fisheye Nikkor 8-15mm F3,5-4,5 E ED.<\/span><\/p>\n<p><span><strong>Funksjoner<\/strong><br \/>\n<\/span><span>\u30fb Brukt BK7-krystallglass av h\u00f8y kvalitet.<br \/>\nTo forskjellige antirefleksbelegg brukes for \u00e5 optimalisere bildekvaliteten, ett p\u00e5 utsiden og ett p\u00e5 innsiden av de optiske kuplene. P\u00e5 utsiden av kuplene brukes et flerlagsbelegg, og innsiden av kuplene er belagt med silisiumdioksyd for effektivt \u00e5 undertrykke overreflekser og sp\u00f8kelsesbilder. Resultatet er at brytningsindeksen for hver port er redusert til mindre enn 0,01%, og kuplene gir bilder med ekstremt h\u00f8y kontrast.<br \/>\nForskjell i bildekvalitet mellom Fisheye Dome Port 240 og Optical Dome Port l 165 i motlys.<br \/>\nUtstyr brukt: Canon 5D Mark III og EF 16-35mm F2.8L ll. Dybde: 5 m<\/p>\n<p><strong>Spesifikasjoner<\/strong><br \/>\nM\u00e5l (DIAxD): 130 x 64,5 (S) \/ 81 (M) \/ 91 (L) mm \/ 5,1 x 2,5 (S) \/ 3,2 (M) \/ 3,6 (L) tommer<br \/>\nVekt Ca. 372 g (S) 423 g (M) 450 g (L)<br \/>\nDybdeklassifisering: 100m \/ 330ft<br \/>\nKonstruksjon: POM-harpiks, BK7-krystallglass (kuppel) og korrosjonsbestandig aluminiumslegering (hette)<br \/>\nTilbeh\u00f8r: Bruksanvisning, sluseventil, sluseboks<\/span><\/p>","protected":false},"featured_media":130,"comment_status":"closed","ping_status":"closed","template":"","meta":{"_acf_changed":false},"product_cat":[29,28],"product_tag":[30,31,32,33,34,35,36,37,38,39],"class_list":{"0":"post-129","1":"product","2":"type-product","3":"status-publish","4":"has-post-thumbnail","6":"product_cat-domeports","7":"product_cat-porten","8":"product_tag-30","9":"product_tag-31","10":"product_tag-32","11":"product_tag-33","12":"product_tag-dome","13":"product_tag-ii","14":"product_tag-optical","15":"product_tag-port","16":"product_tag-sea-sea","17":"product_tag-seasea","19":"first","20":"instock","21":"product-type-simple"},"acf":[],"_links":{"self":[{"href":"https:\/\/seaandsea.eu\/nb\/wp-json\/wp\/v2\/product\/129","targetHints":{"allow":["GET"]}}],"collection":[{"href":"https:\/\/seaandsea.eu\/nb\/wp-json\/wp\/v2\/product"}],"about":[{"href":"https:\/\/seaandsea.eu\/nb\/wp-json\/wp\/v2\/types\/product"}],"replies":[{"embeddable":true,"href":"https:\/\/seaandsea.eu\/nb\/wp-json\/wp\/v2\/comments?post=129"}],"wp:featuredmedia":[{"embeddable":true,"href":"https:\/\/seaandsea.eu\/nb\/wp-json\/wp\/v2\/media\/130"}],"wp:attachment":[{"href":"https:\/\/seaandsea.eu\/nb\/wp-json\/wp\/v2\/media?parent=129"}],"wp:term":[{"taxonomy":"product_cat","embeddable":true,"href":"https:\/\/seaandsea.eu\/nb\/wp-json\/wp\/v2\/product_cat?post=129"},{"taxonomy":"product_tag","embeddable":true,"href":"https:\/\/seaandsea.eu\/nb\/wp-json\/wp\/v2\/product_tag?post=129"}],"curies":[{"name":"wp","href":"https:\/\/api.w.org\/{rel}","templated":true}]}}