{"id":133,"date":"2024-02-16T08:13:37","date_gmt":"2024-02-16T07:13:37","guid":{"rendered":"https:\/\/eager-benz.45-82-188-209.plesk.page\/product\/optical-dome-port-ii-230-30137\/"},"modified":"2024-04-18T13:25:09","modified_gmt":"2024-04-18T11:25:09","slug":"optical-dome-port-ii-230","status":"publish","type":"product","link":"https:\/\/seaandsea.eu\/nb\/produkt\/optisk-kuppelport-ii-230\/","title":{"rendered":"Optisk kuppelport II 230"},"content":{"rendered":"","protected":false},"excerpt":{"rendered":"<p>Optisk kuppelport II 230<br \/>\nProdukt nr. 30137<\/p>\n<p>Eksempel p\u00e5 system<\/p>\n<p>Diameter 230 mm. Allsidig optisk kuppelport, kompatibel med ulike fiske\u00f8ye- og vidvinkelobjektiver. Gir den beste bildekvaliteten, inkludert perifer bildekvalitet. Egnet for bilder halvt under vann og halvt over vann. Den perifere bildekvaliteten blir enda bedre n\u00e5r den brukes med et internt korreksjonsobjektiv.<\/p>\n<p><strong>Funksjoner<\/strong><br \/>\n\u30fb Brukt BK7-krystallglass av h\u00f8y kvalitet.<br \/>\nTo forskjellige antirefleksbelegg brukes for \u00e5 optimalisere bildekvaliteten, ett p\u00e5 utsiden og ett p\u00e5 innsiden av de optiske kuplene. P\u00e5 utsiden av kuplene brukes et flerlagsbelegg, og innsiden av kuplene er belagt med silisiumdioksyd for effektivt \u00e5 undertrykke overstr\u00e5ling og sp\u00f8kelsesbilder. Resultatet er at brytningsindeksen for hver port er redusert til under 0,01%, og kuplene gir bilder med ekstremt h\u00f8y kontrast.<\/p>\n<p>Forskjellen i bildekvalitet mellom Fisheye Dome Port 240 og Optical Dome Port 165 i motlys. Utstyr brukt: Canon 5D Mark III og EF 16-35mm F2.8L ll. Dybde: 5 m<\/p>\n<p><strong>Spesifikasjoner<\/strong><br \/>\nM\u00e5l (DIAxD): 250 x 120 mm \/ 9,8 x 4,7 tommer<br \/>\nVekt: Ca. 2100 g \/ 74,1 oz<br \/>\nDybdeklassifisering: 100m \/ 330ft<br \/>\nKonstruksjon: korrosjonsbestandig aluminiumslegering (anodisert), BK7-krystallglass (kuppel) og POM-harpiks (hette)<br \/>\nTilbeh\u00f8r: Bruksanvisning, optisk kuppelsluseventil, slusehus<\/p>","protected":false},"featured_media":134,"comment_status":"closed","ping_status":"closed","template":"","meta":{"_acf_changed":false},"product_cat":[29,28],"product_tag":[42,43,34,35,36,37,38],"class_list":{"0":"post-133","1":"product","2":"type-product","3":"status-publish","4":"has-post-thumbnail","6":"product_cat-domeports","7":"product_cat-porten","8":"product_tag-42","9":"product_tag-43","10":"product_tag-dome","11":"product_tag-ii","12":"product_tag-optical","13":"product_tag-port","14":"product_tag-sea-sea","16":"first","17":"instock","18":"product-type-simple"},"acf":[],"_links":{"self":[{"href":"https:\/\/seaandsea.eu\/nb\/wp-json\/wp\/v2\/product\/133","targetHints":{"allow":["GET"]}}],"collection":[{"href":"https:\/\/seaandsea.eu\/nb\/wp-json\/wp\/v2\/product"}],"about":[{"href":"https:\/\/seaandsea.eu\/nb\/wp-json\/wp\/v2\/types\/product"}],"replies":[{"embeddable":true,"href":"https:\/\/seaandsea.eu\/nb\/wp-json\/wp\/v2\/comments?post=133"}],"wp:featuredmedia":[{"embeddable":true,"href":"https:\/\/seaandsea.eu\/nb\/wp-json\/wp\/v2\/media\/134"}],"wp:attachment":[{"href":"https:\/\/seaandsea.eu\/nb\/wp-json\/wp\/v2\/media?parent=133"}],"wp:term":[{"taxonomy":"product_cat","embeddable":true,"href":"https:\/\/seaandsea.eu\/nb\/wp-json\/wp\/v2\/product_cat?post=133"},{"taxonomy":"product_tag","embeddable":true,"href":"https:\/\/seaandsea.eu\/nb\/wp-json\/wp\/v2\/product_tag?post=133"}],"curies":[{"name":"wp","href":"https:\/\/api.w.org\/{rel}","templated":true}]}}