{"id":1409,"date":"2024-09-11T12:01:33","date_gmt":"2024-09-11T10:01:33","guid":{"rendered":"https:\/\/seaandsea.eu\/?post_type=product&#038;p=1409"},"modified":"2024-09-11T12:11:47","modified_gmt":"2024-09-11T10:11:47","slug":"photo-video-light-kit-lx-1200sw-flood-spot-zwart","status":"publish","type":"product","link":"https:\/\/seaandsea.eu\/nb\/produkt\/foto-og-videolys-sett-lx-1200sw-flood-spot-svart\/","title":{"rendered":"Foto-\/videolys sett LX-1200SW Flood &amp; Spot - svart"},"content":{"rendered":"","protected":false},"excerpt":{"rendered":"<p>Foto-\/videolys sett LX-1200SW Flood &amp; Spot - svart<br \/>\nProduktnr. 09134<\/p>\n<p>S\u00e5 vakker og avansert kan undervannsbelysning for foto\/video v\u00e6re! Vi snakker om den nye LX-lampen fra Sea &amp; Sea. Denne h\u00f8ykvalitetslampen fra <strong>JAPANS Brokerage<\/strong> b\u00f8r virkelig vurderes. Du vil garantert bli imponert over kvaliteten, designet og brukervennligheten. Vi t\u00f8r nesten p\u00e5st\u00e5 at det ikke finnes noe bedre system der ute.<\/p>\n<p>Bare en kort liste over funksjoner: (ytterligere uthevet nedenfor).<\/p>\n<ol>\n<li><em>Dobbel lampefunksjon: Spot og Flood kan kobles sammen i \u00e9n lampe.\u00a0<\/em><\/li>\n<li><em>COB LED gir den vakreste, jevneste lysfordelingen.<\/em><\/li>\n<li><em>Jevne skygger i stedet for flere skygger takket v\u00e6re COB<\/em><\/li>\n<li><em>Justerbar lyseffekt i 100 eller i 4 trinn, med minne for begge lampene.<\/em><\/li>\n<li><em>Sensor for blitsdeteksjon, sl\u00e5r lampen kort av hvis det oppst\u00e5r en blits.<\/em><\/li>\n<li><em>Utskiftbare lampehoder for \u00e5 endre effekt.<\/em><\/li>\n<li><em>Utskiftbart oppladbart batteri som kan lades i lampen eller separat uten lampe. Praktisk i kombinasjon med et ekstra batteri.\u00a0<\/em><\/li>\n<li><em>Tydelig, lesbar skjerm med komplett funksjonsvisning. Enkel betjening.<\/em><\/li>\n<li><em>Inkluderer 5 monteringsalternativer.\u00a0<\/em><\/li>\n<\/ol>\n<p>&nbsp;<\/p>\n<p><strong>#1 - To lys i ett: Flood og Spot!<\/strong><\/p>\n<p>Lampen kan skiftes mellom vidvinkel- og punktbelysning ved hjelp av kontrollknappene. Str\u00e5levinkelen er 100\u00b0 for wide og 30\u00b0 for spot. Dette er praktisk fordi du enkelt kan bytte fra vidvinkel til spot og fra spot til vidvinkel ved \u00e5 holde p\u00e5\/av\/lysjusteringsknappen nede. Det er mulig \u00e5 bruke spotlyset til \u00e5 se seg rundt mens du dykker, og deretter bytte til wide s\u00e5 snart du vil begynne \u00e5 ta bilder. Spot-lyset har den fordelen at det bruker betydelig mindre str\u00f8m enn Flood-lyset. Dermed har du mer tid under vann til \u00e5 lete etter det ideelle motivet f\u00f8r du sl\u00e5r p\u00e5 den store bredstr\u00e5len.<\/p>\n<p><strong>#2 - COB-lys med den vakreste mulige ideelle \"sentrale lysfordelingen\".<\/strong><\/p>\n<p>Lyskilden er COB (LED), som er kjent for sin jevne lysfordeling. Den originale designen tilpasser COB til en smultringform. Den brede lyskilden er plassert p\u00e5 smultringen, og spotlys-LED-ene er plassert i midten av den emitterende overflaten (smultringhullet). Enten det er bred- eller punktbelysning, er den optiske aksen i midten av den lysende flaten, noe som sikrer optimal belysning til enhver tid.<\/p>\n<p><strong>Ny type \"COB\".<\/strong><br \/>\nCOB er en type LED. Det er en forkortelse for \"Chip on board\", og som navnet antyder, er flere LED-brikker plassert direkte p\u00e5 kortet. Fordi flere LED-brikker er plassert konsentrert, oppn\u00e5s h\u00f8y luminans. Et stort omr\u00e5de kan ogs\u00e5 belyses jevnt, ettersom lyset sendes ut gjennom en overflate. SEA&amp;SEA er de f\u00f8rste i Japan som har plassert \"COB\" i form av en smultring. Selv med mye lys er det mindre sannsynlig at det oppst\u00e5r skygger i midten, noe som gir et jevnt lys.<\/p>\n<p><strong>#3 - Takket v\u00e6re COB-LED-lysdioden unng\u00e5r du tydelig multiskygger.<\/strong><\/p>\n<p>COB eliminerer \"multiskygger\" i b\u00e5de bred- og punktbelysning. De naturlige skyggene fremhever motivet klart og tydelig, noe som gj\u00f8r det til et ideelt lys for fotografering og videobelysning.<\/p>\n<p><strong>Flere skygger <\/strong><br \/>\nSkygger som er unike for LED-belysning. N\u00e5r et objekt belyses med LED-belysning som best\u00e5r av mange lysende seksjoner, oppst\u00e5r det unaturlige flerskygger som skiller seg fra skyggene som oppst\u00e5r i sollys. Flere skygger kan skjule omrisset av et objekt og gj\u00f8re det mindre synlig. COB med \u00e9n enkelt lyskilde produserer ikke flere skygger.<\/p>\n<p><strong># 4 - Fire eller 100 trinn <\/strong><strong>lysjustering, med minne ved utkobling for begge lyskildene.<\/strong><\/p>\n<p><strong>4-trinns lysjustering (i trinn p\u00e5 25%) <\/strong><br \/>\nFor en 4-trinns lysjustering, trykk p\u00e5 av\/p\u00e5\/lysjusteringsknappen n\u00e5r lyset er p\u00e5. Den sirkulerer mellom 25%, 50%, 75% og 100% per trykk for \u00e5 justere lysintensiteten i henhold til situasjonen. Lysintensiteten er godt synlig med %-displayet.<\/p>\n<p><strong>100-trinns lysjustering (i trinn p\u00e5 1%) <\/strong><br \/>\nLyset kan justeres i 100 trinn fra 0 til 100% ved hjelp av knappene for justering av lysintensiteten p\u00e5 venstre og h\u00f8yre side. Finjustering er mulig i trinn p\u00e5 1%. Den digitale finjusteringsvisningen p\u00e5 % er tydelig lesbar p\u00e5 displayet.<\/p>\n<p><strong>Minnefunksjon <\/strong><br \/>\nLX-lysene er utstyrt med en \"minnefunksjon\" som gj\u00f8r at lampen beholder den innstillingen den ble sl\u00e5tt av i. S\u00e5 snart lampen sl\u00e5s p\u00e5 igjen, vil den v\u00e6re i samme innstilling. som sl\u00e5r seg p\u00e5 igjen med samme lysintensitet som da lampen ble sl\u00e5tt av. Det er spesielt nyttig ved videoopptak, ettersom den sl\u00e5r seg p\u00e5 med samme lysintensitet som da lampen ble sl\u00e5tt av.<\/p>\n<p><strong>#5 - Innebygd blitsdeteksjonssensor (kan sl\u00e5s av og p\u00e5) for bruk med ekstern blits.\u00a0<\/strong><\/p>\n<p>Sea &amp; Sea LX-lysene er utstyrt med en \"blitsdeteksjonssensor\" som registrerer blitslyset fra den eksterne blitsen, og som i det \u00f8yeblikket automatisk sl\u00e5r lyset av en kort stund og p\u00e5 igjen et sekund senere. Fordi lyset sl\u00e5s av n\u00e5r blitslyset slippes ut, p\u00e5virker ikke videolyset bildet n\u00e5r spotlyset for eksempel brukes som fokuslys. Det brede lyset kan brukes til \u00e5 finne motiver eller se p\u00e5 omgivelsene og ta bilder uten \u00e5 bekymre deg for ujevn eksponering eller fargesvekkelser.<\/p>\n<p><strong>#6 - Str\u00f8mendring ved \u00e5 bytte ut lampehodet!<\/strong><\/p>\n<p>Alle LX-lysseriene har samme hus. Lampehodene er kompatible. LX2400SW FS-lampehodet kan brukes som et hus p\u00e5 2400 lm, og LX-4000SW FS-lampehodet kan brukes som et hus p\u00e5 4000 lm n\u00e5r det er satt til LX-1200SW FS.<\/p>\n<p><em>*Justering av innstillingen er n\u00f8dvendig etter utskifting av lampehodet.<\/em><em><br \/>\nSe brukerh\u00e5ndboken for mer informasjon.<\/em><\/p>\n<p><strong>#7 - To alternativer for batterilading.\u00a0<\/strong><\/p>\n<p>Den kompakte kroppen rommer et Li-ion-batteri med stor kapasitet p\u00e5 3400 mAh. Det kan lades p\u00e5 to m\u00e5ter.<\/p>\n<p><strong>1. lading via utvendig lampe<\/strong><\/p>\n<p>Batteriet kan lades direkte ved \u00e5 koble den medf\u00f8lgende spesielle ladepluggen p\u00e5 baksiden til fjernkontrollkontakten (magnetpol) p\u00e5 baksiden av huset, mens batteriet forblir koblet til huset. Ettersom det ikke er n\u00f8dvendig \u00e5 ta batteriet ut av huset, er det ingen risiko for lekkasje p\u00e5 grunn av feilaktig lukking av lampen.<\/p>\n<p><strong>2. Lading via batteri, uten lampe<\/strong><\/p>\n<p>Batteriet kan tas ut av huset og lades direkte med laderen. Dette gj\u00f8r at du kan arbeide med to eller flere batterier. N\u00e5r lampen er i bruk, kan reservebatteriet lades samtidig.<br \/>\n*Det er ogs\u00e5 fint \u00e5 vite at batteriet kan tas ut n\u00e5r det tas med som h\u00e5ndbagasje p\u00e5 flyet.<\/p>\n<p><strong>#8 - Lettlest paneldisplay og praktisk betjening.<\/strong><\/p>\n<p>En rekke funksjoner vises p\u00e5 en godt synlig LCD-fargeskjerm. \"Lysintensitet\" og \"gjenv\u00e6rende belysningstid\", som er de viktigste funksjonene under vann, vises i stor grad p\u00e5 samme lettleste skjerm. Lysintensiteten kan justeres med kontrollknappene mens du ser p\u00e5 panelets display. N\u00e5r batteriniv\u00e5et er lavt, reduseres lysintensiteten automatisk til 20%, og batteriindikatoren blinker. Displayet viser \"10min\" og begynner \u00e5 telle ned.<\/p>\n<p><strong>Ytterligere funksjoner og visninger\u00a0<\/strong><\/p>\n<p>Lampen er utstyrt med funksjoner som forebygger potensielle problemer og gir assistanse i usannsynlige n\u00f8dsituasjoner.<\/p>\n<p>Sikkerhetsmodus: N\u00e5r batteriniv\u00e5et er lavt, reduseres lysintensiteten automatisk til 20%, og batteriindikatoren blinker. Displayet viser \"10min\" og begynner \u00e5 telle ned.<\/p>\n<p>Beskyttelsesmodus for h\u00f8y temperatur: Hvis lampehodet n\u00e5r en temperatur p\u00e5 55 \u00b0C eller h\u00f8yere under drift, g\u00e5r det automatisk over i beskyttelsesmodus og reduserer lysintensiteten til 20% av maksimum.<\/p>\n<p>Blinkende signalmodus: Blinker raskt ved \u00e5 holde knappen for justering av lysintensitet (+) og p\u00e5\/av\/lysjusteringsknappen nede samtidig i ca. 2 sekunder. Nyttig som signal til kompisen din eller som signal under nattdykk.<\/p>\n<p>SOS-modus: Den blinker som et n\u00f8dsignal for redning i SOS-modus ved \u00e5 holde knappen for justering av lysintensitet (-) og p\u00e5\/av\/lysjusteringsknappen inne samtidig i ca. 2 sekunder.<\/p>\n<p><strong>#9 - Bredt utvalg av monteringsadaptere<\/strong><\/p>\n<p>Flere adaptere er inkludert i pakken. For eksempel Gun-grepet for \u00e5 bruke lampen som h\u00e5ndlampe. I tillegg f\u00f8lger det med fire fester: YS-feste, kulefeste, GoPro-feste og et Loc-line-feste som kan brukes til \u00e5 montere lampen p\u00e5 \u00f8nsket m\u00e5te p\u00e5 armen eller huset.<\/p>\n<p>Hvert feste skal festes sikkert med sokkelskruer n\u00e5r det er satt inn i lampens sokkelholder.<\/p>","protected":false},"featured_media":1422,"comment_status":"open","ping_status":"closed","template":"","meta":{"_acf_changed":false},"product_cat":[274],"product_tag":[276,246,146,275,38,147,148,39],"class_list":{"0":"post-1409","1":"product","2":"type-product","3":"status-publish","4":"has-post-thumbnail","6":"product_cat-lampen","7":"product_tag-276","8":"product_tag-duiken","9":"product_tag-fotografie","10":"product_tag-lx-lights","11":"product_tag-sea-sea","12":"product_tag-sea-and-sea","13":"product_tag-sea-en-sea","14":"product_tag-seasea","16":"first","17":"instock","18":"featured","19":"shipping-taxable","20":"product-type-simple"},"acf":[],"_links":{"self":[{"href":"https:\/\/seaandsea.eu\/nb\/wp-json\/wp\/v2\/product\/1409","targetHints":{"allow":["GET"]}}],"collection":[{"href":"https:\/\/seaandsea.eu\/nb\/wp-json\/wp\/v2\/product"}],"about":[{"href":"https:\/\/seaandsea.eu\/nb\/wp-json\/wp\/v2\/types\/product"}],"replies":[{"embeddable":true,"href":"https:\/\/seaandsea.eu\/nb\/wp-json\/wp\/v2\/comments?post=1409"}],"wp:featuredmedia":[{"embeddable":true,"href":"https:\/\/seaandsea.eu\/nb\/wp-json\/wp\/v2\/media\/1422"}],"wp:attachment":[{"href":"https:\/\/seaandsea.eu\/nb\/wp-json\/wp\/v2\/media?parent=1409"}],"wp:term":[{"taxonomy":"product_cat","embeddable":true,"href":"https:\/\/seaandsea.eu\/nb\/wp-json\/wp\/v2\/product_cat?post=1409"},{"taxonomy":"product_tag","embeddable":true,"href":"https:\/\/seaandsea.eu\/nb\/wp-json\/wp\/v2\/product_tag?post=1409"}],"curies":[{"name":"wp","href":"https:\/\/api.w.org\/{rel}","templated":true}]}}