{"id":1510,"date":"2025-03-31T17:15:35","date_gmt":"2025-03-31T15:15:35","guid":{"rendered":"https:\/\/seaandsea.eu\/?post_type=product&#038;p=1510"},"modified":"2025-03-31T17:16:56","modified_gmt":"2025-03-31T15:16:56","slug":"lx-snoot-for-lx-lights","status":"publish","type":"product","link":"https:\/\/seaandsea.eu\/nb\/produkt\/lx-snoot-for-lx-lys\/","title":{"rendered":"LX Snoot for LX-Lights"},"content":{"rendered":"<p>Snoot-sett eksklusivt for LX-lamper. N\u00e5r det er installert, blokkerer det lyset som treffer omgivelsene og gir n\u00f8yaktig belysning av motivet. Detaljer og farger kommer bedre frem, slik at du kan ta mer fargerike bilder. Det gir en tredimensjonal effekt, eksperimentell bruk av lys og skygger og et unikt kunstnerisk uttrykk som fjerner det svarte og fremhever motivet.<br \/>\n*LX-lamper m\u00e5 brukes i \"spotlight-modus\".<\/p>\n<p>Et sett med basisringer og 3 typer adaptere. Det finnes tre typer adaptere: 20 mm, 10 mm og 5 mm. Adapterne kan byttes ut for \u00e5 tilpasse dem til bestr\u00e5lingsomr\u00e5det. Kombinasjonene 20 mm + 10 mm og 20 mm + 5 mm kan ogs\u00e5 brukes, noe som muliggj\u00f8r bestr\u00e5ling p\u00e5 avstand fra motivet (med en viss lysreduksjon).<\/p>","protected":false},"excerpt":{"rendered":"<p>Snoot-sett eksklusivt for LX-lamper. N\u00e5r det er installert, blokkerer det lys som treffer omgivelsene og gir n\u00f8yaktig belysning av [...].<\/p>","protected":false},"featured_media":1511,"comment_status":"open","ping_status":"closed","template":"","meta":{"_acf_changed":false},"product_cat":[282],"product_tag":[251,246,277,275,168,38,147,148,39],"class_list":{"0":"post-1510","1":"product","2":"type-product","3":"status-publish","4":"has-post-thumbnail","6":"product_cat-accessoires-lampen","7":"product_tag-accessoires","8":"product_tag-duiken","9":"product_tag-lights","10":"product_tag-lx-lights","11":"product_tag-onderwater","12":"product_tag-sea-sea","13":"product_tag-sea-and-sea","14":"product_tag-sea-en-sea","15":"product_tag-seasea","17":"first","18":"instock","19":"featured","20":"shipping-taxable","21":"product-type-simple"},"acf":[],"_links":{"self":[{"href":"https:\/\/seaandsea.eu\/nb\/wp-json\/wp\/v2\/product\/1510","targetHints":{"allow":["GET"]}}],"collection":[{"href":"https:\/\/seaandsea.eu\/nb\/wp-json\/wp\/v2\/product"}],"about":[{"href":"https:\/\/seaandsea.eu\/nb\/wp-json\/wp\/v2\/types\/product"}],"replies":[{"embeddable":true,"href":"https:\/\/seaandsea.eu\/nb\/wp-json\/wp\/v2\/comments?post=1510"}],"wp:featuredmedia":[{"embeddable":true,"href":"https:\/\/seaandsea.eu\/nb\/wp-json\/wp\/v2\/media\/1511"}],"wp:attachment":[{"href":"https:\/\/seaandsea.eu\/nb\/wp-json\/wp\/v2\/media?parent=1510"}],"wp:term":[{"taxonomy":"product_cat","embeddable":true,"href":"https:\/\/seaandsea.eu\/nb\/wp-json\/wp\/v2\/product_cat?post=1510"},{"taxonomy":"product_tag","embeddable":true,"href":"https:\/\/seaandsea.eu\/nb\/wp-json\/wp\/v2\/product_tag?post=1510"}],"curies":[{"name":"wp","href":"https:\/\/api.w.org\/{rel}","templated":true}]}}