{"id":227,"date":"2024-02-16T08:13:48","date_gmt":"2024-02-16T07:13:48","guid":{"rendered":"https:\/\/eager-benz.45-82-188-209.plesk.page\/product\/ys-03-flitser-03116\/"},"modified":"2024-04-18T11:46:37","modified_gmt":"2024-04-18T09:46:37","slug":"ys-03-flitser","status":"publish","type":"product","link":"https:\/\/seaandsea.eu\/nb\/produkt\/ys-03-flash\/","title":{"rendered":"YS-03 Flash"},"content":{"rendered":"","protected":false},"excerpt":{"rendered":"<p>YS-03<br \/>\nProdukt nr. 03116<br \/>\n&lt; niet meer leverbaar, vervangen door No. 03125 YS-03 Solis &gt;<\/p>\n<div class=\"text-wrap tlid-copy-target\">\n<div tabindex=\"0\"><\/div>\n<div class=\"result-shield-container tlid-copy-target\" tabindex=\"0\"><span class=\"tlid-translation translation\" lang=\"nl\"><span class=\"tlid-translation translation\" lang=\"nl\">Med denne rimelige blitsen kan alle f\u00e5 glede av TTL-blitsfotografering,<br \/>\nBrukervennlig, kompakt undervannsblits.<\/span><\/span>Funksjoner:Enkel og allsidig Slave TTL.<br \/>\nSiden YS-03 er utformet for \u00e5 etterligne lysintensiteten til kameraets innebygde blits, er det ikke n\u00f8dvendig \u00e5 justere lysstyrken manuelt. YS-03 er kompatibel med alle kameraer med frontblits og har en TTL-blitseksponeringsfunksjon, uansett merke.enkel betjening<br \/>\nYS-03 er designet for \u00e5 kunne brukes av alle undervannsfotografer, og er lett \u00e5 forst\u00e5. Den eneste kontrollen er dreiebryteren, og ved \u00e5 vri bryteren fra OFF til TTL kan du ta flotte bilder.leveres med diffusor som standard<br \/>\nDen halvgjennomsiktige delen diffunderer og myker opp lyset fra blitsen. Bruk av diffusoren gir mykere og jevnere eksponerte bilder. Diffusoren bidrar ogs\u00e5 til \u00e5 redusere effekten av overeksponerte bilder eller n\u00e5r sterkt lys gir skygger\/skygger i bildet:<br \/>\n[Veiledningstall (ISO 100 \/ m) (land)] 20<br \/>\n[Str\u00e5levinkel] 100\u00b0 x 100\u00b0 (med diffusor 110\u00b0 x 110\u00b0)<br \/>\n[Batterier] 4xAA A: 6V Ni-MH: 4,8V<br \/>\n[Antall blink] A: 230 Ni-MH: 330<br \/>\n[Resirkuleringstid (full)] A: 3,1 sek. Ni-MH: 2,5 sek.<br \/>\n[Fargetemperatur] 5600K<br \/>\n[Fargetemperatur med diffusor] 5250K<br \/>\n[Dybdeklassifisering] 75m \/ 250ft<br \/>\n[M\u00e5l (BxHxD)] 68x108x129mm \/ 2,7\u00d74,3\u00d75,2 tommer<br \/>\n[Vekt]: 430 g (uten batterier) * Monteringsbolt montert<br \/>\n[Vekt under vann]: Ca. +10 g \/ 0,4 oz (med batterier)<br \/>\n[Andre]<br \/>\n- Eksponeringskontroll: Slave TTL<br \/>\n- Slavefunksjon<br \/>\n- Automatisk utkoblingsfunksjon<br \/>\n- Synkroniseringskabel: glassfiberkabel<br \/>\n- Sikkerhetsventil for overtrykk<\/p>\n<\/div>\n<\/div>","protected":false},"featured_media":228,"comment_status":"closed","ping_status":"closed","template":"","meta":{"_acf_changed":false},"product_cat":[142],"product_tag":[38],"class_list":{"0":"post-227","1":"product","2":"type-product","3":"status-publish","4":"has-post-thumbnail","6":"product_cat-flitsers","7":"product_tag-sea-sea","9":"first","10":"instock","11":"product-type-simple"},"acf":[],"_links":{"self":[{"href":"https:\/\/seaandsea.eu\/nb\/wp-json\/wp\/v2\/product\/227","targetHints":{"allow":["GET"]}}],"collection":[{"href":"https:\/\/seaandsea.eu\/nb\/wp-json\/wp\/v2\/product"}],"about":[{"href":"https:\/\/seaandsea.eu\/nb\/wp-json\/wp\/v2\/types\/product"}],"replies":[{"embeddable":true,"href":"https:\/\/seaandsea.eu\/nb\/wp-json\/wp\/v2\/comments?post=227"}],"wp:featuredmedia":[{"embeddable":true,"href":"https:\/\/seaandsea.eu\/nb\/wp-json\/wp\/v2\/media\/228"}],"wp:attachment":[{"href":"https:\/\/seaandsea.eu\/nb\/wp-json\/wp\/v2\/media?parent=227"}],"wp:term":[{"taxonomy":"product_cat","embeddable":true,"href":"https:\/\/seaandsea.eu\/nb\/wp-json\/wp\/v2\/product_cat?post=227"},{"taxonomy":"product_tag","embeddable":true,"href":"https:\/\/seaandsea.eu\/nb\/wp-json\/wp\/v2\/product_tag?post=227"}],"curies":[{"name":"wp","href":"https:\/\/api.w.org\/{rel}","templated":true}]}}