{"id":273,"date":"2024-02-16T08:13:56","date_gmt":"2024-02-16T07:13:56","guid":{"rendered":"https:\/\/eager-benz.45-82-188-209.plesk.page\/product\/sa8-double-ball-arm-s-22112\/"},"modified":"2024-04-18T12:18:46","modified_gmt":"2024-04-18T10:18:46","slug":"sa8-double-ball-arm-s","status":"publish","type":"product","link":"https:\/\/seaandsea.eu\/nb\/produkt\/sa8-dobbel-kulearm-s\/","title":{"rendered":"SA8 Dobbel kulearm S"},"content":{"rendered":"","protected":false},"excerpt":{"rendered":"<p>SA8 Dobbel kulearm S<br \/>\nartikkel: 22112<\/p>\n<p>Sea &amp; Sea-armsystemet Sea Arm 8 har mange muligheter. Det er modul\u00e6rt og kan dermed tilpasses ethvert kamerasystem.<br \/>\nSA8 er laget av materialer av h\u00f8yeste kvalitet og er derfor robust og holdbar i bruk.<\/p>\n<p>Se ogs\u00e5 p\u00e5 de andre elementene for \u00e5 montere og bruke eksponeringen optimalt p\u00e5 kamerasettet ditt.<\/p>","protected":false},"featured_media":274,"comment_status":"closed","ping_status":"closed","template":"","meta":{"_acf_changed":false},"product_cat":[171,172],"product_tag":[174,38,175,144],"class_list":{"0":"post-273","1":"product","2":"type-product","3":"status-publish","4":"has-post-thumbnail","6":"product_cat-arm-systemen","7":"product_cat-sea-arm","8":"product_tag-sa8","9":"product_tag-sea-sea","10":"product_tag-sea-arm-8","11":"product_tag-strobe","13":"first","14":"instock","15":"product-type-simple"},"acf":[],"_links":{"self":[{"href":"https:\/\/seaandsea.eu\/nb\/wp-json\/wp\/v2\/product\/273","targetHints":{"allow":["GET"]}}],"collection":[{"href":"https:\/\/seaandsea.eu\/nb\/wp-json\/wp\/v2\/product"}],"about":[{"href":"https:\/\/seaandsea.eu\/nb\/wp-json\/wp\/v2\/types\/product"}],"replies":[{"embeddable":true,"href":"https:\/\/seaandsea.eu\/nb\/wp-json\/wp\/v2\/comments?post=273"}],"wp:featuredmedia":[{"embeddable":true,"href":"https:\/\/seaandsea.eu\/nb\/wp-json\/wp\/v2\/media\/274"}],"wp:attachment":[{"href":"https:\/\/seaandsea.eu\/nb\/wp-json\/wp\/v2\/media?parent=273"}],"wp:term":[{"taxonomy":"product_cat","embeddable":true,"href":"https:\/\/seaandsea.eu\/nb\/wp-json\/wp\/v2\/product_cat?post=273"},{"taxonomy":"product_tag","embeddable":true,"href":"https:\/\/seaandsea.eu\/nb\/wp-json\/wp\/v2\/product_tag?post=273"}],"curies":[{"name":"wp","href":"https:\/\/api.w.org\/{rel}","templated":true}]}}