{"id":297,"date":"2024-02-16T08:14:02","date_gmt":"2024-02-16T07:14:02","guid":{"rendered":"https:\/\/eager-benz.45-82-188-209.plesk.page\/product\/sa8-camera-tray-adapter-22123\/"},"modified":"2024-04-18T12:17:31","modified_gmt":"2024-04-18T10:17:31","slug":"sa8-camera-tray-adapter","status":"publish","type":"product","link":"https:\/\/seaandsea.eu\/nb\/produkt\/sa8-adapter-for-kamerabrett\/","title":{"rendered":"SA8 Adapter for kamerabrett"},"content":{"rendered":"","protected":false},"excerpt":{"rendered":"<p>SA8 Adapter for kamerabrett<br \/>\nartikkel: 22123<\/p>\n<p>Sea &amp; Sea-armsystemet Sea Arm 8 har mange muligheter. Det er modul\u00e6rt og kan dermed tilpasses ethvert kamerasystem.<br \/>\nSA8 er laget av materialer av h\u00f8yeste kvalitet og er derfor robust og holdbar i bruk.<\/p>\n<p>Se ogs\u00e5 p\u00e5 de andre elementene for \u00e5 montere og bruke eksponeringen optimalt p\u00e5 kamerasettet ditt.<\/p>","protected":false},"featured_media":298,"comment_status":"closed","ping_status":"closed","template":"","meta":{"_acf_changed":false},"product_cat":[171,172],"product_tag":[174,38,175],"class_list":{"0":"post-297","1":"product","2":"type-product","3":"status-publish","4":"has-post-thumbnail","6":"product_cat-arm-systemen","7":"product_cat-sea-arm","8":"product_tag-sa8","9":"product_tag-sea-sea","10":"product_tag-sea-arm-8","12":"first","13":"instock","14":"product-type-simple"},"acf":[],"_links":{"self":[{"href":"https:\/\/seaandsea.eu\/nb\/wp-json\/wp\/v2\/product\/297","targetHints":{"allow":["GET"]}}],"collection":[{"href":"https:\/\/seaandsea.eu\/nb\/wp-json\/wp\/v2\/product"}],"about":[{"href":"https:\/\/seaandsea.eu\/nb\/wp-json\/wp\/v2\/types\/product"}],"replies":[{"embeddable":true,"href":"https:\/\/seaandsea.eu\/nb\/wp-json\/wp\/v2\/comments?post=297"}],"wp:featuredmedia":[{"embeddable":true,"href":"https:\/\/seaandsea.eu\/nb\/wp-json\/wp\/v2\/media\/298"}],"wp:attachment":[{"href":"https:\/\/seaandsea.eu\/nb\/wp-json\/wp\/v2\/media?parent=297"}],"wp:term":[{"taxonomy":"product_cat","embeddable":true,"href":"https:\/\/seaandsea.eu\/nb\/wp-json\/wp\/v2\/product_cat?post=297"},{"taxonomy":"product_tag","embeddable":true,"href":"https:\/\/seaandsea.eu\/nb\/wp-json\/wp\/v2\/product_tag?post=297"}],"curies":[{"name":"wp","href":"https:\/\/api.w.org\/{rel}","templated":true}]}}