{"id":319,"date":"2024-02-16T08:14:02","date_gmt":"2024-02-16T07:14:02","guid":{"rendered":"https:\/\/eager-benz.45-82-188-209.plesk.page\/product\/5-pin-sync-cord-n-17100\/"},"modified":"2024-04-18T12:14:56","modified_gmt":"2024-04-18T10:14:56","slug":"5-pin-sync-cord-n","status":"publish","type":"product","link":"https:\/\/seaandsea.eu\/nb\/produkt\/5-polet-synkroniseringsledning-n\/","title":{"rendered":"5-pinners synkroniseringskabel\/N"},"content":{"rendered":"","protected":false},"excerpt":{"rendered":"<p>5-pinners synkroniseringskabel\/N<br \/>\nProduktnr. 17100<\/p>\n<p>5-pinners Sync Cord\/N er n\u00f8dvendig for \u00e5 styre blitsen elektronisk fra kameraet med hus. P\u00e5 den ene siden av kabelen er det en kontakt for Sea &amp; Sea YS-D1\/D2-blitsen og p\u00e5 den andre siden den universelle 5-pinners Nikon-kontakten. Denne 5-pinners N-tilkoblingen passer mer eller mindre til de fleste merker av undervannshus.<\/p>\n<p>Inkl. 2 beskyttelseshetter for \u00e5 holde kablene rene og t\u00f8rre under transport.<br \/>\nPluggene holdes vanntette i sokkelen med en o-ring. I likhet med blitsen b\u00f8r denne holdes ren og godt vedlikeholdt.<\/p>","protected":false},"featured_media":320,"comment_status":"closed","ping_status":"closed","template":"","meta":{"_acf_changed":false},"product_cat":[44,184],"product_tag":[38],"class_list":{"0":"post-319","1":"product","2":"type-product","3":"status-publish","4":"has-post-thumbnail","6":"product_cat-accessoires","7":"product_cat-flitser-accessoires","8":"product_tag-sea-sea","10":"first","11":"instock","12":"product-type-simple"},"acf":[],"_links":{"self":[{"href":"https:\/\/seaandsea.eu\/nb\/wp-json\/wp\/v2\/product\/319","targetHints":{"allow":["GET"]}}],"collection":[{"href":"https:\/\/seaandsea.eu\/nb\/wp-json\/wp\/v2\/product"}],"about":[{"href":"https:\/\/seaandsea.eu\/nb\/wp-json\/wp\/v2\/types\/product"}],"replies":[{"embeddable":true,"href":"https:\/\/seaandsea.eu\/nb\/wp-json\/wp\/v2\/comments?post=319"}],"wp:featuredmedia":[{"embeddable":true,"href":"https:\/\/seaandsea.eu\/nb\/wp-json\/wp\/v2\/media\/320"}],"wp:attachment":[{"href":"https:\/\/seaandsea.eu\/nb\/wp-json\/wp\/v2\/media?parent=319"}],"wp:term":[{"taxonomy":"product_cat","embeddable":true,"href":"https:\/\/seaandsea.eu\/nb\/wp-json\/wp\/v2\/product_cat?post=319"},{"taxonomy":"product_tag","embeddable":true,"href":"https:\/\/seaandsea.eu\/nb\/wp-json\/wp\/v2\/product_tag?post=319"}],"curies":[{"name":"wp","href":"https:\/\/api.w.org\/{rel}","templated":true}]}}