{"id":325,"date":"2024-02-16T08:14:02","date_gmt":"2024-02-16T07:14:02","guid":{"rendered":"https:\/\/eager-benz.45-82-188-209.plesk.page\/product\/flitser-masker-set-50109\/"},"modified":"2024-04-18T12:16:06","modified_gmt":"2024-04-18T10:16:06","slug":"flitser-masker-set","status":"publish","type":"product","link":"https:\/\/seaandsea.eu\/nb\/produkt\/blitsmaske-sett\/","title":{"rendered":"Flash Mask Set"},"content":{"rendered":"","protected":false},"excerpt":{"rendered":"<p>Flash Mask Set<br \/>\nProduktnr. 50109<\/p>\n<p><span>Fest borrel\u00e5sb\u00e5ndet p\u00e5 undervannshuset som dekker kameraets innebygde blits. Koble til den fiberoptiske kabelen.<br \/>\n* Borrel\u00e5sb\u00e5ndet er sk\u00e5ret til slik at det passer til husets form.<br \/>\n*Kompatibiliteten avhenger av husmodellen.<\/span><\/p>","protected":false},"featured_media":326,"comment_status":"closed","ping_status":"closed","template":"","meta":{"_acf_changed":false},"product_cat":[44,184],"product_tag":[38],"class_list":{"0":"post-325","1":"product","2":"type-product","3":"status-publish","4":"has-post-thumbnail","6":"product_cat-accessoires","7":"product_cat-flitser-accessoires","8":"product_tag-sea-sea","10":"first","11":"instock","12":"product-type-simple"},"acf":[],"_links":{"self":[{"href":"https:\/\/seaandsea.eu\/nb\/wp-json\/wp\/v2\/product\/325","targetHints":{"allow":["GET"]}}],"collection":[{"href":"https:\/\/seaandsea.eu\/nb\/wp-json\/wp\/v2\/product"}],"about":[{"href":"https:\/\/seaandsea.eu\/nb\/wp-json\/wp\/v2\/types\/product"}],"replies":[{"embeddable":true,"href":"https:\/\/seaandsea.eu\/nb\/wp-json\/wp\/v2\/comments?post=325"}],"wp:featuredmedia":[{"embeddable":true,"href":"https:\/\/seaandsea.eu\/nb\/wp-json\/wp\/v2\/media\/326"}],"wp:attachment":[{"href":"https:\/\/seaandsea.eu\/nb\/wp-json\/wp\/v2\/media?parent=325"}],"wp:term":[{"taxonomy":"product_cat","embeddable":true,"href":"https:\/\/seaandsea.eu\/nb\/wp-json\/wp\/v2\/product_cat?post=325"},{"taxonomy":"product_tag","embeddable":true,"href":"https:\/\/seaandsea.eu\/nb\/wp-json\/wp\/v2\/product_tag?post=325"}],"curies":[{"name":"wp","href":"https:\/\/api.w.org\/{rel}","templated":true}]}}