{"id":331,"date":"2024-02-16T08:14:08","date_gmt":"2024-02-16T07:14:08","guid":{"rendered":"https:\/\/eager-benz.45-82-188-209.plesk.page\/product\/handvat-met-drijfvermogen-46124-46131-46132\/"},"modified":"2024-04-19T15:00:28","modified_gmt":"2024-04-19T13:00:28","slug":"handvat-met-drijfvermogen","status":"publish","type":"product","link":"https:\/\/seaandsea.eu\/nb\/produkt\/oppdriftshandtak\/","title":{"rendered":"Oppdriftsh\u00e5ndtak"},"content":{"rendered":"","protected":false},"excerpt":{"rendered":"<p>Oppdriftsh\u00e5ndtak<br \/>\nProdukt nr. 46124<\/p>\n<p>Svart: 46124<\/p>\n<p>Allsidig fl\u00e5te som kan brukes som flytearm og h\u00e5ndtak.<\/p>\n<p>&nbsp;<\/p>\n<p>P\u00e5 land gj\u00f8r h\u00e5ndtaket at du kan b\u00e6re skapet trygt p\u00e5 grunn av den ergonomiske utformingen og det ikke-elastiske materialet. Under vann fungerer h\u00e5ndtaket som en flott\u00f8r, og fordi det flyter, vil det ikke forstyrre driften av skapet.<\/p>\n<p>Monteringssettet SA8 Fixed Ball Base (ekstrautstyr) kan brukes til \u00e5 feste to SA8 Fixed Ball Base til flytearmh\u00e5ndtaket. Dette gj\u00f8r at du kan bruke h\u00e5ndtaket som blitsarm eller tilpasse det til dine egne ideer.<\/p>\n<p><strong>Spesifikasjoner<br \/>\n<\/strong>Konstruksjon: polyetylen<br \/>\nDybdeklassifisering: 50 m \/ 165 fot.<br \/>\nDriftstemperatur: 1-40 grader Celsius \/ 32-104 grader Fahrenheit<br \/>\nM\u00e5l (BxHxD): 256 x 76 x 62 mm \/ 10,1 x 3,0 x 2,4 tommer<br \/>\nVekt p\u00e5 land: 210 g \/ 7,4 oz.<br \/>\nOppdrift under vann: ca. 280 g \/ 9,9 oz.<br \/>\n* Vekten p\u00e5 land og oppdrift under vann kan variere noe for de enkelte h\u00e5ndtakene.<\/p>","protected":false},"featured_media":1278,"comment_status":"closed","ping_status":"closed","template":"","meta":{"_acf_changed":false},"product_cat":[44,188],"product_tag":[38],"class_list":{"0":"post-331","1":"product","2":"type-product","3":"status-publish","4":"has-post-thumbnail","6":"product_cat-accessoires","7":"product_cat-behuizing-accessoires","8":"product_tag-sea-sea","10":"first","11":"instock","12":"product-type-simple"},"acf":[],"_links":{"self":[{"href":"https:\/\/seaandsea.eu\/nb\/wp-json\/wp\/v2\/product\/331","targetHints":{"allow":["GET"]}}],"collection":[{"href":"https:\/\/seaandsea.eu\/nb\/wp-json\/wp\/v2\/product"}],"about":[{"href":"https:\/\/seaandsea.eu\/nb\/wp-json\/wp\/v2\/types\/product"}],"replies":[{"embeddable":true,"href":"https:\/\/seaandsea.eu\/nb\/wp-json\/wp\/v2\/comments?post=331"}],"wp:featuredmedia":[{"embeddable":true,"href":"https:\/\/seaandsea.eu\/nb\/wp-json\/wp\/v2\/media\/1278"}],"wp:attachment":[{"href":"https:\/\/seaandsea.eu\/nb\/wp-json\/wp\/v2\/media?parent=331"}],"wp:term":[{"taxonomy":"product_cat","embeddable":true,"href":"https:\/\/seaandsea.eu\/nb\/wp-json\/wp\/v2\/product_cat?post=331"},{"taxonomy":"product_tag","embeddable":true,"href":"https:\/\/seaandsea.eu\/nb\/wp-json\/wp\/v2\/product_tag?post=331"}],"curies":[{"name":"wp","href":"https:\/\/api.w.org\/{rel}","templated":true}]}}