{"id":387,"date":"2024-02-16T08:14:14","date_gmt":"2024-02-16T07:14:14","guid":{"rendered":"https:\/\/eager-benz.45-82-188-209.plesk.page\/product\/lcd-monitor-hood-with-lens-52121\/"},"modified":"2024-04-18T12:08:10","modified_gmt":"2024-04-18T10:08:10","slug":"lcd-monitor-hood-with-lens","status":"publish","type":"product","link":"https:\/\/seaandsea.eu\/nb\/produkt\/lcd-skjermhette-med-objektiv\/","title":{"rendered":"LCD-skjermhette med objektiv"},"content":{"rendered":"","protected":false},"excerpt":{"rendered":"<p>LCD-skjermhette med objektiv<br \/>\nProdukt nr. 52121<\/p>\n<p>Panseret festes til LCD-skjermen p\u00e5 et kompakt digitalkamerahus. Panseret reduserer lys og refleksjoner og s\u00f8rger for klare bilder av LCD-skjermen fra hj\u00f8rne til hj\u00f8rne. Objektivet har et antirefleksbelegg som ytterligere reduserer un\u00f8dvendige reflekser og gjenskinn. Ideelt for deg som \u00f8nsker et st\u00f8rre og klarere bilde av LCD-skjermen.<\/p>\n<p><strong>Spesifikasjoner<\/strong><br \/>\n<span title=\"\">Kompatibel modell: MDX-RX100III, MDX-RX100\/II, MDX-GRD IV, DX-GE5<\/span><br \/>\n<span title=\"\">Kompatibel st\u00f8rrelse LCD-skjerm: Ca.<\/span> <span title=\"\">62x47 mm \/ 2,4\u00d71,9 tommer<\/span><br \/>\n<span title=\"\">Vekt Ca.<\/span> <span title=\"\">123 g \/ 4,3 oz<\/span><br \/>\n<span title=\"\">Dimensjoner (DIAxD): ca.<\/span> <span title=\"\">84x85x67 mm \/ 3,3\u00d73,3\u00d72,6 tommer<\/span><\/p>","protected":false},"featured_media":388,"comment_status":"closed","ping_status":"closed","template":"","meta":{"_acf_changed":false},"product_cat":[44,231],"product_tag":[38],"class_list":{"0":"post-387","1":"product","2":"type-product","3":"status-publish","4":"has-post-thumbnail","6":"product_cat-accessoires","7":"product_cat-lenses-and-accessories","8":"product_tag-sea-sea","10":"first","11":"instock","12":"product-type-simple"},"acf":[],"_links":{"self":[{"href":"https:\/\/seaandsea.eu\/nb\/wp-json\/wp\/v2\/product\/387","targetHints":{"allow":["GET"]}}],"collection":[{"href":"https:\/\/seaandsea.eu\/nb\/wp-json\/wp\/v2\/product"}],"about":[{"href":"https:\/\/seaandsea.eu\/nb\/wp-json\/wp\/v2\/types\/product"}],"replies":[{"embeddable":true,"href":"https:\/\/seaandsea.eu\/nb\/wp-json\/wp\/v2\/comments?post=387"}],"wp:featuredmedia":[{"embeddable":true,"href":"https:\/\/seaandsea.eu\/nb\/wp-json\/wp\/v2\/media\/388"}],"wp:attachment":[{"href":"https:\/\/seaandsea.eu\/nb\/wp-json\/wp\/v2\/media?parent=387"}],"wp:term":[{"taxonomy":"product_cat","embeddable":true,"href":"https:\/\/seaandsea.eu\/nb\/wp-json\/wp\/v2\/product_cat?post=387"},{"taxonomy":"product_tag","embeddable":true,"href":"https:\/\/seaandsea.eu\/nb\/wp-json\/wp\/v2\/product_tag?post=387"}],"curies":[{"name":"wp","href":"https:\/\/api.w.org\/{rel}","templated":true}]}}