{"id":397,"date":"2024-02-16T08:14:14","date_gmt":"2024-02-16T07:14:14","guid":{"rendered":"https:\/\/eager-benz.45-82-188-209.plesk.page\/product\/mdx-r-behuizing-voor-canon-eos-r-06190\/"},"modified":"2024-04-18T12:09:06","modified_gmt":"2024-04-18T10:09:06","slug":"mdx-r-behuizing-voor-canon-eos-r","status":"publish","type":"product","link":"https:\/\/seaandsea.eu\/nb\/produkt\/mdx-r-hus-for-canon-eos-r\/","title":{"rendered":"MDX-R-hus for Canon EOS R"},"content":{"rendered":"","protected":false},"excerpt":{"rendered":"<p><span class=\"tlid-translation translation\" lang=\"nl\">Undervannskoffert for Canon EOS R<\/span><\/p>\n<p>MDX-R (svart) (kun hus)<br \/>\nProdukt nr. 06190<\/p>\n<p>Toppmoderne hus for det speill\u00f8se fullformatkameraet Canon EOS R. Kompakt, kompatibelt med den optiske YS-konverteren og ergonomisk utformet.<\/p>\n<p><strong>Funksjoner<\/strong><br \/>\nDesignet for \u00e5 v\u00e6re kompakt og lett.<br \/>\nHusene utnytter det speill\u00f8se kameraets kompakte design og lave vekt, og er designet for \u00e5 forbedre disse egenskapene. Sammenlignet med speilreflekskamerahuset MDX-5D Mark lV er MDX-R 100 g \/ 3,5 oz lettere p\u00e5 land.<\/p>\n<p>Porter og gir for SLX-skap i MDX-serien kan brukes.<br \/>\nMDX-R er kompatibel med systemkortet for speilreflekshus i MDX-serien. Du kan bruke EF-objektiver med fatningsadapter og porter\/utstyr for hus i MDX-serien.<\/p>\n<p>Portsystemkort<br \/>\nKompatibel med optisk YS-konverter C\/R (forel\u00f8pig navn). TTL-blits mulig.<br \/>\nDen nye optiske YS-konverteren C\/R*, som konverterer TTL-signalet fra kameraets hot shoe til et LED-lyssignal, er tilgjengelig som tilleggsutstyr. Konvertereren gj\u00f8r det mulig \u00e5 fotografere b\u00e5de med TTL og manuell eksponering.<\/p>\n<p>* Utvikler for tiden ny fastvare.<br \/>\nDesignet for objektiver med RF-fatning.<br \/>\nFokus-\/zoomhjulet har to gir, ett dedikert til objektiver med RF-fatning.<br \/>\nKameraets \u00f8verste kontrollpanel er synlig.<br \/>\nDet er ogs\u00e5 blitt integrert et vindu for kameraets \u00f8verste kontrollpanel. Ettersom lysstyrken p\u00e5 kameraets \u00f8verste kontrollpanel har \u00f8kt, er synligheten n\u00e5 betydelig forbedret.<\/p>\n<p>Andre funksjoner i MDX-R<br \/>\n- Portl\u00e5sen forhindrer at porten roterer eller l\u00f8sner, og Port Lock-spaken er spesielt plassert for \u00e5 forhindre utilsiktet oppl\u00e5sing.<br \/>\n-Huset har en objektivl\u00e5seknapp som gj\u00f8r det enkelt \u00e5 skifte objektiv uten \u00e5 \u00e5pne huset.<br \/>\n- Ved \u00e5 trekke ut fokus-\/zoomknappen f\u00e5r du nok plass i huset til at du enkelt kan bruke objektiver med st\u00f8rre diameter.<br \/>\n- Alle kontrollene har Glow in the dark-klistremerker som lyser opp i m\u00f8rke omgivelser.<br \/>\n- Utstyrt med den optiske s\u00f8keren 0,5x som standard. Andre valgfrie s\u00f8kere, som den optiske s\u00f8keren 0,66x og 0,8x, kan brukes.<br \/>\n\u203b Noe vignettering forekommer. N\u00e5r VF45 og VF180 1,2x er montert p\u00e5 huset, kan hj\u00f8rnene p\u00e5 kameras\u00f8keren ikke sees p\u00e5 grunn av vignettering.<br \/>\n- Synkroniseringskabel med 2-pinners kontakt gj\u00f8r det mulig \u00e5 bruke en vanlig kablet synkroniseringskabel (kun manuell modus).<br \/>\n- Utstyrt med to offerdioder av sink (\u00e9n foran og \u00e9n bak) for \u00e5 forhindre skader for\u00e5rsaket av elektrolyse.<br \/>\n- Har underbeskyttelse for \u00e5 beskytte mot riper.<\/p>\n<p><strong>Spesifikasjoner<\/strong><br \/>\nMDX-R<br \/>\n[Konstruksjon] Karosseri: korrosjonsbestandig aluminiumslegering (maskinbearbeidet)<br \/>\nH\u00e5ndtak: korrosjonsbestandig st\u00f8pt aluminiumslegering<br \/>\n[Dybdeklassifisering] 100m \/ 330ft<br \/>\n[M\u00e5l (BxHxD)] 342 x 174 x 159 mm \/ 13,5 x 6,9 x 6,3 tommer<br \/>\n[Vekt] Ca. 2900 g (kun kabinett)<\/p>\n<p>Portdiagram: <a href=\"http:\/\/www.seaandsea.jp\/products\/system_chart\/mdx_canon.html\">http:\/\/www.seaandsea.jp\/products\/system_chart\/mdx_canon.html<\/a><\/p>","protected":false},"featured_media":398,"comment_status":"closed","ping_status":"closed","template":"","meta":{"_acf_changed":false},"product_cat":[150],"product_tag":[151,152,153,235,236,38],"class_list":{"0":"post-397","1":"product","2":"type-product","3":"status-publish","4":"has-post-thumbnail","6":"product_cat-behuizingen","7":"product_tag-behuizing","8":"product_tag-camera","9":"product_tag-camerabehuizing","10":"product_tag-canon-eos-r","11":"product_tag-onderbehuizing","12":"product_tag-sea-sea","14":"first","15":"instock","16":"product-type-simple"},"acf":[],"_links":{"self":[{"href":"https:\/\/seaandsea.eu\/nb\/wp-json\/wp\/v2\/product\/397","targetHints":{"allow":["GET"]}}],"collection":[{"href":"https:\/\/seaandsea.eu\/nb\/wp-json\/wp\/v2\/product"}],"about":[{"href":"https:\/\/seaandsea.eu\/nb\/wp-json\/wp\/v2\/types\/product"}],"replies":[{"embeddable":true,"href":"https:\/\/seaandsea.eu\/nb\/wp-json\/wp\/v2\/comments?post=397"}],"wp:featuredmedia":[{"embeddable":true,"href":"https:\/\/seaandsea.eu\/nb\/wp-json\/wp\/v2\/media\/398"}],"wp:attachment":[{"href":"https:\/\/seaandsea.eu\/nb\/wp-json\/wp\/v2\/media?parent=397"}],"wp:term":[{"taxonomy":"product_cat","embeddable":true,"href":"https:\/\/seaandsea.eu\/nb\/wp-json\/wp\/v2\/product_cat?post=397"},{"taxonomy":"product_tag","embeddable":true,"href":"https:\/\/seaandsea.eu\/nb\/wp-json\/wp\/v2\/product_tag?post=397"}],"curies":[{"name":"wp","href":"https:\/\/api.w.org\/{rel}","templated":true}]}}