{"id":399,"date":"2024-02-16T08:14:14","date_gmt":"2024-02-16T07:14:14","guid":{"rendered":"https:\/\/eager-benz.45-82-188-209.plesk.page\/product\/sea-sea-dx-6g-basic-set-06668\/"},"modified":"2024-04-18T12:06:57","modified_gmt":"2024-04-18T10:06:57","slug":"sea-sea-dx-6g-basic-set","status":"publish","type":"product","link":"https:\/\/seaandsea.eu\/nb\/produkt\/sea-sea-dx-6g-basissett\/","title":{"rendered":"Sea &amp; Sea DX-6G Basic-sett"},"content":{"rendered":"<p>Et t\u00f8ft, robust dykker- og allroundkamera for utend\u00f8rs bruk.<\/p>\n<p>At japanere ikke liker halve l\u00f8sninger, er allerede velkjent. For det japanske selskapet Sea &amp; Sea gjelder naturligvis det samme! Sea &amp; Sea's nye kompaktkamera DX-6G ser ikke bare kult ut, men er ogs\u00e5 av sv\u00e6rt god kvalitet! DX-6G har en knivskarp CMOS-bildesensor p\u00e5 16 megapiksler, som tar flotte bilder og filmer i Full HD selv under vanskelige lysforhold. Batteriet har en brukstid p\u00e5 ca. 300 bilder eller over 4 timer i standby, noe som er nok til to dykk. Huset er garantert vanntett ned til 55 meters dybde, har et godt grep og er enkelt \u00e5 betjene.<\/p>\n<p>Dette kameraet har selvf\u00f8lgelig alt du forventer av et kompaktkamera for voksne, men bare litt mer!<br \/>\nDermed er ikke bare huset vanntett, men ogs\u00e5 kameraet inni er garantert vanntett opp til 14 meter. Kameraet er dessuten knusningssikkert opp til 100 kg og fallsikkert opp til 1,6 meter. Og det er jo bra, for da vil kameraet fortsette \u00e5 fungere, selv om du skulle v\u00e6re s\u00e5 uheldig \u00e5 f\u00e5 vann i huset eller miste det ut av hendene.<br \/>\nSelve kameraet er utstyrt med en CMOS-sensor p\u00e5 16 megapiksler som gir knivskarpe bilder selv under vanskelige lysforhold. Kameraet har ogs\u00e5 en Full HD-filmfunksjon p\u00e5 1920\/30 bilder per sekund, slow motion og timelapse-funksjon.<\/p>\n<p>DX-6G er sv\u00e6rt anvendelig under vann, og er utstyrt med en mikroskopisk makroinnstilling som gj\u00f8r at du kan ta bilder med kameraet i skarp fokus opptil 1 cm fra motivet. Det er nesten opp mot objektivet! Og det er uten valgfrie konverterobjektiver! Selv de minste motivene er n\u00e5 i skarp fokus! For \u00e5 la lyset fra den interne blitsen falle s\u00e5 vakkert som mulig p\u00e5 motivet, f\u00f8lger det med en ringdiffusor som standard, som du kan klikke p\u00e5 og ta av fra huset under vann.<\/p>\n<p>Sea &amp; Sea DX-6G-kameraet har et spesielt undervannsprogram for \u00e5 redusere for mye bl\u00e5tt lys p\u00e5 bildene. Manuell hvitbalanseinnstilling og EV-korreksjon fra -2 til +2 i 1\/3<sup>e<\/sup>\u00a0trinn. Du kan stille inn ISO-lysf\u00f8lsomheten til automatisk eller manuell fra 125 til 6400.<\/p>\n<p>DX-6G-kameraet leveres som standard med et 28 mm objektiv med 5x zoom og 7x digital zoom. Som ekstrautstyr kan et Sea &amp; Sea vidvinkelkonverterobjektiv WCL06 SS (#52152) klikkes p\u00e5 huset med en faktor p\u00e5 0,6x for \u00e5 \u00f8ke synsfeltet til ca. 16 mm. Objektivet kan plasseres p\u00e5 huset under vann p\u00e5 et \u00f8yeblikk og fjernes like enkelt igjen. En objektivholder (#5212121) er tilgjengelig som tilleggsutstyr for sikker oppbevaring av objektivet under vann.<br \/>\nDerfor er en LCD-skjermhette med objektiv (#52121) ogs\u00e5 tilgjengelig som tilbeh\u00f8r. Denne plasseres p\u00e5 baksiden av kabinettet. Den reduserer refleksjonen av innkommende lys p\u00e5 skjermen og har en linse som forst\u00f8rrer skjermen, slik at det blir lettere \u00e5 lese skjermen under vann. Dette gj\u00f8r det mye enklere \u00e5 fotografere med DX-6G-settet.<\/p>\n<p>Det separate DX-6G-kameraet kan ogs\u00e5 brukes utmerket uten kamerahuset, for eksempel som et allround feriekamera. Med 25 forh\u00e5ndsprogrammerte scenemodusinnstillinger f\u00e5r du alltid det beste bildet i alle tenkelige situasjoner. Dette kan velges automatisk av kameraet, eller du kan stille det inn selv.<br \/>\nDet er vanntett, fukt-, sand- og st\u00f8vbestandig og t\u00e5ler en st\u00f8yt. Et kamera du faktisk kan ha med deg til enhver tid.<\/p>\n<p>Som ekstrautstyr har Sea &amp; Sea DX-6G et selfieverkt\u00f8y som gir det beste selfieresultatet, samt en \"Smile detection\" som s\u00f8rger for at bildet tas i det \u00f8yeblikket personen p\u00e5 bildet smiler. Etterp\u00e5 kan portrettene til og med gj\u00f8res litt slankere med funksjonen \"face smaller\".<\/p>\n<p>Du kan spille av opptakene direkte p\u00e5 TV-en via en HDMI-kabel (ekstrautstyr), eller hvis du bruker et Flash-Air SD-minnekort (Eye-Fi) (fortrinnsvis fra Toshiba), kan du koble deg tr\u00e5dl\u00f8st til et nettbrett eller en smarttelefon for \u00e5 overf\u00f8re opptakene.<br \/>\nDX-6G bruker alle moderne standard SD-kort. Wi-Fi-funksjonen fungerer bare med et \"Wi-Fi-kort\" som Flash Air eller EyeFi.<\/p>\n<p>Ekstra eksponering er en n\u00f8dvendighet under vann. Derfor kan du enkelt supplere DX-6G med Sea &amp; Sea YS-03 DTTL-blitssett. Denne blitsenheten m\u00e5ler automatisk lysmengden i omgivelsene og effekten fra den interne blitsen, og justerer blitslysmengden deretter. Dermed har du alltid riktig mengde lys p\u00e5 bildene dine. Kameraet DX-6G takler ogs\u00e5 den tyngre blitsen Sea &amp; Sea YS-D2 godt. Huset har to tilkoblinger for en optisk fiberkabel som gj\u00f8r det mulig \u00e5 styre opptil to blitser samtidig. En deflektor er montert i huset for \u00e5 sikre at kameraets lommelykt kan drive blitsene riktig i blitskabeltilkoblingen.<br \/>\n<em>*Blitsen YS-01 kan ikke brukes med dette kamerasettet.<\/em><\/p>\n<p>P\u00e5 toppen av huset er det en kaldskosokkel der du kan sette inn et tilbeh\u00f8r som for eksempel Sea &amp; Sea Hot Shoe-armen (#29501) eller Sea Arm SA8 Ball Base Accessory Shoe (#22139). P\u00e5 denne m\u00e5ten kan du for eksempel plassere et ekstra lys, fokuslys, videolys eller blits p\u00e5 huset.<\/p>\n<p><strong>\u00a0<\/strong><strong>#06668 Sea &amp; Sea DX-6G Basic Set<\/strong> \u00a0\u00a0\u00a0\u00a0\u00a0\u00a0\u00a0 \u00a0\u20ac 599,&#8211;<\/p>\n<p><strong>Begrenset tilgjengelighet<\/strong><\/p>\n<p>I settet:<br \/>\nKamera DX-6G<br \/>\nUndervannshus DX-6G<br \/>\nMakro ringdiffusor<br \/>\nUSB-ladekabel<br \/>\nOppladbart batteri<br \/>\nEngelsk brukerh\u00e5ndbok<br \/>\nBrukerveiledning og garantikort<\/p>\n<p><strong><u>Valgfritt tilbeh\u00f8r:<\/u><\/strong><\/p>\n<p>62169 DX-6G O-ringsett (fett ikke inkludert)<br \/>\n54104 Reservebatteri for DX-6G<br \/>\n52152 WCL06 SS (bajonett)<br \/>\n60104 Objektivholder for WC L06 SS<br \/>\n62168 Fuktighetspakke OZO (5-pakning)<br \/>\n52121 LCD-skjermhette med objektiv<br \/>\n22139 SA8 Kulefot for tilbeh\u00f8rssko II<br \/>\n29501 Hot Arm Shoe<\/p>\n<p><strong><u>SEA &amp; SEA DX-6G-kameraets spesifikasjoner\u00a0<\/u><\/strong><\/p>\n<p><strong>Objektiv<\/strong>:<br \/>\nFokusfj\u00e6r: 11 elementer i 9 grupper (5 asf\u00e6riske elementer)<br \/>\n(i 35 mm ekvivalent) Omtrent 28 - 140 mm<\/p>\n<p><strong>Maksimal blender\u00e5pning<\/strong>:<br \/>\nF3,5(W) - F5,5(T)<\/p>\n<p><strong>Zoom:<\/strong><strong><br \/>\n<\/strong>Optisk zoom 5x<br \/>\nDigital zoom ca. 7,2 ganger<br \/>\nIntelligent zoom Ca. 7,5X ved 7M, ca. 36X ved 640 (inkludert optisk zoom)<\/p>\n<p><strong>Reduksjon av bevegelse:<\/strong><br \/>\nFoto: \"Pixel Track SR Hi-sensitivity anti-rystingsmodus (Digital SR)\"<br \/>\nVideo:  Reduksjon av filmrystelser (Movie SR)<\/p>\n<p><strong>Fokus<\/strong>:<br \/>\nType: 9-punkts AF, Spot AF, Auto tracking AF<\/p>\n<p><strong>Fokusomr\u00e5de<\/strong>:<br \/>\nStandard: 0,5 m - uendelig (hele zoomomr\u00e5det)<br \/>\nMakro: 0,1 - 0,6 m (hele zoomomr\u00e5det)<br \/>\n1 cm makro: 0,01 - 0,3 m (zoom i midtposisjon)<br \/>\nUendelig i landskap, Pan Focus,<br \/>\nManuell fokus: tilgjengelig<\/p>\n<p><strong>Ansiktsgjenkjenning<\/strong>AF&amp;AE-ansiktsgjenkjenning er tilgjengelig i alle innstillinger, opptil maksimalt 32 ansikter samtidig. Smileopptak, selvportrettassistanse, selvportrettassistanse + smilopptak, blunkdeteksjon<\/p>\n<p><strong>Anerkjennelse av kj\u00e6ledyr:<\/strong><br \/>\nRegistrerer opptil 1 kj\u00e6ledyr om gangen. (automatisk)<\/p>\n<p><strong>Effektive piksler:<\/strong><br \/>\nOmtrent 16 megapiksler<\/p>\n<p><strong>Bildesensor:<\/strong><br \/>\n1\/2,3\u2033 CMOS<\/p>\n<p><strong>Antall opptakspiksler<\/strong><br \/>\n<u>Foto<\/u>\u00a016M(4608 x 3456), 12M(1:1)(3456 x 3456), 12M(16:9)(4608 x 2592), 7M(3072 x 2304), 5M(16:9)(3072 x 1728), 5M(2592 x 1944), 4M(16:9)(2592 x 1464), 3M(2048 x 1536), 2M(16:9)(1920 x 1080), 1024(1024 x 768), 640(640 x 480)<\/p>\n<p>* I Digital Microscope-modus er antall piksler som tas opp, satt til 2M (1920\u00d71080).<br \/>\n* I kontinuerlig opptaksmodus (H\u00f8y) er antall piksler som tas opp satt til 5M (1600\u00d71200) eller 4M (2592\u00d71464) per bilde.<br \/>\n* I rapportmodus kan du velge mellom 3M (2048 x 1536), 2M (1600 x 1200) eller 1280 (1280 x 960).<br \/>\n* I Original Frame-modus er innspilte piksler fastsatt til enten 5M (2592 x 1944) eller 4M (2592 x 1464).<\/p>\n<p><u>Video<\/u>\u00a0\u00a0\u00a0 1920 (1920 x 1080): ca. 30 bilder per sekund, 1280 (1280 x 720): ca. 60\/30 bilder per sekund<\/p>\n<p><strong>ISO-f\u00f8lsomhet<\/strong>:<br \/>\nAUTO, Manuell (ISO 125 - 6400)<\/p>\n<p><strong>Hvitbalanse:<\/strong><br \/>\nAuto, Dagslys, Skygge, Fluorescerende lys (D:Dagslys farge, N:Dagslys hvit, (W:Hvitt lys), Manuell<\/p>\n<p><strong>Visning<\/strong>:<br \/>\n2,7\u2033 Wide LCD, ca. 230 000 piksler, antirefleksbelagt deksel<\/p>\n<p><strong>M\u00e5lesystem for eksponeringsm\u00e5ling:<\/strong><br \/>\nMultippelm\u00e5ling, sentervektet m\u00e5ling, punktm\u00e5ling.<\/p>\n<p><strong>Eksponeringskompensasjon:<\/strong><br \/>\n\u00b1 2EV ( 1\/3EV-trinn)<\/p>\n<p><strong>Scene-moduser:<\/strong><br \/>\nAutomatisk bilde, Program, HDR, H\u00e5ndholdt nattopptak, Film, H\u00f8yhastighetsfilm, Digitalt mikroskop, Landskap, Blomst, Portrett, Undervann, Undervannsfilm, Intervallbilde, Intervallfilm, Surfing og sn\u00f8, Barn, Kj\u00e6ledyr, Sport, Nattscene, Nattsceneportrett, Fyrverkeri, Mat, Digital SR, Rapport, Gr\u00f8nn<\/p>\n<p><strong>Avspillingsmodus:<\/strong><br \/>\nLysbildefremvisning, bilderotasjon, filter for sm\u00e5 ansikter, blekkfilter, collage, digitalt filter (svart \/ hvitt \/ sepia, leket\u00f8yskamera, retro, farge, ekstraktfarge, fargefokus, h\u00f8y kontrast, stjerneskudd, myk, fiske\u00f8ye, lysstyrke, miniatyr), HDR-filter, originalramme, filmredigering, redigering av r\u00f8de \u00f8yne, endring av st\u00f8rrelse, beskj\u00e6ring, bildekopiering, beskyttelse, oppstartsskjerm<\/p>\n<p><strong>Lukkerhastighet:<\/strong><br \/>\n1\/4000 - 1\/4 sek (mekanisk og elektronisk lukker), opptil 4 sek (i nattinnstilling)<\/p>\n<p><strong>Intern blits<\/strong>:<br \/>\nModus Blits p\u00e5 - blits av - \"R\u00f8de \u00f8yne\" med forh\u00e5ndsblits.<\/p>\n<p><strong>Rekkeviddeblits:<\/strong><strong><br \/>\n<\/strong>Vidvinkel: Omtrent 0,2 - 5,5 m. (ISO Auto)<br \/>\nTele: ca. 0,2 - 3,5 m (ISO Auto) \"<\/p>\n<p><strong>Kj\u00f8remoduser<\/strong>:<br \/>\nEnkeltbilde, Selvutl\u00f8ser, Serieopptak, Serieopptak, Fjernkontroll, Automatisk bracketing<\/p>\n<p><strong>Hukommelse<\/strong>:<br \/>\nInnebygd minne ca. 68 MB, valgfritt: standard SD\/SDHC\/SDXC-minnekort eller Eye-Fi-kort\"<\/p>\n<p><strong>Ern\u00e6ring<\/strong>:<br \/>\nOppladbart litium-ion-batteri 3,7 V 925 mAh (min. 880 mAh)<\/p>\n<p><strong>Bruk av batteri:<\/strong><br \/>\nFoto: ca. 300 bilder (oppladbart litium-ion-batteri)<br \/>\nStandby: ca. 260 min (oppladbart litium-ion-batteri)\"<\/p>\n<p><strong>Grensesnitt:<\/strong><br \/>\nUSB2.0 (Micro-B), HDMI-utgangsterminal (type D)<\/p>\n<p><strong>Vanntett og st\u00f8vtett:<\/strong><br \/>\nI samsvar med JIS klasse 8 vanntett og JIS klasse 6 st\u00f8vtett<\/p>\n<p><strong>Dimensjoner:<\/strong><br \/>\nOmtrent: 122,5 (B) x 61,5 (H) x 29,5 (D) mm<\/p>\n<p><strong>Vekt<\/strong>:<br \/>\nMed batteri og SD-kort ca. 193 g<br \/>\nKropp Ca. 173 g (uten batteri og SD-kort)<\/p>\n<p><strong>Annet:<\/strong><strong><br \/>\n<\/strong>* Intelligent zoom er ikke tilgjengelig i \"Rapportmodus\"<br \/>\n* Vanntett 14 meter i 2 timer<br \/>\n* St\u00f8tsikker opp til 1,6 meter<br \/>\n* Driftstemperatur -10 \u2103 til 40 \u2103<br \/>\n* Eye-Fi-kompatibel<br \/>\n* Makro-hjelpebelysning<br \/>\n* Funksjon for endring av mappenavn st\u00f8ttes<br \/>\n* HDMI Type D-port (mikro)<br \/>\n* Kompatibel med fjernkontroll<\/p>\n<p><em>**Ingen rettigheter kan utledes av alle de ovennevnte tekstene og gjelder i skrivende stund. P\u00e5 grunn av force majeure kan for eksempel innholdet i emballasjen variere, eller spesifikasjonene kan variere uten varsel.<\/em><\/p>","protected":false},"excerpt":{"rendered":"<p>Et t\u00f8ft, robust dykker- og allroundkamera for utend\u00f8rs bruk.<\/p>\n<p>At japanere ikke liker halve l\u00f8sninger, er allerede velkjent. For det japanske selskapet Sea &amp; Sea gjelder naturligvis det samme! Sea &amp; Sea's nye kompaktkamera DX-6G ser ikke bare kult ut, men er ogs\u00e5 av sv\u00e6rt god kvalitet! DX-6G har en knivskarp CMOS-bildesensor p\u00e5 16 megapiksler, som tar flotte bilder og filmer i Full HD selv under vanskelige lysforhold. Batteriet har en brukstid p\u00e5 ca. 300 bilder eller over 4 timer i standby, noe som er nok til to dykk. Huset er garantert vanntett ned til 55 meters dybde, har et godt grep og er enkelt \u00e5 betjene.<\/p>\n<p>Dette kameraet har selvf\u00f8lgelig alt du forventer av et kompaktkamera for voksne, men bare litt mer!<br \/>\nDermed er ikke bare huset vanntett, men ogs\u00e5 kameraet inni er garantert vanntett opp til 14 meter. Kameraet er dessuten knusningssikkert opp til 100 kg og fallsikkert opp til 1,6 meter. Og det er jo bra, for da vil kameraet fortsette \u00e5 fungere, selv om du skulle v\u00e6re s\u00e5 uheldig \u00e5 f\u00e5 vann i huset eller miste det ut av hendene.<br \/>\nSelve kameraet er utstyrt med en CMOS-sensor p\u00e5 16 megapiksler som gir knivskarpe bilder selv under vanskelige lysforhold. Kameraet har ogs\u00e5 en Full HD-filmfunksjon p\u00e5 1920\/30 bilder per sekund, slow motion og timelapse-funksjon.<\/p>\n<p>DX-6G er sv\u00e6rt anvendelig under vann, og er utstyrt med en mikroskopisk makroinnstilling som gj\u00f8r at du kan ta bilder med kameraet i skarp fokus opptil 1 cm fra motivet. Det er nesten opp mot objektivet! Og det er uten valgfrie konverterobjektiver! Selv de minste motivene er n\u00e5 i skarp fokus! For \u00e5 la lyset fra den interne blitsen falle s\u00e5 vakkert som mulig p\u00e5 motivet, f\u00f8lger det med en ringdiffusor som standard, som du kan klikke p\u00e5 og ta av fra huset under vann.<\/p>\n<p>Sea &amp; Sea DX-6G-kameraet har et spesielt undervannsprogram for \u00e5 redusere for mye bl\u00e5tt lys p\u00e5 bildene. Manuell hvitbalanseinnstilling og EV-korreksjon fra -2 til +2 i 1\/3<sup>e<\/sup>\u00a0trinn. Du kan stille inn ISO-lysf\u00f8lsomheten til automatisk eller manuell fra 125 til 6400.<\/p>\n<p>DX-6G-kameraet leveres som standard med et 28 mm objektiv med 5x zoom og 7x digital zoom. Som ekstrautstyr kan et Sea &amp; Sea vidvinkelkonverterobjektiv WCL06 SS (#52152) klikkes p\u00e5 huset med en faktor p\u00e5 0,6x for \u00e5 \u00f8ke synsfeltet til ca. 16 mm. Objektivet kan plasseres p\u00e5 huset under vann p\u00e5 et \u00f8yeblikk og fjernes like enkelt igjen. En objektivholder (#5212121) er tilgjengelig som tilleggsutstyr for sikker oppbevaring av objektivet under vann.<br \/>\nDerfor er en LCD-skjermhette med objektiv (#52121) ogs\u00e5 tilgjengelig som tilbeh\u00f8r. Denne plasseres p\u00e5 baksiden av kabinettet. Den reduserer refleksjonen av innkommende lys p\u00e5 skjermen og har en linse som forst\u00f8rrer skjermen, slik at det blir lettere \u00e5 lese skjermen under vann. Dette gj\u00f8r det mye enklere \u00e5 fotografere med DX-6G-settet.<\/p>\n<p>Det separate DX-6G-kameraet kan ogs\u00e5 brukes utmerket uten kamerahuset, for eksempel som et allround feriekamera. Med 25 forh\u00e5ndsprogrammerte scenemodusinnstillinger f\u00e5r du alltid det beste bildet i alle tenkelige situasjoner. Dette kan velges automatisk av kameraet, eller du kan stille det inn selv.<br \/>\nDet er vanntett, fukt-, sand- og st\u00f8vbestandig og t\u00e5ler en st\u00f8yt. Et kamera du faktisk kan ha med deg til enhver tid.<\/p>\n<p>Som ekstrautstyr har Sea &amp; Sea DX-6G et selfieverkt\u00f8y som gir det beste selfieresultatet, samt en \"Smile detection\" som s\u00f8rger for at bildet tas i det \u00f8yeblikket personen p\u00e5 bildet smiler. Etterp\u00e5 kan portrettene til og med gj\u00f8res litt slankere med funksjonen \"face smaller\".<\/p>\n<p>Du kan spille av opptakene direkte p\u00e5 TV-en via en HDMI-kabel (ekstrautstyr), eller hvis du bruker et Flash-Air SD-minnekort (Eye-Fi) (fortrinnsvis fra Toshiba), kan du koble deg tr\u00e5dl\u00f8st til et nettbrett eller en smarttelefon for \u00e5 overf\u00f8re opptakene.<br \/>\nDX-6G bruker alle moderne standard SD-kort. Wi-Fi-funksjonen fungerer bare med et \"Wi-Fi-kort\" som Flash Air eller EyeFi.<\/p>\n<p>Ekstra eksponering er en n\u00f8dvendighet under vann. Derfor kan du enkelt supplere DX-6G med Sea &amp; Sea YS-03 DTTL-blitssett. Denne blitsenheten m\u00e5ler automatisk lysmengden i omgivelsene og effekten fra den interne blitsen, og justerer blitslysmengden deretter. Dermed har du alltid riktig mengde lys p\u00e5 bildene dine. Kameraet DX-6G takler ogs\u00e5 den tyngre blitsen Sea &amp; Sea YS-D2 godt. Huset har to tilkoblinger for en optisk fiberkabel som gj\u00f8r det mulig \u00e5 styre opptil to blitser samtidig. En deflektor er montert i huset for \u00e5 sikre at kameraets lommelykt kan drive blitsene riktig i blitskabeltilkoblingen.<br \/>\n<em>*Blitsen YS-01 kan ikke brukes med dette kamerasettet.<\/em><\/p>\n<p>P\u00e5 toppen av huset er det en kaldskosokkel der du kan sette inn et tilbeh\u00f8r som for eksempel Sea &amp; Sea Hot Shoe-armen (#29501) eller Sea Arm SA8 Ball Base Accessory Shoe (#22139). P\u00e5 denne m\u00e5ten kan du for eksempel plassere et ekstra lys, fokuslys, videolys eller blits p\u00e5 huset.<\/p>\n<p><strong>\u00a0<\/strong><strong>#06668 Sea &amp; Sea DX-6G Basic Set<\/strong> \u00a0\u00a0\u00a0\u00a0\u00a0\u00a0\u00a0 \u00a0\u20ac 599,&#8211;<\/p>\n<p><strong>Leveringstid: Begrenset tilbud<\/strong><\/p>\n<p>I settet:<br \/>\nKamera DX-6G<br \/>\nUndervannshus DX-6G<br \/>\nMakro ringdiffusor<br \/>\nUSB-ladekabel<br \/>\nOppladbart batteri<br \/>\nEngelsk brukerh\u00e5ndbok<br \/>\nBrukerveiledning og garantikort<\/p>\n<p><strong><u>Valgfritt tilbeh\u00f8r:<\/u><\/strong><\/p>\n<p>62169 DX-6G O-ringsett (fett ikke inkludert)<br \/>\n54104 Reservebatteri for DX-6G<br \/>\n52152 WCL06 SS (bajonett)<br \/>\n60104 Objektivholder for WC L06 SS<br \/>\n62168 Fuktighetspakke OZO (5-pakning)<br \/>\n52121 LCD-skjermhette med objektiv<br \/>\n22139 SA8 Kulefot for tilbeh\u00f8rssko II<br \/>\n29501 Hot Arm Shoe<\/p>\n<p><strong><u>SEA &amp; SEA DX-6G-kameraets spesifikasjoner\u00a0<\/u><\/strong><\/p>\n<p><strong>Objektiv<\/strong>:<br \/>\nFokusfj\u00e6r: 11 elementer i 9 grupper (5 asf\u00e6riske elementer)<br \/>\n(i 35 mm ekvivalent) Omtrent 28 - 140 mm<\/p>\n<p><strong>Maksimal blender\u00e5pning<\/strong>:<br \/>\nF3,5(W) - F5,5(T)<\/p>\n<p><strong>Zoom:<\/strong><strong><br \/>\n<\/strong>Optisk zoom 5x<br \/>\nDigital zoom ca. 7,2 ganger<br \/>\nIntelligent zoom Ca. 7,5X ved 7M, ca. 36X ved 640 (inkludert optisk zoom)<\/p>\n<p><strong>Reduksjon av bevegelse:<\/strong><br \/>\nFoto: \"Pixel Track SR Hi-sensitivity anti-rystingsmodus (Digital SR)\"<br \/>\nVideo:  Reduksjon av filmrystelser (Movie SR)<\/p>\n<p><strong>Fokus<\/strong>:<br \/>\nType: 9-punkts AF, Spot AF, Auto tracking AF<\/p>\n<p><strong>Fokusomr\u00e5de<\/strong>:<br \/>\nStandard: 0,5 m - uendelig (hele zoomomr\u00e5det)<br \/>\nMakro: 0,1 - 0,6 m (hele zoomomr\u00e5det)<br \/>\n1 cm makro: 0,01 - 0,3 m (zoom i midtposisjon)<br \/>\nUendelig i landskap, Pan Focus,<br \/>\nManuell fokus: tilgjengelig<\/p>\n<p><strong>Ansiktsgjenkjenning<\/strong>AF&amp;AE-ansiktsgjenkjenning er tilgjengelig i alle innstillinger, opptil maksimalt 32 ansikter samtidig. Smileopptak, selvportrettassistanse, selvportrettassistanse + smilopptak, blunkdeteksjon<\/p>\n<p><strong>Anerkjennelse av kj\u00e6ledyr:<\/strong><br \/>\nRegistrerer opptil 1 kj\u00e6ledyr om gangen. (automatisk)<\/p>\n<p><strong>Effektive piksler:<\/strong><br \/>\nOmtrent 16 megapiksler<\/p>\n<p><strong>Bildesensor:<\/strong><br \/>\n1\/2,3\u2033 CMOS<\/p>\n<p><strong>Antall opptakspiksler<\/strong><br \/>\n<u>Foto<\/u>\u00a016M(4608 x 3456), 12M(1:1)(3456 x 3456), 12M(16:9)(4608 x 2592), 7M(3072 x 2304), 5M(16:9)(3072 x 1728), 5M(2592 x 1944), 4M(16:9)(2592 x 1464), 3M(2048 x 1536), 2M(16:9)(1920 x 1080), 1024(1024 x 768), 640(640 x 480)<\/p>\n<p>* I Digital Microscope-modus er antall piksler som tas opp, satt til 2M (1920\u00d71080).<br \/>\n* I kontinuerlig opptaksmodus (H\u00f8y) er antall piksler som tas opp satt til 5M (1600\u00d71200) eller 4M (2592\u00d71464) per bilde.<br \/>\n* I rapportmodus kan du velge mellom 3M (2048 x 1536), 2M (1600 x 1200) eller 1280 (1280 x 960).<br \/>\n* I Original Frame-modus er innspilte piksler fastsatt til enten 5M (2592 x 1944) eller 4M (2592 x 1464).<\/p>\n<p><u>Video<\/u>\u00a0\u00a0\u00a0 1920 (1920 x 1080): ca. 30 bilder per sekund, 1280 (1280 x 720): ca. 60\/30 bilder per sekund<\/p>\n<p><strong>ISO-f\u00f8lsomhet<\/strong>:<br \/>\nAUTO, Manuell (ISO 125 - 6400)<\/p>\n<p><strong>Hvitbalanse:<\/strong><br \/>\nAuto, Dagslys, Skygge, Fluorescerende lys (D:Dagslys farge, N:Dagslys hvit, (W:Hvitt lys), Manuell<\/p>\n<p><strong>Visning<\/strong>:<br \/>\n2,7\u2033 Wide LCD, ca. 230 000 piksler, antirefleksbelagt deksel<\/p>\n<p><strong>M\u00e5lesystem for eksponeringsm\u00e5ling:<\/strong><br \/>\nMultippelm\u00e5ling, sentervektet m\u00e5ling, punktm\u00e5ling.<\/p>\n<p><strong>Eksponeringskompensasjon:<\/strong><br \/>\n\u00b1 2EV ( 1\/3EV-trinn)<\/p>\n<p><strong>Scene-moduser:<\/strong><br \/>\nAutomatisk bilde, Program, HDR, H\u00e5ndholdt nattopptak, Film, H\u00f8yhastighetsfilm, Digitalt mikroskop, Landskap, Blomst, Portrett, Undervann, Undervannsfilm, Intervallbilde, Intervallfilm, Surfing og sn\u00f8, Barn, Kj\u00e6ledyr, Sport, Nattscene, Nattsceneportrett, Fyrverkeri, Mat, Digital SR, Rapport, Gr\u00f8nn<\/p>\n<p><strong>Avspillingsmodus:<\/strong><br \/>\nLysbildefremvisning, bilderotasjon, filter for sm\u00e5 ansikter, blekkfilter, collage, digitalt filter (svart \/ hvitt \/ sepia, leket\u00f8yskamera, retro, farge, ekstraktfarge, fargefokus, h\u00f8y kontrast, stjerneskudd, myk, fiske\u00f8ye, lysstyrke, miniatyr), HDR-filter, originalramme, filmredigering, redigering av r\u00f8de \u00f8yne, endring av st\u00f8rrelse, beskj\u00e6ring, bildekopiering, beskyttelse, oppstartsskjerm<\/p>\n<p><strong>Lukkerhastighet:<\/strong><br \/>\n1\/4000 - 1\/4 sek (mekanisk og elektronisk lukker), opptil 4 sek (i nattinnstilling)<\/p>\n<p><strong>Intern blits<\/strong>:<br \/>\nModus Blits p\u00e5 - blits av - \"R\u00f8de \u00f8yne\" med forh\u00e5ndsblits.<\/p>\n<p><strong>Rekkeviddeblits:<\/strong><strong><br \/>\n<\/strong>Vidvinkel: Omtrent 0,2 - 5,5 m. (ISO Auto)<br \/>\nTele: ca. 0,2 - 3,5 m (ISO Auto) \"<\/p>\n<p><strong>Kj\u00f8remoduser<\/strong>:<br \/>\nEnkeltbilde, Selvutl\u00f8ser, Serieopptak, Serieopptak, Fjernkontroll, Automatisk bracketing<\/p>\n<p><strong>Hukommelse<\/strong>:<br \/>\nInnebygd minne ca. 68 MB, valgfritt: standard SD\/SDHC\/SDXC-minnekort eller Eye-Fi-kort\"<\/p>\n<p><strong>Ern\u00e6ring<\/strong>:<br \/>\nOppladbart litium-ion-batteri 3,7 V 925 mAh (min. 880 mAh)<\/p>\n<p><strong>Bruk av batteri:<\/strong><br \/>\nFoto: ca. 300 bilder (oppladbart litium-ion-batteri)<br \/>\nStandby: ca. 260 min (oppladbart litium-ion-batteri)\"<\/p>\n<p><strong>Grensesnitt:<\/strong><br \/>\nUSB2.0 (Micro-B), HDMI-utgangsterminal (type D)<\/p>\n<p><strong>Vanntett og st\u00f8vtett:<\/strong><br \/>\nI samsvar med JIS klasse 8 vanntett og JIS klasse 6 st\u00f8vtett<\/p>\n<p><strong>Dimensjoner:<\/strong><br \/>\nOmtrent: 122,5 (B) x 61,5 (H) x 29,5 (D) mm<\/p>\n<p><strong>Vekt<\/strong>:<br \/>\nMed batteri og SD-kort ca. 193 g<br \/>\nKropp Ca. 173 g (uten batteri og SD-kort)<\/p>\n<p><strong>Annet:<\/strong><strong><br \/>\n<\/strong>* Intelligent zoom er ikke tilgjengelig i \"Rapportmodus\"<br \/>\n* Vanntett 14 meter i 2 timer<br \/>\n* St\u00f8tsikker opp til 1,6 meter<br \/>\n* Driftstemperatur -10 \u2103 til 40 \u2103<br \/>\n* Eye-Fi-kompatibel<br \/>\n* Makro-hjelpebelysning<br \/>\n* Funksjon for endring av mappenavn st\u00f8ttes<br \/>\n* HDMI Type D-port (mikro)<br \/>\n* Kompatibel med fjernkontroll<\/p>\n<p><em>**Ingen rettigheter kan utledes av alle de ovennevnte tekstene og gjelder i skrivende stund. P\u00e5 grunn av force majeure kan for eksempel innholdet i emballasjen variere, eller spesifikasjonene kan variere uten varsel.<\/em><\/p>","protected":false},"featured_media":400,"comment_status":"closed","ping_status":"closed","template":"","meta":{"_acf_changed":false},"product_cat":[27],"product_tag":[157,158,159,151,152,162,123,168,164,38,237],"class_list":{"0":"post-399","1":"product","2":"type-product","3":"status-publish","4":"has-post-thumbnail","6":"product_cat-geen-categorie","7":"product_tag-157","8":"product_tag-158","9":"product_tag-159","10":"product_tag-behuizing","11":"product_tag-camera","12":"product_tag-dx-6g","13":"product_tag-housing","14":"product_tag-onderwater","15":"product_tag-ricoh","16":"product_tag-sea-sea","17":"product_tag-underwater","19":"first","20":"instock","21":"product-type-simple"},"acf":[],"_links":{"self":[{"href":"https:\/\/seaandsea.eu\/nb\/wp-json\/wp\/v2\/product\/399","targetHints":{"allow":["GET"]}}],"collection":[{"href":"https:\/\/seaandsea.eu\/nb\/wp-json\/wp\/v2\/product"}],"about":[{"href":"https:\/\/seaandsea.eu\/nb\/wp-json\/wp\/v2\/types\/product"}],"replies":[{"embeddable":true,"href":"https:\/\/seaandsea.eu\/nb\/wp-json\/wp\/v2\/comments?post=399"}],"wp:featuredmedia":[{"embeddable":true,"href":"https:\/\/seaandsea.eu\/nb\/wp-json\/wp\/v2\/media\/400"}],"wp:attachment":[{"href":"https:\/\/seaandsea.eu\/nb\/wp-json\/wp\/v2\/media?parent=399"}],"wp:term":[{"taxonomy":"product_cat","embeddable":true,"href":"https:\/\/seaandsea.eu\/nb\/wp-json\/wp\/v2\/product_cat?post=399"},{"taxonomy":"product_tag","embeddable":true,"href":"https:\/\/seaandsea.eu\/nb\/wp-json\/wp\/v2\/product_tag?post=399"}],"curies":[{"name":"wp","href":"https:\/\/api.w.org\/{rel}","templated":true}]}}