{"id":413,"date":"2024-02-16T08:14:19","date_gmt":"2024-02-16T07:14:19","guid":{"rendered":"https:\/\/eager-benz.45-82-188-209.plesk.page\/product\/dome-diffuser-voor-ys-d3-28116\/"},"modified":"2024-04-19T16:30:56","modified_gmt":"2024-04-19T14:30:56","slug":"dome-diffuser-voor-ys-d3","status":"publish","type":"product","link":"https:\/\/seaandsea.eu\/nb\/produkt\/kuppeldiffusor-for-ys-d3\/","title":{"rendered":"Kuppeldiffusor for YS-D3"},"content":{"rendered":"","protected":false},"excerpt":{"rendered":"<p><strong>Kuppeldiffusor for YS-D3<br \/>\nProdukt nr. 28116<\/strong><\/p>\n<p>Den valgfrie kuppeldiffusoren \u00f8ker eksponeringsvinkelen til 170\u00b0\u00d7150\u00b0.  Denne diffusoren er et n\u00f8dvendig tilbeh\u00f8r n\u00e5r du fotograferer med vidvinkel- eller fiske\u00f8yeobjektiv. Eller bruk denne diffusoren n\u00e5r det er behov for mykere lys. Guidetallet reduseres med ca. -1,5 EV n\u00e5r diffusoren er montert p\u00e5 blitsen.<\/p>\n<p>Ved hjelp av bajonettkoblingen kan denne diffusoren enkelt monteres og demonteres p\u00e5 fronten av blitsen under vann p\u00e5 et \u00f8yeblikk. Diffusoren kan utstyres med en sikkerhetssnor mot tap.<\/p>","protected":false},"featured_media":1279,"comment_status":"closed","ping_status":"closed","template":"","meta":{"_acf_changed":false},"product_cat":[44,184],"product_tag":[251,246,143,146,168,38,147,148],"class_list":{"0":"post-413","1":"product","2":"type-product","3":"status-publish","4":"has-post-thumbnail","6":"product_cat-accessoires","7":"product_cat-flitser-accessoires","8":"product_tag-accessoires","9":"product_tag-duiken","10":"product_tag-flitser","11":"product_tag-fotografie","12":"product_tag-onderwater","13":"product_tag-sea-sea","14":"product_tag-sea-and-sea","15":"product_tag-sea-en-sea","17":"first","18":"instock","19":"featured","20":"product-type-simple"},"acf":[],"_links":{"self":[{"href":"https:\/\/seaandsea.eu\/nb\/wp-json\/wp\/v2\/product\/413","targetHints":{"allow":["GET"]}}],"collection":[{"href":"https:\/\/seaandsea.eu\/nb\/wp-json\/wp\/v2\/product"}],"about":[{"href":"https:\/\/seaandsea.eu\/nb\/wp-json\/wp\/v2\/types\/product"}],"replies":[{"embeddable":true,"href":"https:\/\/seaandsea.eu\/nb\/wp-json\/wp\/v2\/comments?post=413"}],"wp:featuredmedia":[{"embeddable":true,"href":"https:\/\/seaandsea.eu\/nb\/wp-json\/wp\/v2\/media\/1279"}],"wp:attachment":[{"href":"https:\/\/seaandsea.eu\/nb\/wp-json\/wp\/v2\/media?parent=413"}],"wp:term":[{"taxonomy":"product_cat","embeddable":true,"href":"https:\/\/seaandsea.eu\/nb\/wp-json\/wp\/v2\/product_cat?post=413"},{"taxonomy":"product_tag","embeddable":true,"href":"https:\/\/seaandsea.eu\/nb\/wp-json\/wp\/v2\/product_tag?post=413"}],"curies":[{"name":"wp","href":"https:\/\/api.w.org\/{rel}","templated":true}]}}