{"id":415,"date":"2024-02-16T08:14:19","date_gmt":"2024-02-16T07:14:19","guid":{"rendered":"https:\/\/eager-benz.45-82-188-209.plesk.page\/product\/snoot-voor-ys-d3-28115\/"},"modified":"2024-04-18T12:05:36","modified_gmt":"2024-04-18T10:05:36","slug":"snoot-voor-ys-d3-28115","status":"publish","type":"product","link":"https:\/\/seaandsea.eu\/nb\/produkt\/snute-for-ys-d3-28115\/","title":{"rendered":"Snute for YS-D3-serien"},"content":{"rendered":"","protected":false},"excerpt":{"rendered":"<p><strong>Snute for YS-D3<br \/>\nProdukt nr. 28115<\/strong><\/p>\n<p>Snoot-en innsnevrer eksponeringsvinkelen til YS-D3 for n\u00f8yaktig eksponering p\u00e5 et bestemt motiv. Snoot kan brukes i 2 seksjoner. Den smaleste \u00e5pningen er 25 mm. P\u00e5 innsiden av snoot'en er det et prisme som leder fokuslyset fra siktet\/fokuseringslampen til midten av snoot'en.<\/p>\n<p>Ved hjelp av bajonettkoblingen kan denne snuten, i stedet for diffusoren, enkelt monteres og demonteres p\u00e5 forsiden av blitsen under vann p\u00e5 et \u00f8yeblikk. Snoot kan utstyres med en sikkerhetssnor mot tap.<\/p>","protected":false},"featured_media":416,"comment_status":"closed","ping_status":"closed","template":"","meta":{"_acf_changed":false},"product_cat":[44,184],"product_tag":[246,143,146,168,252,38,147,148,253],"class_list":{"0":"post-415","1":"product","2":"type-product","3":"status-publish","4":"has-post-thumbnail","6":"product_cat-accessoires","7":"product_cat-flitser-accessoires","8":"product_tag-duiken","9":"product_tag-flitser","10":"product_tag-fotografie","11":"product_tag-onderwater","12":"product_tag-onderwaterwereld","13":"product_tag-sea-sea","14":"product_tag-sea-and-sea","15":"product_tag-sea-en-sea","16":"product_tag-snoot","18":"first","19":"instock","20":"product-type-simple"},"acf":[],"_links":{"self":[{"href":"https:\/\/seaandsea.eu\/nb\/wp-json\/wp\/v2\/product\/415","targetHints":{"allow":["GET"]}}],"collection":[{"href":"https:\/\/seaandsea.eu\/nb\/wp-json\/wp\/v2\/product"}],"about":[{"href":"https:\/\/seaandsea.eu\/nb\/wp-json\/wp\/v2\/types\/product"}],"replies":[{"embeddable":true,"href":"https:\/\/seaandsea.eu\/nb\/wp-json\/wp\/v2\/comments?post=415"}],"wp:featuredmedia":[{"embeddable":true,"href":"https:\/\/seaandsea.eu\/nb\/wp-json\/wp\/v2\/media\/416"}],"wp:attachment":[{"href":"https:\/\/seaandsea.eu\/nb\/wp-json\/wp\/v2\/media?parent=415"}],"wp:term":[{"taxonomy":"product_cat","embeddable":true,"href":"https:\/\/seaandsea.eu\/nb\/wp-json\/wp\/v2\/product_cat?post=415"},{"taxonomy":"product_tag","embeddable":true,"href":"https:\/\/seaandsea.eu\/nb\/wp-json\/wp\/v2\/product_tag?post=415"}],"curies":[{"name":"wp","href":"https:\/\/api.w.org\/{rel}","templated":true}]}}